{"id":15010,"date":"2019-08-12T11:47:46","date_gmt":"2019-08-12T09:47:46","guid":{"rendered":"https:\/\/waldis-ag.ch\/printing\/?post_type=product&#038;p=15010"},"modified":"2021-08-20T08:41:35","modified_gmt":"2021-08-20T06:41:35","slug":"imagerunner-advance-715i","status":"publish","type":"product","link":"https:\/\/waldis-ag.ch\/printing\/produkt\/imagerunner-advance-715i\/","title":{"rendered":"imageRUNNER ADVANCE 715i"},"content":{"rendered":"<p>[vc_row][vc_column][vc_empty_space height=&#8221;30px&#8221; el_class=&#8221;emptyspacepage&#8221;][vc_column_text]<\/p>\n<h4><strong>HIGHLIGHTS<\/strong><\/h4>\n<ul>\n<li>Druckgeschwindigkeit: 71 S\/W DIN A4-Seiten pro Minute<\/li>\n<li>Scangeschwindigkeit: 100 DIN A4 Seiten pro Minute<\/li>\n<li>25,6 cm grosses LCD-Display<\/li>\n<li>Eingabe-Papierkapazit\u00e4t: 3200 DIN A4 Seiten<\/li>\n<li>Formate DIN A4 und DIN A5<\/li>\n<li>Energiesparfunktion<\/li>\n<li>Konnektivit\u00e4t WLAN\/Smartphone<\/li>\n<\/ul>\n<p>[\/vc_column_text][\/vc_column][\/vc_row][vc_row][vc_column][vc_empty_space height=&#8221;30px&#8221; el_class=&#8221;emptyspacepage&#8221;]<a itemprop=\"url\" href=\"https:\/\/waldis-ag.ch\/printing\/wp-content\/uploads\/sites\/7\/2021\/08\/636790107607857717AL_imagerunner-advance-525-615-715-ii-series.pdf\" target=\"_blank\"  class=\"edgtf-btn edgtf-btn-medium edgtf-btn-outline\"  >\n\t<span class=\"edgtf-btn-text\">TECHNISCHE DATEN (PDF)<\/span>\n    <\/a>\r\n<div id=\"ersspace-1\"><\/div><style type=\"text\/css\">#ersspace-1 { height: 60px; }\r\n@media handheld, only screen and (max-width: 767px) {\r\n\t#ersspace-1 { height: 40px; }\r\n}<\/style>[\/vc_column][\/vc_row][vc_row][vc_column width=&#8221;1\/2&#8243;][vc_empty_space height=&#8221;30px&#8221; el_class=&#8221;emptyspacepage&#8221;][vc_single_image image=&#8221;15049&#8243; img_size=&#8221;1000&#215;800&#8243; alignment=&#8221;center&#8221; onclick=&#8221;link_image&#8221; css_animation=&#8221;fadeIn&#8221;][\/vc_column][vc_column width=&#8221;1\/2&#8243;][vc_empty_space height=&#8221;30px&#8221; el_class=&#8221;emptyspacepage&#8221;][vc_single_image image=&#8221;15050&#8243; img_size=&#8221;1000&#215;800&#8243; alignment=&#8221;center&#8221; onclick=&#8221;link_image&#8221; css_animation=&#8221;fadeIn&#8221;][\/vc_column][\/vc_row][vc_row][vc_column][vc_empty_space height=&#8221;30px&#8221; el_class=&#8221;emptyspacepage&#8221;][vc_single_image image=&#8221;15046&#8243; img_size=&#8221;1000&#215;800&#8243; alignment=&#8221;center&#8221; onclick=&#8221;link_image&#8221; css_animation=&#8221;fadeIn&#8221;][\/vc_column][\/vc_row]<\/p>\n","protected":false},"excerpt":{"rendered":"<p>Der Canon imageRUNNER ADVANCE 715i ist mit einer Ausgabeleistung von bis zu 71 Seiten\/Minute der schnellste Drucker innerhalb der Serie &#8211; und damit ideal f\u00fcr gr\u00f6ssere Unternehmen. Die Modellreihe vereint leistungsstarke Drucker mit einem integrierten Scanner und einem optionalen Finisher. Er verf\u00fcgt \u00fcber ausgereifte Personalisierungs- und Sicherheitsoptionen und l\u00e4sst sich \u00fcber einen intuitiven Touchscreen einfach bedienen.<\/p>\n","protected":false},"featured_media":15051,"comment_status":"closed","ping_status":"closed","template":"","meta":[],"product_cat":[42,26],"product_tag":[],"yoast_head":"<!-- This site is optimized with the Yoast SEO plugin v18.4.1 - https:\/\/yoast.com\/wordpress\/plugins\/seo\/ -->\n<title>imageRUNNER ADVANCE 715i - Waldis<\/title>\n<meta name=\"robots\" content=\"index, follow, max-snippet:-1, max-image-preview:large, max-video-preview:-1\" \/>\n<link rel=\"canonical\" href=\"https:\/\/waldis-ag.ch\/printing\/produkt\/imagerunner-advance-715i\/\" \/>\n<meta property=\"og:locale\" content=\"de_DE\" \/>\n<meta property=\"og:type\" content=\"article\" \/>\n<meta property=\"og:title\" content=\"imageRUNNER ADVANCE 715i - Waldis\" \/>\n<meta property=\"og:description\" content=\"Der Canon imageRUNNER ADVANCE 715i ist mit einer Ausgabeleistung von bis zu 71 Seiten\/Minute der schnellste Drucker innerhalb der Serie - und damit ideal f\u00fcr gr\u00f6ssere Unternehmen. Die Modellreihe vereint leistungsstarke Drucker mit einem integrierten Scanner und einem optionalen Finisher. Er verf\u00fcgt \u00fcber ausgereifte Personalisierungs- und Sicherheitsoptionen und l\u00e4sst sich \u00fcber einen intuitiven Touchscreen einfach bedienen.\" \/>\n<meta property=\"og:url\" content=\"https:\/\/waldis-ag.ch\/printing\/produkt\/imagerunner-advance-715i\/\" \/>\n<meta property=\"og:site_name\" content=\"Waldis\" \/>\n<meta property=\"article:modified_time\" content=\"2021-08-20T06:41:35+00:00\" \/>\n<meta property=\"og:image\" content=\"https:\/\/waldis-ag.ch\/printing\/wp-content\/uploads\/sites\/7\/2021\/08\/head_bildvorlage_03-scaled.jpg\" \/>\n\t<meta property=\"og:image:width\" content=\"2560\" \/>\n\t<meta property=\"og:image:height\" content=\"1959\" \/>\n\t<meta property=\"og:image:type\" content=\"image\/jpeg\" \/>\n<meta name=\"twitter:card\" content=\"summary_large_image\" \/>\n<meta name=\"twitter:label1\" content=\"Est. reading time\" \/>\n\t<meta name=\"twitter:data1\" content=\"1 Minute\" \/>\n<script type=\"application\/ld+json\" class=\"yoast-schema-graph\">{\"@context\":\"https:\/\/schema.org\",\"@graph\":[{\"@type\":\"WebSite\",\"@id\":\"https:\/\/waldis-ag.ch\/printing\/#website\",\"url\":\"https:\/\/waldis-ag.ch\/printing\/\",\"name\":\"Waldis\",\"description\":\"\",\"potentialAction\":[{\"@type\":\"SearchAction\",\"target\":{\"@type\":\"EntryPoint\",\"urlTemplate\":\"https:\/\/waldis-ag.ch\/printing\/?s={search_term_string}\"},\"query-input\":\"required name=search_term_string\"}],\"inLanguage\":\"de-CH\"},{\"@type\":\"ImageObject\",\"@id\":\"https:\/\/waldis-ag.ch\/printing\/produkt\/imagerunner-advance-715i\/#primaryimage\",\"inLanguage\":\"de-CH\",\"url\":\"https:\/\/waldis-ag.ch\/printing\/wp-content\/uploads\/sites\/7\/2021\/08\/head_bildvorlage_03-scaled.jpg\",\"contentUrl\":\"https:\/\/waldis-ag.ch\/printing\/wp-content\/uploads\/sites\/7\/2021\/08\/head_bildvorlage_03-scaled.jpg\",\"width\":2560,\"height\":1959},{\"@type\":\"WebPage\",\"@id\":\"https:\/\/waldis-ag.ch\/printing\/produkt\/imagerunner-advance-715i\/#webpage\",\"url\":\"https:\/\/waldis-ag.ch\/printing\/produkt\/imagerunner-advance-715i\/\",\"name\":\"imageRUNNER ADVANCE 715i - Waldis\",\"isPartOf\":{\"@id\":\"https:\/\/waldis-ag.ch\/printing\/#website\"},\"primaryImageOfPage\":{\"@id\":\"https:\/\/waldis-ag.ch\/printing\/produkt\/imagerunner-advance-715i\/#primaryimage\"},\"datePublished\":\"2019-08-12T09:47:46+00:00\",\"dateModified\":\"2021-08-20T06:41:35+00:00\",\"breadcrumb\":{\"@id\":\"https:\/\/waldis-ag.ch\/printing\/produkt\/imagerunner-advance-715i\/#breadcrumb\"},\"inLanguage\":\"de-CH\",\"potentialAction\":[{\"@type\":\"ReadAction\",\"target\":[\"https:\/\/waldis-ag.ch\/printing\/produkt\/imagerunner-advance-715i\/\"]}]},{\"@type\":\"BreadcrumbList\",\"@id\":\"https:\/\/waldis-ag.ch\/printing\/produkt\/imagerunner-advance-715i\/#breadcrumb\",\"itemListElement\":[{\"@type\":\"ListItem\",\"position\":1,\"name\":\"Produkte\",\"item\":\"https:\/\/waldis-ag.ch\/printing\/produkte\/\"},{\"@type\":\"ListItem\",\"position\":2,\"name\":\"imageRUNNER ADVANCE 715i\"}]}]}<\/script>\n<!-- \/ Yoast SEO plugin. -->","yoast_head_json":{"title":"imageRUNNER ADVANCE 715i - Waldis","robots":{"index":"index","follow":"follow","max-snippet":"max-snippet:-1","max-image-preview":"max-image-preview:large","max-video-preview":"max-video-preview:-1"},"canonical":"https:\/\/waldis-ag.ch\/printing\/produkt\/imagerunner-advance-715i\/","og_locale":"de_DE","og_type":"article","og_title":"imageRUNNER ADVANCE 715i - Waldis","og_description":"Der Canon imageRUNNER ADVANCE 715i ist mit einer Ausgabeleistung von bis zu 71 Seiten\/Minute der schnellste Drucker innerhalb der Serie - und damit ideal f\u00fcr gr\u00f6ssere Unternehmen. Die Modellreihe vereint leistungsstarke Drucker mit einem integrierten Scanner und einem optionalen Finisher. Er verf\u00fcgt \u00fcber ausgereifte Personalisierungs- und Sicherheitsoptionen und l\u00e4sst sich \u00fcber einen intuitiven Touchscreen einfach bedienen.","og_url":"https:\/\/waldis-ag.ch\/printing\/produkt\/imagerunner-advance-715i\/","og_site_name":"Waldis","article_modified_time":"2021-08-20T06:41:35+00:00","og_image":[{"width":2560,"height":1959,"url":"https:\/\/waldis-ag.ch\/printing\/wp-content\/uploads\/sites\/7\/2021\/08\/head_bildvorlage_03-scaled.jpg","type":"image\/jpeg"}],"twitter_card":"summary_large_image","twitter_misc":{"Est. reading time":"1 Minute"},"schema":{"@context":"https:\/\/schema.org","@graph":[{"@type":"WebSite","@id":"https:\/\/waldis-ag.ch\/printing\/#website","url":"https:\/\/waldis-ag.ch\/printing\/","name":"Waldis","description":"","potentialAction":[{"@type":"SearchAction","target":{"@type":"EntryPoint","urlTemplate":"https:\/\/waldis-ag.ch\/printing\/?s={search_term_string}"},"query-input":"required name=search_term_string"}],"inLanguage":"de-CH"},{"@type":"ImageObject","@id":"https:\/\/waldis-ag.ch\/printing\/produkt\/imagerunner-advance-715i\/#primaryimage","inLanguage":"de-CH","url":"https:\/\/waldis-ag.ch\/printing\/wp-content\/uploads\/sites\/7\/2021\/08\/head_bildvorlage_03-scaled.jpg","contentUrl":"https:\/\/waldis-ag.ch\/printing\/wp-content\/uploads\/sites\/7\/2021\/08\/head_bildvorlage_03-scaled.jpg","width":2560,"height":1959},{"@type":"WebPage","@id":"https:\/\/waldis-ag.ch\/printing\/produkt\/imagerunner-advance-715i\/#webpage","url":"https:\/\/waldis-ag.ch\/printing\/produkt\/imagerunner-advance-715i\/","name":"imageRUNNER ADVANCE 715i - Waldis","isPartOf":{"@id":"https:\/\/waldis-ag.ch\/printing\/#website"},"primaryImageOfPage":{"@id":"https:\/\/waldis-ag.ch\/printing\/produkt\/imagerunner-advance-715i\/#primaryimage"},"datePublished":"2019-08-12T09:47:46+00:00","dateModified":"2021-08-20T06:41:35+00:00","breadcrumb":{"@id":"https:\/\/waldis-ag.ch\/printing\/produkt\/imagerunner-advance-715i\/#breadcrumb"},"inLanguage":"de-CH","potentialAction":[{"@type":"ReadAction","target":["https:\/\/waldis-ag.ch\/printing\/produkt\/imagerunner-advance-715i\/"]}]},{"@type":"BreadcrumbList","@id":"https:\/\/waldis-ag.ch\/printing\/produkt\/imagerunner-advance-715i\/#breadcrumb","itemListElement":[{"@type":"ListItem","position":1,"name":"Produkte","item":"https:\/\/waldis-ag.ch\/printing\/produkte\/"},{"@type":"ListItem","position":2,"name":"imageRUNNER ADVANCE 715i"}]}]}},"_links":{"self":[{"href":"https:\/\/waldis-ag.ch\/printing\/wp-json\/wp\/v2\/product\/15010"}],"collection":[{"href":"https:\/\/waldis-ag.ch\/printing\/wp-json\/wp\/v2\/product"}],"about":[{"href":"https:\/\/waldis-ag.ch\/printing\/wp-json\/wp\/v2\/types\/product"}],"replies":[{"embeddable":true,"href":"https:\/\/waldis-ag.ch\/printing\/wp-json\/wp\/v2\/comments?post=15010"}],"wp:featuredmedia":[{"embeddable":true,"href":"https:\/\/waldis-ag.ch\/printing\/wp-json\/wp\/v2\/media\/15051"}],"wp:attachment":[{"href":"https:\/\/waldis-ag.ch\/printing\/wp-json\/wp\/v2\/media?parent=15010"}],"wp:term":[{"taxonomy":"product_cat","embeddable":true,"href":"https:\/\/waldis-ag.ch\/printing\/wp-json\/wp\/v2\/product_cat?post=15010"},{"taxonomy":"product_tag","embeddable":true,"href":"https:\/\/waldis-ag.ch\/printing\/wp-json\/wp\/v2\/product_tag?post=15010"}],"curies":[{"name":"wp","href":"https:\/\/api.w.org\/{rel}","templated":true}]}}