{"id":15004,"date":"2020-03-12T15:31:37","date_gmt":"2020-03-12T14:31:37","guid":{"rendered":"https:\/\/waldis-ag.ch\/printing\/?post_type=product&#038;p=15004"},"modified":"2021-09-07T16:15:56","modified_gmt":"2021-09-07T14:15:56","slug":"imagerunner-advance-dx-c5840i","status":"publish","type":"product","link":"https:\/\/waldis-ag.ch\/printing\/produkt\/imagerunner-advance-dx-c5840i\/","title":{"rendered":"imageRUNNER ADVANCE DX C5840i"},"content":{"rendered":"<p>[vc_row][vc_column][vc_empty_space height=&#8221;30px&#8221; el_class=&#8221;emptyspacepage&#8221;][vc_column_text]<\/p>\n<h4><strong>HIGHLIGHTS<\/strong><\/h4>\n<ul>\n<li>Druckgeschwindigkeit: 40 DIN A4-Seiten pro Minute<\/li>\n<li>Scangeschwindigkeit: 270 DIN A4 Seiten pro Minute<\/li>\n<li>Einfaches Druckmanagement durch uniFLOW Online Express Cloudsoftware<\/li>\n<li>Cloudbasierte Zusammenarbeit mit der uniFLOW Online Express Cloudsoftware<\/li>\n<li>Erweiterte Papierauswahl unterst\u00fctzt kleine Formate, einschliesslich DIN A5<\/li>\n<li>Einfache Installation, bequeme Wartung und h\u00f6hrere Langlebigkeit f\u00fchren zu weniger Stillstandzeiten und geringeren Servicekosten<\/li>\n<li>Minimale L\u00e4rmbel\u00e4stigung<\/li>\n<li>Vollst\u00e4ndiger Schutz f\u00fcr Dokumente, Systeme und Netzwerke<\/li>\n<\/ul>\n<p>[\/vc_column_text][\/vc_column][\/vc_row][vc_row][vc_column][vc_empty_space height=&#8221;30px&#8221; el_class=&#8221;emptyspacepage&#8221;]<a itemprop=\"url\" href=\"https:\/\/waldis-ag.ch\/printing\/wp-content\/uploads\/sites\/7\/2021\/08\/imagerunner-advance-dx-c5800-series_datasheet_de-ch_final_hr_digi_e3528fc67a7545449997091d12c7a268.pdf\" target=\"_blank\"  class=\"edgtf-btn edgtf-btn-medium edgtf-btn-outline\"  >\n\t<span class=\"edgtf-btn-text\">TECHNISCHE DATEN (PDF)<\/span>\n    <\/a>\r\n<div id=\"ersspace-1\"><\/div><style type=\"text\/css\">#ersspace-1 { height: 60px; }\r\n@media handheld, only screen and (max-width: 767px) {\r\n\t#ersspace-1 { height: 40px; }\r\n}<\/style>[\/vc_column][\/vc_row][vc_row][vc_column width=&#8221;1\/2&#8243;][vc_empty_space height=&#8221;30px&#8221; el_class=&#8221;emptyspacepage&#8221;][vc_single_image image=&#8221;15002&#8243; img_size=&#8221;1712X1302&#8243; alignment=&#8221;center&#8221; onclick=&#8221;link_image&#8221; css_animation=&#8221;fadeIn&#8221;][\/vc_column][vc_column width=&#8221;1\/2&#8243;][vc_empty_space height=&#8221;30px&#8221; el_class=&#8221;emptyspacepage&#8221;][vc_single_image image=&#8221;15040&#8243; img_size=&#8221;1712X1302&#8243; alignment=&#8221;center&#8221; onclick=&#8221;link_image&#8221; css_animation=&#8221;fadeIn&#8221;][\/vc_column][\/vc_row][vc_row][vc_column][vc_empty_space height=&#8221;30px&#8221; el_class=&#8221;emptyspacepage&#8221;][vc_single_image image=&#8221;14999&#8243; img_size=&#8221;1712X1302&#8243; alignment=&#8221;center&#8221; onclick=&#8221;link_image&#8221; css_animation=&#8221;fadeIn&#8221;][\/vc_column][\/vc_row]<\/p>\n","protected":false},"excerpt":{"rendered":"<p>Die imageRUNNER ADVANCE DX C5800 Serie sind schnelle und zuverl\u00e4ssige DIN A3 Farb-Multifunktionssysteme, welche die digitale Transformation unterst\u00fctzen.<\/p>\n","protected":false},"featured_media":15025,"comment_status":"open","ping_status":"closed","template":"","meta":[],"product_cat":[42,26],"product_tag":[],"yoast_head":"<!-- This site is optimized with the Yoast SEO plugin v18.4.1 - https:\/\/yoast.com\/wordpress\/plugins\/seo\/ -->\n<title>imageRUNNER ADVANCE DX C5840i - Waldis<\/title>\n<meta name=\"description\" content=\"Canon imageRUNNER ADVANCE DX C5840i Drucker und eine breite Palette an Multifunktionsdrucker, Dokumentenscanner und CAD- und GIS-Plotter f\u00fcr den Grossformatdruck. \u2713 Erfahren Sie mehr \u00fcber unsere umfassenden Serviceleistungen und unsere Print- und Finanzierungs-L\u00f6sungen f\u00fcr einen effizienten und kosteng\u00fcnstigen Unterhalt.\" \/>\n<meta name=\"robots\" content=\"index, follow, max-snippet:-1, max-image-preview:large, max-video-preview:-1\" \/>\n<link rel=\"canonical\" href=\"https:\/\/waldis-ag.ch\/printing\/produkt\/imagerunner-advance-dx-c5840i\/\" \/>\n<meta property=\"og:locale\" content=\"de_DE\" \/>\n<meta property=\"og:type\" content=\"article\" \/>\n<meta property=\"og:title\" content=\"imageRUNNER ADVANCE DX C5840i - Waldis\" \/>\n<meta property=\"og:description\" content=\"Canon imageRUNNER ADVANCE DX C5840i Drucker und eine breite Palette an Multifunktionsdrucker, Dokumentenscanner und CAD- und GIS-Plotter f\u00fcr den Grossformatdruck. \u2713 Erfahren Sie mehr \u00fcber unsere umfassenden Serviceleistungen und unsere Print- und Finanzierungs-L\u00f6sungen f\u00fcr einen effizienten und kosteng\u00fcnstigen Unterhalt.\" \/>\n<meta property=\"og:url\" content=\"https:\/\/waldis-ag.ch\/printing\/produkt\/imagerunner-advance-dx-c5840i\/\" \/>\n<meta property=\"og:site_name\" content=\"Waldis\" \/>\n<meta property=\"article:modified_time\" content=\"2021-09-07T14:15:56+00:00\" \/>\n<meta property=\"og:image\" content=\"https:\/\/waldis-ag.ch\/printing\/wp-content\/uploads\/sites\/7\/2021\/08\/head_bildvorlage_ir_adv_dx_c5800.jpg\" \/>\n\t<meta property=\"og:image:width\" content=\"1800\" \/>\n\t<meta property=\"og:image:height\" content=\"1378\" \/>\n\t<meta property=\"og:image:type\" content=\"image\/jpeg\" \/>\n<meta name=\"twitter:card\" content=\"summary_large_image\" \/>\n<meta name=\"twitter:label1\" content=\"Est. reading time\" \/>\n\t<meta name=\"twitter:data1\" content=\"1 Minute\" \/>\n<script type=\"application\/ld+json\" class=\"yoast-schema-graph\">{\"@context\":\"https:\/\/schema.org\",\"@graph\":[{\"@type\":\"WebSite\",\"@id\":\"https:\/\/waldis-ag.ch\/printing\/#website\",\"url\":\"https:\/\/waldis-ag.ch\/printing\/\",\"name\":\"Waldis\",\"description\":\"\",\"potentialAction\":[{\"@type\":\"SearchAction\",\"target\":{\"@type\":\"EntryPoint\",\"urlTemplate\":\"https:\/\/waldis-ag.ch\/printing\/?s={search_term_string}\"},\"query-input\":\"required name=search_term_string\"}],\"inLanguage\":\"de-CH\"},{\"@type\":\"ImageObject\",\"@id\":\"https:\/\/waldis-ag.ch\/printing\/produkt\/imagerunner-advance-dx-c5840i\/#primaryimage\",\"inLanguage\":\"de-CH\",\"url\":\"https:\/\/waldis-ag.ch\/printing\/wp-content\/uploads\/sites\/7\/2021\/08\/head_bildvorlage_ir_adv_dx_c5800.jpg\",\"contentUrl\":\"https:\/\/waldis-ag.ch\/printing\/wp-content\/uploads\/sites\/7\/2021\/08\/head_bildvorlage_ir_adv_dx_c5800.jpg\",\"width\":1800,\"height\":1378},{\"@type\":\"WebPage\",\"@id\":\"https:\/\/waldis-ag.ch\/printing\/produkt\/imagerunner-advance-dx-c5840i\/#webpage\",\"url\":\"https:\/\/waldis-ag.ch\/printing\/produkt\/imagerunner-advance-dx-c5840i\/\",\"name\":\"imageRUNNER ADVANCE DX C5840i - Waldis\",\"isPartOf\":{\"@id\":\"https:\/\/waldis-ag.ch\/printing\/#website\"},\"primaryImageOfPage\":{\"@id\":\"https:\/\/waldis-ag.ch\/printing\/produkt\/imagerunner-advance-dx-c5840i\/#primaryimage\"},\"datePublished\":\"2020-03-12T14:31:37+00:00\",\"dateModified\":\"2021-09-07T14:15:56+00:00\",\"description\":\"Canon imageRUNNER ADVANCE DX C5840i Drucker und eine breite Palette an Multifunktionsdrucker, Dokumentenscanner und CAD- und GIS-Plotter f\u00fcr den Grossformatdruck. \u2713 Erfahren Sie mehr \u00fcber unsere umfassenden Serviceleistungen und unsere Print- und Finanzierungs-L\u00f6sungen f\u00fcr einen effizienten und kosteng\u00fcnstigen Unterhalt.\",\"breadcrumb\":{\"@id\":\"https:\/\/waldis-ag.ch\/printing\/produkt\/imagerunner-advance-dx-c5840i\/#breadcrumb\"},\"inLanguage\":\"de-CH\",\"potentialAction\":[{\"@type\":\"ReadAction\",\"target\":[\"https:\/\/waldis-ag.ch\/printing\/produkt\/imagerunner-advance-dx-c5840i\/\"]}]},{\"@type\":\"BreadcrumbList\",\"@id\":\"https:\/\/waldis-ag.ch\/printing\/produkt\/imagerunner-advance-dx-c5840i\/#breadcrumb\",\"itemListElement\":[{\"@type\":\"ListItem\",\"position\":1,\"name\":\"Produkte\",\"item\":\"https:\/\/waldis-ag.ch\/printing\/produkte\/\"},{\"@type\":\"ListItem\",\"position\":2,\"name\":\"imageRUNNER ADVANCE DX C5840i\"}]}]}<\/script>\n<!-- \/ Yoast SEO plugin. -->","yoast_head_json":{"title":"imageRUNNER ADVANCE DX C5840i - Waldis","description":"Canon imageRUNNER ADVANCE DX C5840i Drucker und eine breite Palette an Multifunktionsdrucker, Dokumentenscanner und CAD- und GIS-Plotter f\u00fcr den Grossformatdruck. \u2713 Erfahren Sie mehr \u00fcber unsere umfassenden Serviceleistungen und unsere Print- und Finanzierungs-L\u00f6sungen f\u00fcr einen effizienten und kosteng\u00fcnstigen Unterhalt.","robots":{"index":"index","follow":"follow","max-snippet":"max-snippet:-1","max-image-preview":"max-image-preview:large","max-video-preview":"max-video-preview:-1"},"canonical":"https:\/\/waldis-ag.ch\/printing\/produkt\/imagerunner-advance-dx-c5840i\/","og_locale":"de_DE","og_type":"article","og_title":"imageRUNNER ADVANCE DX C5840i - Waldis","og_description":"Canon imageRUNNER ADVANCE DX C5840i Drucker und eine breite Palette an Multifunktionsdrucker, Dokumentenscanner und CAD- und GIS-Plotter f\u00fcr den Grossformatdruck. \u2713 Erfahren Sie mehr \u00fcber unsere umfassenden Serviceleistungen und unsere Print- und Finanzierungs-L\u00f6sungen f\u00fcr einen effizienten und kosteng\u00fcnstigen Unterhalt.","og_url":"https:\/\/waldis-ag.ch\/printing\/produkt\/imagerunner-advance-dx-c5840i\/","og_site_name":"Waldis","article_modified_time":"2021-09-07T14:15:56+00:00","og_image":[{"width":1800,"height":1378,"url":"https:\/\/waldis-ag.ch\/printing\/wp-content\/uploads\/sites\/7\/2021\/08\/head_bildvorlage_ir_adv_dx_c5800.jpg","type":"image\/jpeg"}],"twitter_card":"summary_large_image","twitter_misc":{"Est. reading time":"1 Minute"},"schema":{"@context":"https:\/\/schema.org","@graph":[{"@type":"WebSite","@id":"https:\/\/waldis-ag.ch\/printing\/#website","url":"https:\/\/waldis-ag.ch\/printing\/","name":"Waldis","description":"","potentialAction":[{"@type":"SearchAction","target":{"@type":"EntryPoint","urlTemplate":"https:\/\/waldis-ag.ch\/printing\/?s={search_term_string}"},"query-input":"required name=search_term_string"}],"inLanguage":"de-CH"},{"@type":"ImageObject","@id":"https:\/\/waldis-ag.ch\/printing\/produkt\/imagerunner-advance-dx-c5840i\/#primaryimage","inLanguage":"de-CH","url":"https:\/\/waldis-ag.ch\/printing\/wp-content\/uploads\/sites\/7\/2021\/08\/head_bildvorlage_ir_adv_dx_c5800.jpg","contentUrl":"https:\/\/waldis-ag.ch\/printing\/wp-content\/uploads\/sites\/7\/2021\/08\/head_bildvorlage_ir_adv_dx_c5800.jpg","width":1800,"height":1378},{"@type":"WebPage","@id":"https:\/\/waldis-ag.ch\/printing\/produkt\/imagerunner-advance-dx-c5840i\/#webpage","url":"https:\/\/waldis-ag.ch\/printing\/produkt\/imagerunner-advance-dx-c5840i\/","name":"imageRUNNER ADVANCE DX C5840i - Waldis","isPartOf":{"@id":"https:\/\/waldis-ag.ch\/printing\/#website"},"primaryImageOfPage":{"@id":"https:\/\/waldis-ag.ch\/printing\/produkt\/imagerunner-advance-dx-c5840i\/#primaryimage"},"datePublished":"2020-03-12T14:31:37+00:00","dateModified":"2021-09-07T14:15:56+00:00","description":"Canon imageRUNNER ADVANCE DX C5840i Drucker und eine breite Palette an Multifunktionsdrucker, Dokumentenscanner und CAD- und GIS-Plotter f\u00fcr den Grossformatdruck. \u2713 Erfahren Sie mehr \u00fcber unsere umfassenden Serviceleistungen und unsere Print- und Finanzierungs-L\u00f6sungen f\u00fcr einen effizienten und kosteng\u00fcnstigen Unterhalt.","breadcrumb":{"@id":"https:\/\/waldis-ag.ch\/printing\/produkt\/imagerunner-advance-dx-c5840i\/#breadcrumb"},"inLanguage":"de-CH","potentialAction":[{"@type":"ReadAction","target":["https:\/\/waldis-ag.ch\/printing\/produkt\/imagerunner-advance-dx-c5840i\/"]}]},{"@type":"BreadcrumbList","@id":"https:\/\/waldis-ag.ch\/printing\/produkt\/imagerunner-advance-dx-c5840i\/#breadcrumb","itemListElement":[{"@type":"ListItem","position":1,"name":"Produkte","item":"https:\/\/waldis-ag.ch\/printing\/produkte\/"},{"@type":"ListItem","position":2,"name":"imageRUNNER ADVANCE DX C5840i"}]}]}},"_links":{"self":[{"href":"https:\/\/waldis-ag.ch\/printing\/wp-json\/wp\/v2\/product\/15004"}],"collection":[{"href":"https:\/\/waldis-ag.ch\/printing\/wp-json\/wp\/v2\/product"}],"about":[{"href":"https:\/\/waldis-ag.ch\/printing\/wp-json\/wp\/v2\/types\/product"}],"replies":[{"embeddable":true,"href":"https:\/\/waldis-ag.ch\/printing\/wp-json\/wp\/v2\/comments?post=15004"}],"wp:featuredmedia":[{"embeddable":true,"href":"https:\/\/waldis-ag.ch\/printing\/wp-json\/wp\/v2\/media\/15025"}],"wp:attachment":[{"href":"https:\/\/waldis-ag.ch\/printing\/wp-json\/wp\/v2\/media?parent=15004"}],"wp:term":[{"taxonomy":"product_cat","embeddable":true,"href":"https:\/\/waldis-ag.ch\/printing\/wp-json\/wp\/v2\/product_cat?post=15004"},{"taxonomy":"product_tag","embeddable":true,"href":"https:\/\/waldis-ag.ch\/printing\/wp-json\/wp\/v2\/product_tag?post=15004"}],"curies":[{"name":"wp","href":"https:\/\/api.w.org\/{rel}","templated":true}]}}