{"id":13376,"date":"2017-11-26T10:30:12","date_gmt":"2017-11-26T09:30:12","guid":{"rendered":"https:\/\/waldis-ag.ch\/printing\/?post_type=product&#038;p=13376"},"modified":"2018-12-21T09:26:50","modified_gmt":"2018-12-21T08:26:50","slug":"m5255","status":"publish","type":"product","link":"https:\/\/waldis-ag.ch\/printing\/produkt\/m5255\/","title":{"rendered":"M5255"},"content":{"rendered":"<p>[vc_row][vc_column][vc_column_text]<\/p>\n<h4><strong>HIGHLIGHTS<\/strong><\/h4>\n<ul>\n<li>S\/W-Ausgabe von 52 Seiten pro Minute<\/li>\n<li>e-Task Farb-Touchscreen (10,9 cm)<\/li>\n<li>Druckkassetten reichen f\u00fcr bis zu 45&#8217;000 Seiten<\/li>\n<li>L\u00e4ngere Betriebsdauer durch langlebige Fixierer und\u00a0Imaging-Komponenten<\/li>\n<li>Standardm\u00e4ssiger zweiseitiger Druck spart Papier<\/li>\n<\/ul>\n<p>[\/vc_column_text][\/vc_column][\/vc_row][vc_row][vc_column][vc_empty_space height=&#8221;60px&#8221; el_class=&#8221;emptyspacepage&#8221;]<a itemprop=\"url\" href=\"https:\/\/waldis-ag.ch\/printing\/wp-content\/uploads\/sites\/7\/2018\/12\/lexmark-m5255.pdf\" target=\"_blank\"  class=\"edgtf-btn edgtf-btn-medium edgtf-btn-outline\"  >\n\t<span class=\"edgtf-btn-text\">TECHNISCHE DATEN (PDF)<\/span>\n    <\/a>[vc_empty_space height=&#8221;30px&#8221; el_class=&#8221;emptyspacepage&#8221;][\/vc_column][\/vc_row][vc_row][vc_column]\r\n<div id=\"ersspace-1\"><\/div><style type=\"text\/css\">#ersspace-1 { height: 60px; }\r\n@media handheld, only screen and (max-width: 767px) {\r\n\t#ersspace-1 { height: 40px; }\r\n}<\/style>[vc_single_image image=&#8221;13324&#8243; img_size=&#8221;full&#8221; alignment=&#8221;center&#8221; onclick=&#8221;link_image&#8221; css_animation=&#8221;fadeIn&#8221;][\/vc_column][\/vc_row][vc_row][vc_column width=&#8221;1\/2&#8243;][vc_empty_space height=&#8221;30px&#8221; el_class=&#8221;emptyspacepage&#8221;][vc_single_image image=&#8221;13317&#8243; img_size=&#8221;full&#8221; alignment=&#8221;center&#8221; onclick=&#8221;link_image&#8221; css_animation=&#8221;fadeIn&#8221;][\/vc_column][vc_column width=&#8221;1\/2&#8243;][vc_empty_space height=&#8221;30px&#8221; el_class=&#8221;emptyspacepage&#8221;][vc_single_image image=&#8221;13315&#8243; img_size=&#8221;full&#8221; alignment=&#8221;center&#8221; onclick=&#8221;link_image&#8221; css_animation=&#8221;fadeIn&#8221;][\/vc_column][\/vc_row]<\/p>\n","protected":false},"excerpt":{"rendered":"<p>Der Lexmark M5255 bringt Leistung in die Klasse der Schwarzweissdrucker f\u00fcr grosse Arbeitsgruppen mit einer ersten Seite in 4,5 Sekunden und einer Druckgeschwindigkeit von bis zu 52 Seiten pro Minute. Die Robuste Papierhandhabungs-Technologie wurde entwickelt, um das Drucken zuverl\u00e4ssiger zu machen, w\u00e4hrend ein 10,9-cm-Touchscreen produktivit\u00e4tssteigernde Apps bietet.<\/p>\n","protected":false},"featured_media":13318,"comment_status":"open","ping_status":"closed","template":"","meta":[],"product_cat":[99,27],"product_tag":[],"yoast_head":"<!-- This site is optimized with the Yoast SEO plugin v18.4.1 - https:\/\/yoast.com\/wordpress\/plugins\/seo\/ -->\n<title>Lexmark M5255 Drucker - Waldis<\/title>\n<meta name=\"description\" content=\"Lexmark M5255 Drucker und eine breite Palette an Multifunktionsdrucker, Dokumentenscanner, CAD- und GIS-Plotter f\u00fcr den Grossformatdruck. \u2713 Erfahren Sie mehr \u00fcber unsere umfassenden Serviceleistungen und unsere Print- und Finanzierungs-L\u00f6sungen f\u00fcr einen effizienten und kosteng\u00fcnstigen Unterhalt.\" \/>\n<meta name=\"robots\" content=\"index, follow, max-snippet:-1, max-image-preview:large, max-video-preview:-1\" \/>\n<link rel=\"canonical\" href=\"https:\/\/waldis-ag.ch\/printing\/produkt\/m5255\/\" \/>\n<meta property=\"og:locale\" content=\"de_DE\" \/>\n<meta property=\"og:type\" content=\"article\" \/>\n<meta property=\"og:title\" content=\"Lexmark M5255 Drucker - Waldis\" \/>\n<meta property=\"og:description\" content=\"Lexmark M5255 Drucker und eine breite Palette an Multifunktionsdrucker, Dokumentenscanner, CAD- und GIS-Plotter f\u00fcr den Grossformatdruck. \u2713 Erfahren Sie mehr \u00fcber unsere umfassenden Serviceleistungen und unsere Print- und Finanzierungs-L\u00f6sungen f\u00fcr einen effizienten und kosteng\u00fcnstigen Unterhalt.\" \/>\n<meta property=\"og:url\" content=\"https:\/\/waldis-ag.ch\/printing\/produkt\/m5255\/\" \/>\n<meta property=\"og:site_name\" content=\"Waldis\" \/>\n<meta property=\"article:modified_time\" content=\"2018-12-21T08:26:50+00:00\" \/>\n<meta property=\"og:image\" content=\"https:\/\/waldis-ag.ch\/printing\/wp-content\/uploads\/sites\/7\/2018\/12\/lexmark-m5255_head.jpg\" \/>\n\t<meta property=\"og:image:width\" content=\"2600\" \/>\n\t<meta property=\"og:image:height\" content=\"2098\" \/>\n\t<meta property=\"og:image:type\" content=\"image\/jpeg\" \/>\n<meta name=\"twitter:card\" content=\"summary_large_image\" \/>\n<meta name=\"twitter:label1\" content=\"Est. reading time\" \/>\n\t<meta name=\"twitter:data1\" content=\"1 Minute\" \/>\n<script type=\"application\/ld+json\" class=\"yoast-schema-graph\">{\"@context\":\"https:\/\/schema.org\",\"@graph\":[{\"@type\":\"WebSite\",\"@id\":\"https:\/\/waldis-ag.ch\/printing\/#website\",\"url\":\"https:\/\/waldis-ag.ch\/printing\/\",\"name\":\"Waldis\",\"description\":\"\",\"potentialAction\":[{\"@type\":\"SearchAction\",\"target\":{\"@type\":\"EntryPoint\",\"urlTemplate\":\"https:\/\/waldis-ag.ch\/printing\/?s={search_term_string}\"},\"query-input\":\"required name=search_term_string\"}],\"inLanguage\":\"de-CH\"},{\"@type\":\"ImageObject\",\"@id\":\"https:\/\/waldis-ag.ch\/printing\/produkt\/m5255\/#primaryimage\",\"inLanguage\":\"de-CH\",\"url\":\"https:\/\/waldis-ag.ch\/printing\/wp-content\/uploads\/sites\/7\/2018\/12\/lexmark-m5255_head.jpg\",\"contentUrl\":\"https:\/\/waldis-ag.ch\/printing\/wp-content\/uploads\/sites\/7\/2018\/12\/lexmark-m5255_head.jpg\",\"width\":2600,\"height\":2098,\"caption\":\"Lexmark M5255\"},{\"@type\":\"WebPage\",\"@id\":\"https:\/\/waldis-ag.ch\/printing\/produkt\/m5255\/#webpage\",\"url\":\"https:\/\/waldis-ag.ch\/printing\/produkt\/m5255\/\",\"name\":\"Lexmark M5255 Drucker - Waldis\",\"isPartOf\":{\"@id\":\"https:\/\/waldis-ag.ch\/printing\/#website\"},\"primaryImageOfPage\":{\"@id\":\"https:\/\/waldis-ag.ch\/printing\/produkt\/m5255\/#primaryimage\"},\"datePublished\":\"2017-11-26T09:30:12+00:00\",\"dateModified\":\"2018-12-21T08:26:50+00:00\",\"description\":\"Lexmark M5255 Drucker und eine breite Palette an Multifunktionsdrucker, Dokumentenscanner, CAD- und GIS-Plotter f\u00fcr den Grossformatdruck. \u2713 Erfahren Sie mehr \u00fcber unsere umfassenden Serviceleistungen und unsere Print- und Finanzierungs-L\u00f6sungen f\u00fcr einen effizienten und kosteng\u00fcnstigen Unterhalt.\",\"breadcrumb\":{\"@id\":\"https:\/\/waldis-ag.ch\/printing\/produkt\/m5255\/#breadcrumb\"},\"inLanguage\":\"de-CH\",\"potentialAction\":[{\"@type\":\"ReadAction\",\"target\":[\"https:\/\/waldis-ag.ch\/printing\/produkt\/m5255\/\"]}]},{\"@type\":\"BreadcrumbList\",\"@id\":\"https:\/\/waldis-ag.ch\/printing\/produkt\/m5255\/#breadcrumb\",\"itemListElement\":[{\"@type\":\"ListItem\",\"position\":1,\"name\":\"Produkte\",\"item\":\"https:\/\/waldis-ag.ch\/printing\/produkte\/\"},{\"@type\":\"ListItem\",\"position\":2,\"name\":\"M5255\"}]}]}<\/script>\n<!-- \/ Yoast SEO plugin. -->","yoast_head_json":{"title":"Lexmark M5255 Drucker - Waldis","description":"Lexmark M5255 Drucker und eine breite Palette an Multifunktionsdrucker, Dokumentenscanner, CAD- und GIS-Plotter f\u00fcr den Grossformatdruck. \u2713 Erfahren Sie mehr \u00fcber unsere umfassenden Serviceleistungen und unsere Print- und Finanzierungs-L\u00f6sungen f\u00fcr einen effizienten und kosteng\u00fcnstigen Unterhalt.","robots":{"index":"index","follow":"follow","max-snippet":"max-snippet:-1","max-image-preview":"max-image-preview:large","max-video-preview":"max-video-preview:-1"},"canonical":"https:\/\/waldis-ag.ch\/printing\/produkt\/m5255\/","og_locale":"de_DE","og_type":"article","og_title":"Lexmark M5255 Drucker - Waldis","og_description":"Lexmark M5255 Drucker und eine breite Palette an Multifunktionsdrucker, Dokumentenscanner, CAD- und GIS-Plotter f\u00fcr den Grossformatdruck. \u2713 Erfahren Sie mehr \u00fcber unsere umfassenden Serviceleistungen und unsere Print- und Finanzierungs-L\u00f6sungen f\u00fcr einen effizienten und kosteng\u00fcnstigen Unterhalt.","og_url":"https:\/\/waldis-ag.ch\/printing\/produkt\/m5255\/","og_site_name":"Waldis","article_modified_time":"2018-12-21T08:26:50+00:00","og_image":[{"width":2600,"height":2098,"url":"https:\/\/waldis-ag.ch\/printing\/wp-content\/uploads\/sites\/7\/2018\/12\/lexmark-m5255_head.jpg","type":"image\/jpeg"}],"twitter_card":"summary_large_image","twitter_misc":{"Est. reading time":"1 Minute"},"schema":{"@context":"https:\/\/schema.org","@graph":[{"@type":"WebSite","@id":"https:\/\/waldis-ag.ch\/printing\/#website","url":"https:\/\/waldis-ag.ch\/printing\/","name":"Waldis","description":"","potentialAction":[{"@type":"SearchAction","target":{"@type":"EntryPoint","urlTemplate":"https:\/\/waldis-ag.ch\/printing\/?s={search_term_string}"},"query-input":"required name=search_term_string"}],"inLanguage":"de-CH"},{"@type":"ImageObject","@id":"https:\/\/waldis-ag.ch\/printing\/produkt\/m5255\/#primaryimage","inLanguage":"de-CH","url":"https:\/\/waldis-ag.ch\/printing\/wp-content\/uploads\/sites\/7\/2018\/12\/lexmark-m5255_head.jpg","contentUrl":"https:\/\/waldis-ag.ch\/printing\/wp-content\/uploads\/sites\/7\/2018\/12\/lexmark-m5255_head.jpg","width":2600,"height":2098,"caption":"Lexmark M5255"},{"@type":"WebPage","@id":"https:\/\/waldis-ag.ch\/printing\/produkt\/m5255\/#webpage","url":"https:\/\/waldis-ag.ch\/printing\/produkt\/m5255\/","name":"Lexmark M5255 Drucker - Waldis","isPartOf":{"@id":"https:\/\/waldis-ag.ch\/printing\/#website"},"primaryImageOfPage":{"@id":"https:\/\/waldis-ag.ch\/printing\/produkt\/m5255\/#primaryimage"},"datePublished":"2017-11-26T09:30:12+00:00","dateModified":"2018-12-21T08:26:50+00:00","description":"Lexmark M5255 Drucker und eine breite Palette an Multifunktionsdrucker, Dokumentenscanner, CAD- und GIS-Plotter f\u00fcr den Grossformatdruck. \u2713 Erfahren Sie mehr \u00fcber unsere umfassenden Serviceleistungen und unsere Print- und Finanzierungs-L\u00f6sungen f\u00fcr einen effizienten und kosteng\u00fcnstigen Unterhalt.","breadcrumb":{"@id":"https:\/\/waldis-ag.ch\/printing\/produkt\/m5255\/#breadcrumb"},"inLanguage":"de-CH","potentialAction":[{"@type":"ReadAction","target":["https:\/\/waldis-ag.ch\/printing\/produkt\/m5255\/"]}]},{"@type":"BreadcrumbList","@id":"https:\/\/waldis-ag.ch\/printing\/produkt\/m5255\/#breadcrumb","itemListElement":[{"@type":"ListItem","position":1,"name":"Produkte","item":"https:\/\/waldis-ag.ch\/printing\/produkte\/"},{"@type":"ListItem","position":2,"name":"M5255"}]}]}},"_links":{"self":[{"href":"https:\/\/waldis-ag.ch\/printing\/wp-json\/wp\/v2\/product\/13376"}],"collection":[{"href":"https:\/\/waldis-ag.ch\/printing\/wp-json\/wp\/v2\/product"}],"about":[{"href":"https:\/\/waldis-ag.ch\/printing\/wp-json\/wp\/v2\/types\/product"}],"replies":[{"embeddable":true,"href":"https:\/\/waldis-ag.ch\/printing\/wp-json\/wp\/v2\/comments?post=13376"}],"wp:featuredmedia":[{"embeddable":true,"href":"https:\/\/waldis-ag.ch\/printing\/wp-json\/wp\/v2\/media\/13318"}],"wp:attachment":[{"href":"https:\/\/waldis-ag.ch\/printing\/wp-json\/wp\/v2\/media?parent=13376"}],"wp:term":[{"taxonomy":"product_cat","embeddable":true,"href":"https:\/\/waldis-ag.ch\/printing\/wp-json\/wp\/v2\/product_cat?post=13376"},{"taxonomy":"product_tag","embeddable":true,"href":"https:\/\/waldis-ag.ch\/printing\/wp-json\/wp\/v2\/product_tag?post=13376"}],"curies":[{"name":"wp","href":"https:\/\/api.w.org\/{rel}","templated":true}]}}