{"id":13366,"date":"2017-11-14T12:04:52","date_gmt":"2017-11-14T11:04:52","guid":{"rendered":"https:\/\/waldis-ag.ch\/printing\/?post_type=product&#038;p=13366"},"modified":"2018-12-21T09:06:31","modified_gmt":"2018-12-21T08:06:31","slug":"xm3250","status":"publish","type":"product","link":"https:\/\/waldis-ag.ch\/printing\/produkt\/xm3250\/","title":{"rendered":"XM3250"},"content":{"rendered":"<p>[vc_row][vc_column][vc_column_text]<\/p>\n<h4><strong>HIGHLIGHTS<\/strong><\/h4>\n<ul>\n<li>S\/W-Ausgabe von 47 DIN A4-Seiten pro Minute<\/li>\n<li>Duplex: Integriertes Duplex<\/li>\n<li>e-Task Farb-Touchscreen (17,8 cm)<\/li>\n<li>Drucken, Kopieren, Scannen und Faxen<\/li>\n<li>Druckkassetten reichen f\u00fcr bis zu 21&#8217;000 Seiten<\/li>\n<li>L\u00e4ngere Betriebsdauer durch langlebige Fixierer und\u00a0Imaging-Komponenten<\/li>\n<li>Standardm\u00e4ssiger zweiseitiger Druck spart Papier<\/li>\n<li>Effizienzsteigerung durch Produktivit\u00e4ts-Apps<\/li>\n<li>Finishing-Funktionen durch optionalen integrierten Hefter<\/li>\n<\/ul>\n<p>[\/vc_column_text][\/vc_column][\/vc_row][vc_row][vc_column][vc_empty_space height=&#8221;60px&#8221; el_class=&#8221;emptyspacepage&#8221;]<a itemprop=\"url\" href=\"https:\/\/waldis-ag.ch\/printing\/wp-content\/uploads\/sites\/7\/2018\/12\/lexmark-xm3250.pdf\" target=\"_blank\"  class=\"edgtf-btn edgtf-btn-medium edgtf-btn-outline\"  >\n\t<span class=\"edgtf-btn-text\">TECHNISCHE DATEN (PDF)<\/span>\n    <\/a>[vc_empty_space height=&#8221;30px&#8221; el_class=&#8221;emptyspacepage&#8221;][\/vc_column][\/vc_row][vc_row][vc_column]\r\n<div id=\"ersspace-1\"><\/div><style type=\"text\/css\">#ersspace-1 { height: 60px; }\r\n@media handheld, only screen and (max-width: 767px) {\r\n\t#ersspace-1 { height: 40px; }\r\n}<\/style>[vc_single_image image=&#8221;13335&#8243; img_size=&#8221;full&#8221; alignment=&#8221;center&#8221; onclick=&#8221;link_image&#8221; css_animation=&#8221;fadeIn&#8221;][\/vc_column][\/vc_row][vc_row][vc_column width=&#8221;1\/2&#8243;][vc_empty_space height=&#8221;30px&#8221; el_class=&#8221;emptyspacepage&#8221;][vc_single_image image=&#8221;13334&#8243; img_size=&#8221;full&#8221; alignment=&#8221;center&#8221; onclick=&#8221;link_image&#8221; css_animation=&#8221;fadeIn&#8221;][\/vc_column][vc_column width=&#8221;1\/2&#8243;][vc_empty_space height=&#8221;30px&#8221; el_class=&#8221;emptyspacepage&#8221;][vc_single_image image=&#8221;13336&#8243; img_size=&#8221;full&#8221; alignment=&#8221;center&#8221; onclick=&#8221;link_image&#8221; css_animation=&#8221;fadeIn&#8221;][\/vc_column][\/vc_row][vc_row][vc_column width=&#8221;1\/2&#8243;][vc_empty_space height=&#8221;30px&#8221; el_class=&#8221;emptyspacepage&#8221;][vc_single_image image=&#8221;13333&#8243; img_size=&#8221;full&#8221; alignment=&#8221;center&#8221; onclick=&#8221;link_image&#8221; css_animation=&#8221;fadeIn&#8221; el_class=&#8221;photo1of2half&#8221;][\/vc_column][vc_column width=&#8221;1\/2&#8243;][vc_empty_space height=&#8221;30px&#8221; el_class=&#8221;emptyspacepage&#8221;][\/vc_column][\/vc_row]<\/p>\n","protected":false},"excerpt":{"rendered":"<p>Der Lexmark XM3250 zeichnet sich durch Druckgeschwindigkeiten von bis zu 47 Seiten pro Minute, erstklassige Druckqualit\u00e4t,\u00a0verbesserte Sicherheit und konstruktionsbedingte Langlebigkeit aus. Der eingebaute Quad-Core-Prozessor sorgt f\u00fcr maximale Leistung. Merkmale wie die optionale Festplatte und der optionale integrierte Hefter sind sonst bei Desktop-Ger\u00e4ten nur selten zu finden.<\/p>\n","protected":false},"featured_media":13337,"comment_status":"open","ping_status":"closed","template":"","meta":[],"product_cat":[42,27],"product_tag":[],"yoast_head":"<!-- This site is optimized with the Yoast SEO plugin v18.4.1 - https:\/\/yoast.com\/wordpress\/plugins\/seo\/ -->\n<title>Lexmark XM3250 Multifunktionsdrucker - Waldis<\/title>\n<meta name=\"description\" content=\"Lexmark XM3250 Multifunktionsdrucker und eine breite Palette an Drucksystemen, Dokumentenscanner, CAD- und GIS-Plotter f\u00fcr den Grossformatdruck. \u2713 Erfahren Sie mehr \u00fcber unsere umfassenden Serviceleistungen und unsere Print- und Finanzierungs-L\u00f6sungen f\u00fcr einen effizienten und kosteng\u00fcnstigen Unterhalt.\" \/>\n<meta name=\"robots\" content=\"index, follow, max-snippet:-1, max-image-preview:large, max-video-preview:-1\" \/>\n<link rel=\"canonical\" href=\"https:\/\/waldis-ag.ch\/printing\/produkt\/xm3250\/\" \/>\n<meta property=\"og:locale\" content=\"de_DE\" \/>\n<meta property=\"og:type\" content=\"article\" \/>\n<meta property=\"og:title\" content=\"Lexmark XM3250 Multifunktionsdrucker - Waldis\" \/>\n<meta property=\"og:description\" content=\"Lexmark XM3250 Multifunktionsdrucker und eine breite Palette an Drucksystemen, Dokumentenscanner, CAD- und GIS-Plotter f\u00fcr den Grossformatdruck. \u2713 Erfahren Sie mehr \u00fcber unsere umfassenden Serviceleistungen und unsere Print- und Finanzierungs-L\u00f6sungen f\u00fcr einen effizienten und kosteng\u00fcnstigen Unterhalt.\" \/>\n<meta property=\"og:url\" content=\"https:\/\/waldis-ag.ch\/printing\/produkt\/xm3250\/\" \/>\n<meta property=\"og:site_name\" content=\"Waldis\" \/>\n<meta property=\"article:modified_time\" content=\"2018-12-21T08:06:31+00:00\" \/>\n<meta property=\"og:image\" content=\"https:\/\/waldis-ag.ch\/printing\/wp-content\/uploads\/sites\/7\/2018\/12\/lexmark-xm3250_head.jpg\" \/>\n\t<meta property=\"og:image:width\" content=\"2600\" \/>\n\t<meta property=\"og:image:height\" content=\"2045\" \/>\n\t<meta property=\"og:image:type\" content=\"image\/jpeg\" \/>\n<meta name=\"twitter:card\" content=\"summary_large_image\" \/>\n<meta name=\"twitter:label1\" content=\"Est. reading time\" \/>\n\t<meta name=\"twitter:data1\" content=\"1 Minute\" \/>\n<script type=\"application\/ld+json\" class=\"yoast-schema-graph\">{\"@context\":\"https:\/\/schema.org\",\"@graph\":[{\"@type\":\"WebSite\",\"@id\":\"https:\/\/waldis-ag.ch\/printing\/#website\",\"url\":\"https:\/\/waldis-ag.ch\/printing\/\",\"name\":\"Waldis\",\"description\":\"\",\"potentialAction\":[{\"@type\":\"SearchAction\",\"target\":{\"@type\":\"EntryPoint\",\"urlTemplate\":\"https:\/\/waldis-ag.ch\/printing\/?s={search_term_string}\"},\"query-input\":\"required name=search_term_string\"}],\"inLanguage\":\"de-CH\"},{\"@type\":\"ImageObject\",\"@id\":\"https:\/\/waldis-ag.ch\/printing\/produkt\/xm3250\/#primaryimage\",\"inLanguage\":\"de-CH\",\"url\":\"https:\/\/waldis-ag.ch\/printing\/wp-content\/uploads\/sites\/7\/2018\/12\/lexmark-xm3250_head.jpg\",\"contentUrl\":\"https:\/\/waldis-ag.ch\/printing\/wp-content\/uploads\/sites\/7\/2018\/12\/lexmark-xm3250_head.jpg\",\"width\":2600,\"height\":2045,\"caption\":\"Lexmark XM3250\"},{\"@type\":\"WebPage\",\"@id\":\"https:\/\/waldis-ag.ch\/printing\/produkt\/xm3250\/#webpage\",\"url\":\"https:\/\/waldis-ag.ch\/printing\/produkt\/xm3250\/\",\"name\":\"Lexmark XM3250 Multifunktionsdrucker - Waldis\",\"isPartOf\":{\"@id\":\"https:\/\/waldis-ag.ch\/printing\/#website\"},\"primaryImageOfPage\":{\"@id\":\"https:\/\/waldis-ag.ch\/printing\/produkt\/xm3250\/#primaryimage\"},\"datePublished\":\"2017-11-14T11:04:52+00:00\",\"dateModified\":\"2018-12-21T08:06:31+00:00\",\"description\":\"Lexmark XM3250 Multifunktionsdrucker und eine breite Palette an Drucksystemen, Dokumentenscanner, CAD- und GIS-Plotter f\u00fcr den Grossformatdruck. \u2713 Erfahren Sie mehr \u00fcber unsere umfassenden Serviceleistungen und unsere Print- und Finanzierungs-L\u00f6sungen f\u00fcr einen effizienten und kosteng\u00fcnstigen Unterhalt.\",\"breadcrumb\":{\"@id\":\"https:\/\/waldis-ag.ch\/printing\/produkt\/xm3250\/#breadcrumb\"},\"inLanguage\":\"de-CH\",\"potentialAction\":[{\"@type\":\"ReadAction\",\"target\":[\"https:\/\/waldis-ag.ch\/printing\/produkt\/xm3250\/\"]}]},{\"@type\":\"BreadcrumbList\",\"@id\":\"https:\/\/waldis-ag.ch\/printing\/produkt\/xm3250\/#breadcrumb\",\"itemListElement\":[{\"@type\":\"ListItem\",\"position\":1,\"name\":\"Produkte\",\"item\":\"https:\/\/waldis-ag.ch\/printing\/produkte\/\"},{\"@type\":\"ListItem\",\"position\":2,\"name\":\"XM3250\"}]}]}<\/script>\n<!-- \/ Yoast SEO plugin. -->","yoast_head_json":{"title":"Lexmark XM3250 Multifunktionsdrucker - Waldis","description":"Lexmark XM3250 Multifunktionsdrucker und eine breite Palette an Drucksystemen, Dokumentenscanner, CAD- und GIS-Plotter f\u00fcr den Grossformatdruck. \u2713 Erfahren Sie mehr \u00fcber unsere umfassenden Serviceleistungen und unsere Print- und Finanzierungs-L\u00f6sungen f\u00fcr einen effizienten und kosteng\u00fcnstigen Unterhalt.","robots":{"index":"index","follow":"follow","max-snippet":"max-snippet:-1","max-image-preview":"max-image-preview:large","max-video-preview":"max-video-preview:-1"},"canonical":"https:\/\/waldis-ag.ch\/printing\/produkt\/xm3250\/","og_locale":"de_DE","og_type":"article","og_title":"Lexmark XM3250 Multifunktionsdrucker - Waldis","og_description":"Lexmark XM3250 Multifunktionsdrucker und eine breite Palette an Drucksystemen, Dokumentenscanner, CAD- und GIS-Plotter f\u00fcr den Grossformatdruck. \u2713 Erfahren Sie mehr \u00fcber unsere umfassenden Serviceleistungen und unsere Print- und Finanzierungs-L\u00f6sungen f\u00fcr einen effizienten und kosteng\u00fcnstigen Unterhalt.","og_url":"https:\/\/waldis-ag.ch\/printing\/produkt\/xm3250\/","og_site_name":"Waldis","article_modified_time":"2018-12-21T08:06:31+00:00","og_image":[{"width":2600,"height":2045,"url":"https:\/\/waldis-ag.ch\/printing\/wp-content\/uploads\/sites\/7\/2018\/12\/lexmark-xm3250_head.jpg","type":"image\/jpeg"}],"twitter_card":"summary_large_image","twitter_misc":{"Est. reading time":"1 Minute"},"schema":{"@context":"https:\/\/schema.org","@graph":[{"@type":"WebSite","@id":"https:\/\/waldis-ag.ch\/printing\/#website","url":"https:\/\/waldis-ag.ch\/printing\/","name":"Waldis","description":"","potentialAction":[{"@type":"SearchAction","target":{"@type":"EntryPoint","urlTemplate":"https:\/\/waldis-ag.ch\/printing\/?s={search_term_string}"},"query-input":"required name=search_term_string"}],"inLanguage":"de-CH"},{"@type":"ImageObject","@id":"https:\/\/waldis-ag.ch\/printing\/produkt\/xm3250\/#primaryimage","inLanguage":"de-CH","url":"https:\/\/waldis-ag.ch\/printing\/wp-content\/uploads\/sites\/7\/2018\/12\/lexmark-xm3250_head.jpg","contentUrl":"https:\/\/waldis-ag.ch\/printing\/wp-content\/uploads\/sites\/7\/2018\/12\/lexmark-xm3250_head.jpg","width":2600,"height":2045,"caption":"Lexmark XM3250"},{"@type":"WebPage","@id":"https:\/\/waldis-ag.ch\/printing\/produkt\/xm3250\/#webpage","url":"https:\/\/waldis-ag.ch\/printing\/produkt\/xm3250\/","name":"Lexmark XM3250 Multifunktionsdrucker - Waldis","isPartOf":{"@id":"https:\/\/waldis-ag.ch\/printing\/#website"},"primaryImageOfPage":{"@id":"https:\/\/waldis-ag.ch\/printing\/produkt\/xm3250\/#primaryimage"},"datePublished":"2017-11-14T11:04:52+00:00","dateModified":"2018-12-21T08:06:31+00:00","description":"Lexmark XM3250 Multifunktionsdrucker und eine breite Palette an Drucksystemen, Dokumentenscanner, CAD- und GIS-Plotter f\u00fcr den Grossformatdruck. \u2713 Erfahren Sie mehr \u00fcber unsere umfassenden Serviceleistungen und unsere Print- und Finanzierungs-L\u00f6sungen f\u00fcr einen effizienten und kosteng\u00fcnstigen Unterhalt.","breadcrumb":{"@id":"https:\/\/waldis-ag.ch\/printing\/produkt\/xm3250\/#breadcrumb"},"inLanguage":"de-CH","potentialAction":[{"@type":"ReadAction","target":["https:\/\/waldis-ag.ch\/printing\/produkt\/xm3250\/"]}]},{"@type":"BreadcrumbList","@id":"https:\/\/waldis-ag.ch\/printing\/produkt\/xm3250\/#breadcrumb","itemListElement":[{"@type":"ListItem","position":1,"name":"Produkte","item":"https:\/\/waldis-ag.ch\/printing\/produkte\/"},{"@type":"ListItem","position":2,"name":"XM3250"}]}]}},"_links":{"self":[{"href":"https:\/\/waldis-ag.ch\/printing\/wp-json\/wp\/v2\/product\/13366"}],"collection":[{"href":"https:\/\/waldis-ag.ch\/printing\/wp-json\/wp\/v2\/product"}],"about":[{"href":"https:\/\/waldis-ag.ch\/printing\/wp-json\/wp\/v2\/types\/product"}],"replies":[{"embeddable":true,"href":"https:\/\/waldis-ag.ch\/printing\/wp-json\/wp\/v2\/comments?post=13366"}],"wp:featuredmedia":[{"embeddable":true,"href":"https:\/\/waldis-ag.ch\/printing\/wp-json\/wp\/v2\/media\/13337"}],"wp:attachment":[{"href":"https:\/\/waldis-ag.ch\/printing\/wp-json\/wp\/v2\/media?parent=13366"}],"wp:term":[{"taxonomy":"product_cat","embeddable":true,"href":"https:\/\/waldis-ag.ch\/printing\/wp-json\/wp\/v2\/product_cat?post=13366"},{"taxonomy":"product_tag","embeddable":true,"href":"https:\/\/waldis-ag.ch\/printing\/wp-json\/wp\/v2\/product_tag?post=13366"}],"curies":[{"name":"wp","href":"https:\/\/api.w.org\/{rel}","templated":true}]}}