{"id":11951,"date":"2018-01-19T16:24:26","date_gmt":"2018-01-19T15:24:26","guid":{"rendered":"https:\/\/waldis-ag.ch\/printing\/?post_type=product&#038;p=11951"},"modified":"2018-09-19T16:26:54","modified_gmt":"2018-09-19T14:26:54","slug":"xc9265","status":"publish","type":"product","link":"https:\/\/waldis-ag.ch\/printing\/produkt\/xc9265\/","title":{"rendered":"XC9265"},"content":{"rendered":"<p>[vc_row][vc_column][vc_column_text]<\/p>\n<h4><strong>HIGHLIGHTS<\/strong><\/h4>\n<ul>\n<li>Druckgeschwindigkeit bis zu 65 Seiten pro Minute<\/li>\n<li>E-Task Farb-Touchscreen (25 cm)<\/li>\n<li>Finishing-Optionen<\/li>\n<li>Bis A3-Druck<\/li>\n<li>Schnelles Scannen von bis zu 160 Seiten pro Minute<\/li>\n<li>Standardm\u00e4ssige OCR und erweiterte Routing-Optionen<\/li>\n<li>Mobile Print<\/li>\n<\/ul>\n<p>[\/vc_column_text][\/vc_column][\/vc_row][vc_row][vc_column][vc_empty_space height=&#8221;60px&#8221; el_class=&#8221;emptyspacepage&#8221;]<a itemprop=\"url\" href=\"http:\/\/www.waldis-ag.ch\/printing\/wp-content\/uploads\/sites\/7\/2018\/09\/lexmark-xc9265.pdf\" target=\"_blank\"  class=\"edgtf-btn edgtf-btn-medium edgtf-btn-outline\"  >\n\t<span class=\"edgtf-btn-text\">TECHNISCHE DATEN (PDF)<\/span>\n    <\/a>[vc_empty_space height=&#8221;30px&#8221; el_class=&#8221;emptyspacepage&#8221;][\/vc_column][\/vc_row][vc_row][vc_column width=&#8221;1\/2&#8243;]\r\n<div id=\"ersspace-1\"><\/div><style type=\"text\/css\">#ersspace-1 { height: 60px; }\r\n@media handheld, only screen and (max-width: 767px) {\r\n\t#ersspace-1 { height: 40px; }\r\n}<\/style>[vc_single_image image=&#8221;11903&#8243; img_size=&#8221;full&#8221; alignment=&#8221;center&#8221; onclick=&#8221;link_image&#8221; css_animation=&#8221;fadeIn&#8221;][\/vc_column][vc_column width=&#8221;1\/2&#8243;]\r\n<div id=\"ersspace-2\"><\/div><style type=\"text\/css\">#ersspace-2 { height: 60px; }\r\n@media handheld, only screen and (max-width: 767px) {\r\n\t#ersspace-2 { height: 40px; }\r\n}<\/style>[vc_single_image image=&#8221;11902&#8243; img_size=&#8221;full&#8221; alignment=&#8221;center&#8221; onclick=&#8221;link_image&#8221; css_animation=&#8221;fadeIn&#8221;][\/vc_column][\/vc_row][vc_row][vc_column width=&#8221;1\/2&#8243;][vc_empty_space height=&#8221;30px&#8221; el_class=&#8221;emptyspacepage&#8221;][vc_single_image image=&#8221;11905&#8243; img_size=&#8221;full&#8221; alignment=&#8221;center&#8221; onclick=&#8221;link_image&#8221; css_animation=&#8221;fadeIn&#8221;][\/vc_column][vc_column width=&#8221;1\/2&#8243;][vc_empty_space height=&#8221;30px&#8221; el_class=&#8221;emptyspacepage&#8221;][\/vc_column][\/vc_row]<\/p>\n","protected":false},"excerpt":{"rendered":"<p>Wenn Sie \u00fcber den Standard in\u00a0puncto Seitenformate, Druck- und\u00a0Scangeschwindigkeiten sowie\u00a0gew\u00f6hnliche Wartungsintervalle\u00a0hinausgehen m\u00f6chten, bew\u00e4ltigt\u00a0die vielseitige MFP-Familie mit\u00a0Multiformat-Farbdruck von Lexmark\u00a0anspruchsvolle Arbeitslasten dank\u00a0einer leistungsstarken Kombination\u00a0aus Druck-, Kopier-, Scan-, Fax- und\u00a0optionalen Finishing-Funktionen.\u00a0Die Vorteile des innovativen\u00a0Produktkonzeptes von Lexmark\u00a0werden erg\u00e4nzt durch das integrierte\u00a0Portfolio an Funktionen und Services.<\/p>\n","protected":false},"featured_media":11904,"comment_status":"open","ping_status":"closed","template":"","meta":[],"product_cat":[42,27],"product_tag":[],"yoast_head":"<!-- This site is optimized with the Yoast SEO plugin v18.4.1 - https:\/\/yoast.com\/wordpress\/plugins\/seo\/ -->\n<title>Lexmark XC9265 Multifunktionsdrucker - Waldis<\/title>\n<meta name=\"description\" content=\"Lexmark XC9265 Multifunktionsdrucker und eine breite Palette an Drucksystemen, Dokumentenscanner, CAD- und GIS-Plotter f\u00fcr den Grossformatdruck. \u2713 Erfahren Sie mehr \u00fcber unsere umfassenden Serviceleistungen und unsere Print- und Finanzierungs-L\u00f6sungen f\u00fcr einen effizienten und kosteng\u00fcnstigen Unterhalt.\" \/>\n<meta name=\"robots\" content=\"index, follow, max-snippet:-1, max-image-preview:large, max-video-preview:-1\" \/>\n<link rel=\"canonical\" href=\"https:\/\/waldis-ag.ch\/printing\/produkt\/xc9265\/\" \/>\n<meta property=\"og:locale\" content=\"de_DE\" \/>\n<meta property=\"og:type\" content=\"article\" \/>\n<meta property=\"og:title\" content=\"Lexmark XC9265 Multifunktionsdrucker - Waldis\" \/>\n<meta property=\"og:description\" content=\"Lexmark XC9265 Multifunktionsdrucker und eine breite Palette an Drucksystemen, Dokumentenscanner, CAD- und GIS-Plotter f\u00fcr den Grossformatdruck. \u2713 Erfahren Sie mehr \u00fcber unsere umfassenden Serviceleistungen und unsere Print- und Finanzierungs-L\u00f6sungen f\u00fcr einen effizienten und kosteng\u00fcnstigen Unterhalt.\" \/>\n<meta property=\"og:url\" content=\"https:\/\/waldis-ag.ch\/printing\/produkt\/xc9265\/\" \/>\n<meta property=\"og:site_name\" content=\"Waldis\" \/>\n<meta property=\"article:modified_time\" content=\"2018-09-19T14:26:54+00:00\" \/>\n<meta property=\"og:image\" content=\"https:\/\/waldis-ag.ch\/printing\/wp-content\/uploads\/sites\/7\/2018\/09\/lexmark-xc9265_head.jpg\" \/>\n\t<meta property=\"og:image:width\" content=\"2204\" \/>\n\t<meta property=\"og:image:height\" content=\"1482\" \/>\n\t<meta property=\"og:image:type\" content=\"image\/jpeg\" \/>\n<meta name=\"twitter:card\" content=\"summary_large_image\" \/>\n<meta name=\"twitter:label1\" content=\"Est. reading time\" \/>\n\t<meta name=\"twitter:data1\" content=\"1 Minute\" \/>\n<script type=\"application\/ld+json\" class=\"yoast-schema-graph\">{\"@context\":\"https:\/\/schema.org\",\"@graph\":[{\"@type\":\"WebSite\",\"@id\":\"https:\/\/waldis-ag.ch\/printing\/#website\",\"url\":\"https:\/\/waldis-ag.ch\/printing\/\",\"name\":\"Waldis\",\"description\":\"\",\"potentialAction\":[{\"@type\":\"SearchAction\",\"target\":{\"@type\":\"EntryPoint\",\"urlTemplate\":\"https:\/\/waldis-ag.ch\/printing\/?s={search_term_string}\"},\"query-input\":\"required name=search_term_string\"}],\"inLanguage\":\"de-CH\"},{\"@type\":\"ImageObject\",\"@id\":\"https:\/\/waldis-ag.ch\/printing\/produkt\/xc9265\/#primaryimage\",\"inLanguage\":\"de-CH\",\"url\":\"https:\/\/waldis-ag.ch\/printing\/wp-content\/uploads\/sites\/7\/2018\/09\/lexmark-xc9265_head.jpg\",\"contentUrl\":\"https:\/\/waldis-ag.ch\/printing\/wp-content\/uploads\/sites\/7\/2018\/09\/lexmark-xc9265_head.jpg\",\"width\":2204,\"height\":1482,\"caption\":\"XC9265 von Lexmark\"},{\"@type\":\"WebPage\",\"@id\":\"https:\/\/waldis-ag.ch\/printing\/produkt\/xc9265\/#webpage\",\"url\":\"https:\/\/waldis-ag.ch\/printing\/produkt\/xc9265\/\",\"name\":\"Lexmark XC9265 Multifunktionsdrucker - Waldis\",\"isPartOf\":{\"@id\":\"https:\/\/waldis-ag.ch\/printing\/#website\"},\"primaryImageOfPage\":{\"@id\":\"https:\/\/waldis-ag.ch\/printing\/produkt\/xc9265\/#primaryimage\"},\"datePublished\":\"2018-01-19T15:24:26+00:00\",\"dateModified\":\"2018-09-19T14:26:54+00:00\",\"description\":\"Lexmark XC9265 Multifunktionsdrucker und eine breite Palette an Drucksystemen, Dokumentenscanner, CAD- und GIS-Plotter f\u00fcr den Grossformatdruck. \u2713 Erfahren Sie mehr \u00fcber unsere umfassenden Serviceleistungen und unsere Print- und Finanzierungs-L\u00f6sungen f\u00fcr einen effizienten und kosteng\u00fcnstigen Unterhalt.\",\"breadcrumb\":{\"@id\":\"https:\/\/waldis-ag.ch\/printing\/produkt\/xc9265\/#breadcrumb\"},\"inLanguage\":\"de-CH\",\"potentialAction\":[{\"@type\":\"ReadAction\",\"target\":[\"https:\/\/waldis-ag.ch\/printing\/produkt\/xc9265\/\"]}]},{\"@type\":\"BreadcrumbList\",\"@id\":\"https:\/\/waldis-ag.ch\/printing\/produkt\/xc9265\/#breadcrumb\",\"itemListElement\":[{\"@type\":\"ListItem\",\"position\":1,\"name\":\"Produkte\",\"item\":\"https:\/\/waldis-ag.ch\/printing\/produkte\/\"},{\"@type\":\"ListItem\",\"position\":2,\"name\":\"XC9265\"}]}]}<\/script>\n<!-- \/ Yoast SEO plugin. -->","yoast_head_json":{"title":"Lexmark XC9265 Multifunktionsdrucker - Waldis","description":"Lexmark XC9265 Multifunktionsdrucker und eine breite Palette an Drucksystemen, Dokumentenscanner, CAD- und GIS-Plotter f\u00fcr den Grossformatdruck. \u2713 Erfahren Sie mehr \u00fcber unsere umfassenden Serviceleistungen und unsere Print- und Finanzierungs-L\u00f6sungen f\u00fcr einen effizienten und kosteng\u00fcnstigen Unterhalt.","robots":{"index":"index","follow":"follow","max-snippet":"max-snippet:-1","max-image-preview":"max-image-preview:large","max-video-preview":"max-video-preview:-1"},"canonical":"https:\/\/waldis-ag.ch\/printing\/produkt\/xc9265\/","og_locale":"de_DE","og_type":"article","og_title":"Lexmark XC9265 Multifunktionsdrucker - Waldis","og_description":"Lexmark XC9265 Multifunktionsdrucker und eine breite Palette an Drucksystemen, Dokumentenscanner, CAD- und GIS-Plotter f\u00fcr den Grossformatdruck. \u2713 Erfahren Sie mehr \u00fcber unsere umfassenden Serviceleistungen und unsere Print- und Finanzierungs-L\u00f6sungen f\u00fcr einen effizienten und kosteng\u00fcnstigen Unterhalt.","og_url":"https:\/\/waldis-ag.ch\/printing\/produkt\/xc9265\/","og_site_name":"Waldis","article_modified_time":"2018-09-19T14:26:54+00:00","og_image":[{"width":2204,"height":1482,"url":"https:\/\/waldis-ag.ch\/printing\/wp-content\/uploads\/sites\/7\/2018\/09\/lexmark-xc9265_head.jpg","type":"image\/jpeg"}],"twitter_card":"summary_large_image","twitter_misc":{"Est. reading time":"1 Minute"},"schema":{"@context":"https:\/\/schema.org","@graph":[{"@type":"WebSite","@id":"https:\/\/waldis-ag.ch\/printing\/#website","url":"https:\/\/waldis-ag.ch\/printing\/","name":"Waldis","description":"","potentialAction":[{"@type":"SearchAction","target":{"@type":"EntryPoint","urlTemplate":"https:\/\/waldis-ag.ch\/printing\/?s={search_term_string}"},"query-input":"required name=search_term_string"}],"inLanguage":"de-CH"},{"@type":"ImageObject","@id":"https:\/\/waldis-ag.ch\/printing\/produkt\/xc9265\/#primaryimage","inLanguage":"de-CH","url":"https:\/\/waldis-ag.ch\/printing\/wp-content\/uploads\/sites\/7\/2018\/09\/lexmark-xc9265_head.jpg","contentUrl":"https:\/\/waldis-ag.ch\/printing\/wp-content\/uploads\/sites\/7\/2018\/09\/lexmark-xc9265_head.jpg","width":2204,"height":1482,"caption":"XC9265 von Lexmark"},{"@type":"WebPage","@id":"https:\/\/waldis-ag.ch\/printing\/produkt\/xc9265\/#webpage","url":"https:\/\/waldis-ag.ch\/printing\/produkt\/xc9265\/","name":"Lexmark XC9265 Multifunktionsdrucker - Waldis","isPartOf":{"@id":"https:\/\/waldis-ag.ch\/printing\/#website"},"primaryImageOfPage":{"@id":"https:\/\/waldis-ag.ch\/printing\/produkt\/xc9265\/#primaryimage"},"datePublished":"2018-01-19T15:24:26+00:00","dateModified":"2018-09-19T14:26:54+00:00","description":"Lexmark XC9265 Multifunktionsdrucker und eine breite Palette an Drucksystemen, Dokumentenscanner, CAD- und GIS-Plotter f\u00fcr den Grossformatdruck. \u2713 Erfahren Sie mehr \u00fcber unsere umfassenden Serviceleistungen und unsere Print- und Finanzierungs-L\u00f6sungen f\u00fcr einen effizienten und kosteng\u00fcnstigen Unterhalt.","breadcrumb":{"@id":"https:\/\/waldis-ag.ch\/printing\/produkt\/xc9265\/#breadcrumb"},"inLanguage":"de-CH","potentialAction":[{"@type":"ReadAction","target":["https:\/\/waldis-ag.ch\/printing\/produkt\/xc9265\/"]}]},{"@type":"BreadcrumbList","@id":"https:\/\/waldis-ag.ch\/printing\/produkt\/xc9265\/#breadcrumb","itemListElement":[{"@type":"ListItem","position":1,"name":"Produkte","item":"https:\/\/waldis-ag.ch\/printing\/produkte\/"},{"@type":"ListItem","position":2,"name":"XC9265"}]}]}},"_links":{"self":[{"href":"https:\/\/waldis-ag.ch\/printing\/wp-json\/wp\/v2\/product\/11951"}],"collection":[{"href":"https:\/\/waldis-ag.ch\/printing\/wp-json\/wp\/v2\/product"}],"about":[{"href":"https:\/\/waldis-ag.ch\/printing\/wp-json\/wp\/v2\/types\/product"}],"replies":[{"embeddable":true,"href":"https:\/\/waldis-ag.ch\/printing\/wp-json\/wp\/v2\/comments?post=11951"}],"wp:featuredmedia":[{"embeddable":true,"href":"https:\/\/waldis-ag.ch\/printing\/wp-json\/wp\/v2\/media\/11904"}],"wp:attachment":[{"href":"https:\/\/waldis-ag.ch\/printing\/wp-json\/wp\/v2\/media?parent=11951"}],"wp:term":[{"taxonomy":"product_cat","embeddable":true,"href":"https:\/\/waldis-ag.ch\/printing\/wp-json\/wp\/v2\/product_cat?post=11951"},{"taxonomy":"product_tag","embeddable":true,"href":"https:\/\/waldis-ag.ch\/printing\/wp-json\/wp\/v2\/product_tag?post=11951"}],"curies":[{"name":"wp","href":"https:\/\/api.w.org\/{rel}","templated":true}]}}