{"id":11934,"date":"2017-09-19T07:31:30","date_gmt":"2017-09-19T05:31:30","guid":{"rendered":"https:\/\/waldis-ag.ch\/printing\/?post_type=product&#038;p=11934"},"modified":"2018-09-19T08:22:28","modified_gmt":"2018-09-19T06:22:28","slug":"c4150","status":"publish","type":"product","link":"https:\/\/waldis-ag.ch\/printing\/produkt\/c4150\/","title":{"rendered":"C4150"},"content":{"rendered":"<p>[vc_row][vc_column][vc_column_text]<\/p>\n<h4><\/h4>\n<h4><strong>HIGHLIGHTS<\/strong><\/h4>\n<ul>\n<li>Druckgeschwindigkeit von bis zu 47 Seiten pro Minute<\/li>\n<li>Durch hochergiebige Tonerkapazit\u00e4t und \u201esch\u00fcttelfreie\u201c\u00a0Technologie verringern Sie Ihre Druckkosten<\/li>\n<li>e-Task Farb-Touchscreen (10,9 cm)<\/li>\n<li>Drucken von Microsoft Office-Dateien und anderen Dateitypen\u00a0\u00fcber USB oder mobile Ger\u00e4te<\/li>\n<li>Brillante Farben in einem kosteng\u00fcnstigen, platzsparenden Ger\u00e4t<\/li>\n<li>Erweiterbare Papierzuf\u00fchrungen<\/li>\n<\/ul>\n<p>[\/vc_column_text][\/vc_column][\/vc_row][vc_row][vc_column][vc_empty_space height=&#8221;60px&#8221; el_class=&#8221;emptyspacepage&#8221;]<a itemprop=\"url\" href=\"http:\/\/www.waldis-ag.ch\/printing\/wp-content\/uploads\/sites\/7\/2018\/09\/lexmark-c4150.pdf\" target=\"_blank\"  class=\"edgtf-btn edgtf-btn-medium edgtf-btn-outline\"  >\n\t<span class=\"edgtf-btn-text\">TECHNISCHE DATEN (PDF)<\/span>\n    <\/a>[vc_empty_space height=&#8221;30px&#8221; el_class=&#8221;emptyspacepage&#8221;][\/vc_column][\/vc_row][vc_row][vc_column width=&#8221;1\/2&#8243;]\r\n<div id=\"ersspace-1\"><\/div><style type=\"text\/css\">#ersspace-1 { height: 60px; }\r\n@media handheld, only screen and (max-width: 767px) {\r\n\t#ersspace-1 { height: 40px; }\r\n}<\/style>[vc_single_image image=&#8221;11914&#8243; img_size=&#8221;full&#8221; alignment=&#8221;center&#8221; onclick=&#8221;link_image&#8221; css_animation=&#8221;fadeIn&#8221;][\/vc_column][vc_column width=&#8221;1\/2&#8243;]\r\n<div id=\"ersspace-2\"><\/div><style type=\"text\/css\">#ersspace-2 { height: 60px; }\r\n@media handheld, only screen and (max-width: 767px) {\r\n\t#ersspace-2 { height: 40px; }\r\n}<\/style>[vc_single_image image=&#8221;11913&#8243; img_size=&#8221;full&#8221; alignment=&#8221;center&#8221; onclick=&#8221;link_image&#8221; css_animation=&#8221;fadeIn&#8221;][\/vc_column][\/vc_row][vc_row][vc_column width=&#8221;1\/2&#8243;][vc_empty_space height=&#8221;30px&#8221; el_class=&#8221;emptyspacepage&#8221;][vc_single_image image=&#8221;11908&#8243; img_size=&#8221;full&#8221; alignment=&#8221;center&#8221; onclick=&#8221;link_image&#8221; css_animation=&#8221;fadeIn&#8221;][\/vc_column][vc_column width=&#8221;1\/2&#8243;][vc_empty_space height=&#8221;30px&#8221; el_class=&#8221;emptyspacepage&#8221;][vc_single_image image=&#8221;11910&#8243; img_size=&#8221;full&#8221; alignment=&#8221;center&#8221; onclick=&#8221;link_image&#8221; css_animation=&#8221;fadeIn&#8221;][\/vc_column][\/vc_row][vc_row][vc_column width=&#8221;1\/2&#8243;][vc_empty_space height=&#8221;30px&#8221; el_class=&#8221;emptyspacepage&#8221;][vc_single_image image=&#8221;11909&#8243; img_size=&#8221;635&#215;1230&#8243; alignment=&#8221;center&#8221; onclick=&#8221;link_image&#8221; css_animation=&#8221;fadeIn&#8221; el_class=&#8221;photo1of2half&#8221;][\/vc_column][vc_column width=&#8221;1\/2&#8243;][vc_empty_space height=&#8221;30px&#8221; el_class=&#8221;emptyspacepage&#8221;][vc_single_image image=&#8221;11911&#8243; img_size=&#8221;635&#215;600&#8243; alignment=&#8221;center&#8221; onclick=&#8221;link_image&#8221; css_animation=&#8221;fadeIn&#8221;][vc_empty_space height=&#8221;30px&#8221; el_class=&#8221;emptyspacepage&#8221;][vc_single_image image=&#8221;11912&#8243; img_size=&#8221;635&#215;600&#8243; alignment=&#8221;center&#8221; onclick=&#8221;link_image&#8221; css_animation=&#8221;fadeIn&#8221;][\/vc_column][\/vc_row]<\/p>\n","protected":false},"excerpt":{"rendered":"<p>Sparen Sie Zeit mit der integrierten Software und den L\u00f6sungen\u00a0des C4150 von Lexmark. Bleiben Sie produktiv mit Druckgeschwindigkeiten,\u00a0die Arbeitsabl\u00e4ufe schnell und fliessend erledigen. Sorgen Sie mit\u00a0wundervollen Farben f\u00fcr ein professionelles Erscheinungsbild.<\/p>\n<p>Mithilfe\u00a0der\u00a0Funktion Mobile Printing arbeiten und drucken Sie von iOS-, Android- und\u00a0Microsoft-Mobilger\u00e4ten von \u00fcberall aus.<\/p>\n<p>Verringern Sie die Wartezeiten, da der C4150 in der Lage ist, eine Farbseite in nur 5,5 Sekunden auszudrucken. Durch den praktischen Direktdruck \u00fcber den USB-Stick, Netzwerklaufwerken oder Online-Servern k\u00f6nnen Sie noch mehr Zeiteinsparungen erzielen.<\/p>\n<p>Erledigen Sie komplexe Auftr\u00e4ge mit grossen, hochaufl\u00f6senden\u00a0Fotos und Grafiken im Eiltempo. Die von Ihnen ben\u00f6tigte\u00a0Verarbeitungsleistung ist direkt in die leistungsstarke\u00a0Drucksteuerung integriert.<\/p>\n<p>&nbsp;<\/p>\n","protected":false},"featured_media":11915,"comment_status":"open","ping_status":"closed","template":"","meta":[],"product_cat":[99,27],"product_tag":[],"yoast_head":"<!-- This site is optimized with the Yoast SEO plugin v18.4.1 - https:\/\/yoast.com\/wordpress\/plugins\/seo\/ -->\n<title>Lexmark C4150 Multifunktionsdrucker - Waldis<\/title>\n<meta name=\"description\" content=\"Lexmark C4150 Multifunktionsdrucker und eine breite Palette an Drucksystemen, Dokumentenscanner, CAD- und GIS-Plotter f\u00fcr den Grossformatdruck. \u2713 Erfahren Sie mehr \u00fcber unsere umfassenden Serviceleistungen und unsere Print- und Finanzierungs-L\u00f6sungen f\u00fcr einen effizienten und kosteng\u00fcnstigen Unterhalt.\" \/>\n<meta name=\"robots\" content=\"index, follow, max-snippet:-1, max-image-preview:large, max-video-preview:-1\" \/>\n<link rel=\"canonical\" href=\"https:\/\/waldis-ag.ch\/printing\/produkt\/c4150\/\" \/>\n<meta property=\"og:locale\" content=\"de_DE\" \/>\n<meta property=\"og:type\" content=\"article\" \/>\n<meta property=\"og:title\" content=\"Lexmark C4150 Multifunktionsdrucker - Waldis\" \/>\n<meta property=\"og:description\" content=\"Lexmark C4150 Multifunktionsdrucker und eine breite Palette an Drucksystemen, Dokumentenscanner, CAD- und GIS-Plotter f\u00fcr den Grossformatdruck. \u2713 Erfahren Sie mehr \u00fcber unsere umfassenden Serviceleistungen und unsere Print- und Finanzierungs-L\u00f6sungen f\u00fcr einen effizienten und kosteng\u00fcnstigen Unterhalt.\" \/>\n<meta property=\"og:url\" content=\"https:\/\/waldis-ag.ch\/printing\/produkt\/c4150\/\" \/>\n<meta property=\"og:site_name\" content=\"Waldis\" \/>\n<meta property=\"article:modified_time\" content=\"2018-09-19T06:22:28+00:00\" \/>\n<meta property=\"og:image\" content=\"https:\/\/waldis-ag.ch\/printing\/wp-content\/uploads\/sites\/7\/2018\/09\/lexmark-c4150_head.jpg\" \/>\n\t<meta property=\"og:image:width\" content=\"2600\" \/>\n\t<meta property=\"og:image:height\" content=\"2138\" \/>\n\t<meta property=\"og:image:type\" content=\"image\/jpeg\" \/>\n<meta name=\"twitter:card\" content=\"summary_large_image\" \/>\n<meta name=\"twitter:label1\" content=\"Est. reading time\" \/>\n\t<meta name=\"twitter:data1\" content=\"2 Minuten\" \/>\n<script type=\"application\/ld+json\" class=\"yoast-schema-graph\">{\"@context\":\"https:\/\/schema.org\",\"@graph\":[{\"@type\":\"WebSite\",\"@id\":\"https:\/\/waldis-ag.ch\/printing\/#website\",\"url\":\"https:\/\/waldis-ag.ch\/printing\/\",\"name\":\"Waldis\",\"description\":\"\",\"potentialAction\":[{\"@type\":\"SearchAction\",\"target\":{\"@type\":\"EntryPoint\",\"urlTemplate\":\"https:\/\/waldis-ag.ch\/printing\/?s={search_term_string}\"},\"query-input\":\"required name=search_term_string\"}],\"inLanguage\":\"de-CH\"},{\"@type\":\"ImageObject\",\"@id\":\"https:\/\/waldis-ag.ch\/printing\/produkt\/c4150\/#primaryimage\",\"inLanguage\":\"de-CH\",\"url\":\"https:\/\/waldis-ag.ch\/printing\/wp-content\/uploads\/sites\/7\/2018\/09\/lexmark-c4150_head-scaled.jpg\",\"contentUrl\":\"https:\/\/waldis-ag.ch\/printing\/wp-content\/uploads\/sites\/7\/2018\/09\/lexmark-c4150_head-scaled.jpg\",\"width\":2600,\"height\":2138,\"caption\":\"Lexmark C4150\"},{\"@type\":\"WebPage\",\"@id\":\"https:\/\/waldis-ag.ch\/printing\/produkt\/c4150\/#webpage\",\"url\":\"https:\/\/waldis-ag.ch\/printing\/produkt\/c4150\/\",\"name\":\"Lexmark C4150 Multifunktionsdrucker - Waldis\",\"isPartOf\":{\"@id\":\"https:\/\/waldis-ag.ch\/printing\/#website\"},\"primaryImageOfPage\":{\"@id\":\"https:\/\/waldis-ag.ch\/printing\/produkt\/c4150\/#primaryimage\"},\"datePublished\":\"2017-09-19T05:31:30+00:00\",\"dateModified\":\"2018-09-19T06:22:28+00:00\",\"description\":\"Lexmark C4150 Multifunktionsdrucker und eine breite Palette an Drucksystemen, Dokumentenscanner, CAD- und GIS-Plotter f\u00fcr den Grossformatdruck. \u2713 Erfahren Sie mehr \u00fcber unsere umfassenden Serviceleistungen und unsere Print- und Finanzierungs-L\u00f6sungen f\u00fcr einen effizienten und kosteng\u00fcnstigen Unterhalt.\",\"breadcrumb\":{\"@id\":\"https:\/\/waldis-ag.ch\/printing\/produkt\/c4150\/#breadcrumb\"},\"inLanguage\":\"de-CH\",\"potentialAction\":[{\"@type\":\"ReadAction\",\"target\":[\"https:\/\/waldis-ag.ch\/printing\/produkt\/c4150\/\"]}]},{\"@type\":\"BreadcrumbList\",\"@id\":\"https:\/\/waldis-ag.ch\/printing\/produkt\/c4150\/#breadcrumb\",\"itemListElement\":[{\"@type\":\"ListItem\",\"position\":1,\"name\":\"Produkte\",\"item\":\"https:\/\/waldis-ag.ch\/printing\/produkte\/\"},{\"@type\":\"ListItem\",\"position\":2,\"name\":\"C4150\"}]}]}<\/script>\n<!-- \/ Yoast SEO plugin. -->","yoast_head_json":{"title":"Lexmark C4150 Multifunktionsdrucker - Waldis","description":"Lexmark C4150 Multifunktionsdrucker und eine breite Palette an Drucksystemen, Dokumentenscanner, CAD- und GIS-Plotter f\u00fcr den Grossformatdruck. \u2713 Erfahren Sie mehr \u00fcber unsere umfassenden Serviceleistungen und unsere Print- und Finanzierungs-L\u00f6sungen f\u00fcr einen effizienten und kosteng\u00fcnstigen Unterhalt.","robots":{"index":"index","follow":"follow","max-snippet":"max-snippet:-1","max-image-preview":"max-image-preview:large","max-video-preview":"max-video-preview:-1"},"canonical":"https:\/\/waldis-ag.ch\/printing\/produkt\/c4150\/","og_locale":"de_DE","og_type":"article","og_title":"Lexmark C4150 Multifunktionsdrucker - Waldis","og_description":"Lexmark C4150 Multifunktionsdrucker und eine breite Palette an Drucksystemen, Dokumentenscanner, CAD- und GIS-Plotter f\u00fcr den Grossformatdruck. \u2713 Erfahren Sie mehr \u00fcber unsere umfassenden Serviceleistungen und unsere Print- und Finanzierungs-L\u00f6sungen f\u00fcr einen effizienten und kosteng\u00fcnstigen Unterhalt.","og_url":"https:\/\/waldis-ag.ch\/printing\/produkt\/c4150\/","og_site_name":"Waldis","article_modified_time":"2018-09-19T06:22:28+00:00","og_image":[{"width":2600,"height":2138,"url":"https:\/\/waldis-ag.ch\/printing\/wp-content\/uploads\/sites\/7\/2018\/09\/lexmark-c4150_head.jpg","type":"image\/jpeg"}],"twitter_card":"summary_large_image","twitter_misc":{"Est. reading time":"2 Minuten"},"schema":{"@context":"https:\/\/schema.org","@graph":[{"@type":"WebSite","@id":"https:\/\/waldis-ag.ch\/printing\/#website","url":"https:\/\/waldis-ag.ch\/printing\/","name":"Waldis","description":"","potentialAction":[{"@type":"SearchAction","target":{"@type":"EntryPoint","urlTemplate":"https:\/\/waldis-ag.ch\/printing\/?s={search_term_string}"},"query-input":"required name=search_term_string"}],"inLanguage":"de-CH"},{"@type":"ImageObject","@id":"https:\/\/waldis-ag.ch\/printing\/produkt\/c4150\/#primaryimage","inLanguage":"de-CH","url":"https:\/\/waldis-ag.ch\/printing\/wp-content\/uploads\/sites\/7\/2018\/09\/lexmark-c4150_head-scaled.jpg","contentUrl":"https:\/\/waldis-ag.ch\/printing\/wp-content\/uploads\/sites\/7\/2018\/09\/lexmark-c4150_head-scaled.jpg","width":2600,"height":2138,"caption":"Lexmark C4150"},{"@type":"WebPage","@id":"https:\/\/waldis-ag.ch\/printing\/produkt\/c4150\/#webpage","url":"https:\/\/waldis-ag.ch\/printing\/produkt\/c4150\/","name":"Lexmark C4150 Multifunktionsdrucker - Waldis","isPartOf":{"@id":"https:\/\/waldis-ag.ch\/printing\/#website"},"primaryImageOfPage":{"@id":"https:\/\/waldis-ag.ch\/printing\/produkt\/c4150\/#primaryimage"},"datePublished":"2017-09-19T05:31:30+00:00","dateModified":"2018-09-19T06:22:28+00:00","description":"Lexmark C4150 Multifunktionsdrucker und eine breite Palette an Drucksystemen, Dokumentenscanner, CAD- und GIS-Plotter f\u00fcr den Grossformatdruck. \u2713 Erfahren Sie mehr \u00fcber unsere umfassenden Serviceleistungen und unsere Print- und Finanzierungs-L\u00f6sungen f\u00fcr einen effizienten und kosteng\u00fcnstigen Unterhalt.","breadcrumb":{"@id":"https:\/\/waldis-ag.ch\/printing\/produkt\/c4150\/#breadcrumb"},"inLanguage":"de-CH","potentialAction":[{"@type":"ReadAction","target":["https:\/\/waldis-ag.ch\/printing\/produkt\/c4150\/"]}]},{"@type":"BreadcrumbList","@id":"https:\/\/waldis-ag.ch\/printing\/produkt\/c4150\/#breadcrumb","itemListElement":[{"@type":"ListItem","position":1,"name":"Produkte","item":"https:\/\/waldis-ag.ch\/printing\/produkte\/"},{"@type":"ListItem","position":2,"name":"C4150"}]}]}},"_links":{"self":[{"href":"https:\/\/waldis-ag.ch\/printing\/wp-json\/wp\/v2\/product\/11934"}],"collection":[{"href":"https:\/\/waldis-ag.ch\/printing\/wp-json\/wp\/v2\/product"}],"about":[{"href":"https:\/\/waldis-ag.ch\/printing\/wp-json\/wp\/v2\/types\/product"}],"replies":[{"embeddable":true,"href":"https:\/\/waldis-ag.ch\/printing\/wp-json\/wp\/v2\/comments?post=11934"}],"wp:featuredmedia":[{"embeddable":true,"href":"https:\/\/waldis-ag.ch\/printing\/wp-json\/wp\/v2\/media\/11915"}],"wp:attachment":[{"href":"https:\/\/waldis-ag.ch\/printing\/wp-json\/wp\/v2\/media?parent=11934"}],"wp:term":[{"taxonomy":"product_cat","embeddable":true,"href":"https:\/\/waldis-ag.ch\/printing\/wp-json\/wp\/v2\/product_cat?post=11934"},{"taxonomy":"product_tag","embeddable":true,"href":"https:\/\/waldis-ag.ch\/printing\/wp-json\/wp\/v2\/product_tag?post=11934"}],"curies":[{"name":"wp","href":"https:\/\/api.w.org\/{rel}","templated":true}]}}