{"id":1111,"date":"2018-02-16T09:59:29","date_gmt":"2018-02-16T09:59:29","guid":{"rendered":"https:\/\/waldisprinting.ch\/?post_type=product&#038;p=1111"},"modified":"2018-04-04T14:15:26","modified_gmt":"2018-04-04T14:15:26","slug":"bizhub-c759","status":"publish","type":"product","link":"https:\/\/waldis-ag.ch\/printing\/produkt\/bizhub-c759\/","title":{"rendered":"bizhub C759"},"content":{"rendered":"<p>[vc_row][vc_column][vc_empty_space height=&#8221;30px&#8221; el_class=&#8221;emptyspacepage&#8221;][vc_column_text]<\/p>\n<h4><strong>HIGHLIGHTS<\/strong><\/h4>\n<ul>\n<li>Druckgeschwindigkeit A4\/A3: Farbe 65\/32 Seiten\/Minute; Schwarzweiss 75\/37 Seiten\/Minute<\/li>\n<li>Papierformate: A6-SRA3, benutzerdefinierte Formate und Banner-Format bis zu 1.2 Metern L\u00e4nge<\/li>\n<li>10 Zoll Farbe-Touch-Panel mit Multi-Touch Support biete bietet mehr Komfort und Flexibilit\u00e4t f\u00fcr den heutigen Arbeitsstil<\/li>\n<li>Der Dual-Scan-Vorlageneinzug scannt die Vorderseite und R\u00fcckseite von doppelseitigen Originalen in einem Durchgang mit einer<\/li>\n<li>Geschwindigkeit von 240 Seiten pro Minute<\/li>\n<li>Perfekte Plattform f\u00fcr produktive B\u00fcroumgebungen mit modularen Finishing- und Papierfachoptionen<\/li>\n<\/ul>\n<p>[\/vc_column_text][\/vc_column][\/vc_row][vc_row][vc_column][vc_empty_space height=&#8221;30px&#8221; el_class=&#8221;emptyspacepage&#8221;]<a itemprop=\"url\" href=\"https:\/\/waldisprinting.ch\/wp-content\/uploads\/sites\/7\/2018\/01\/konica-minolta_bizhub-c759.pdf\" target=\"_blank\"  class=\"edgtf-btn edgtf-btn-medium edgtf-btn-outline\"  >\n\t<span class=\"edgtf-btn-text\">TECHNISCHE DATEN (PDF)<\/span>\n    <\/a>[\/vc_column][\/vc_row][vc_row][vc_column]\r\n<div id=\"ersspace-1\"><\/div><style type=\"text\/css\">#ersspace-1 { height: 60px; }\r\n@media handheld, only screen and (max-width: 767px) {\r\n\t#ersspace-1 { height: 40px; }\r\n}<\/style>[vc_single_image image=&#8221;1095&#8243; img_size=&#8221;full&#8221; alignment=&#8221;center&#8221; onclick=&#8221;link_image&#8221; css_animation=&#8221;fadeIn&#8221;][\/vc_column][\/vc_row][vc_row][vc_column width=&#8221;2\/3&#8243;][vc_empty_space height=&#8221;30px&#8221; el_class=&#8221;emptyspacepage&#8221;][vc_single_image image=&#8221;1097&#8243; img_size=&#8221;856&#215;651&#8243; alignment=&#8221;center&#8221; onclick=&#8221;link_image&#8221; css_animation=&#8221;fadeIn&#8221;][\/vc_column][vc_column width=&#8221;1\/3&#8243;][vc_empty_space height=&#8221;30px&#8221; el_class=&#8221;emptyspacepage&#8221;][vc_single_image image=&#8221;1094&#8243; img_size=&#8221;413&#215;310&#8243; alignment=&#8221;center&#8221; onclick=&#8221;link_image&#8221; css_animation=&#8221;fadeIn&#8221; css=&#8221;.vc_custom_1517306338037{background-position: center !important;background-repeat: no-repeat !important;background-size: cover !important;}&#8221; el_class=&#8221;photo3of1half&#8221;][vc_empty_space height=&#8221;30px&#8221; el_class=&#8221;emptyspacepage&#8221;][vc_single_image image=&#8221;1093&#8243; img_size=&#8221;413&#215;310&#8243; alignment=&#8221;center&#8221; onclick=&#8221;link_image&#8221; css_animation=&#8221;fadeIn&#8221; css=&#8221;.vc_custom_1517306344484{background-position: center !important;background-repeat: no-repeat !important;background-size: cover !important;}&#8221; el_class=&#8221;photo3of1half&#8221;][\/vc_column][\/vc_row][vc_row][vc_column width=&#8221;1\/3&#8243;][vc_empty_space height=&#8221;30px&#8221; el_class=&#8221;emptyspacepage&#8221;][vc_single_image image=&#8221;1091&#8243; img_size=&#8221;413&#215;651&#8243; alignment=&#8221;center&#8221; onclick=&#8221;link_image&#8221; css_animation=&#8221;fadeIn&#8221; css=&#8221;.vc_custom_1517306560848{background-position: center !important;background-repeat: no-repeat !important;background-size: cover !important;}&#8221; el_class=&#8221;photo2of1third&#8221;][\/vc_column][vc_column width=&#8221;2\/3&#8243;][vc_empty_space height=&#8221;30px&#8221; el_class=&#8221;emptyspacepage&#8221;][vc_single_image image=&#8221;1092&#8243; img_size=&#8221;856&#215;651&#8243; alignment=&#8221;center&#8221; onclick=&#8221;link_image&#8221; css_animation=&#8221;fadeIn&#8221;][\/vc_column][\/vc_row]<\/p>\n","protected":false},"excerpt":{"rendered":"<p>A3-Multifunktionssystem mit 75 Seiten\/Minute in S\/W und 65 Seiten\/Min. in Farbe. Standard\u00a0Emperon\u2122 Druckcontroller mit Unterst\u00fctzung f\u00fcr PCL 6, PCL 5, PostScript 3, PDF 1.7, XPS und\u00a0OOXML. Papierkapazit\u00e4ten von 500 + 500 +1000 + 1500 Blatt und 150 Blatt aus Stapelblatteinzug.\u00a0Medien von A6 bis SRA3, 1,2 m Banner und 52\u2013 300 g\/m\u00b2. 4 GB Speicher, 250 GB Festplatte\u00a0systemseitig nutzbar und 1 GB Ethernet als Standard.<\/p>\n","protected":false},"featured_media":1097,"comment_status":"open","ping_status":"closed","template":"","meta":[],"product_cat":[42,28],"product_tag":[],"yoast_head":"<!-- This site is optimized with the Yoast SEO plugin v18.4.1 - https:\/\/yoast.com\/wordpress\/plugins\/seo\/ -->\n<title>KONICA MINOLTA bizhub C759 Multifunktionsdrucker<\/title>\n<meta name=\"description\" content=\"KONICA MINOLTA bizhub C759 Drucker und eine breite Palette an Multifunktionsdrucker, Dokumentenscanner und CAD- und GIS-Plotter f\u00fcr den Grossformatdruck. \u2713 Erfahren Sie mehr \u00fcber unsere umfassenden Serviceleistungen und unsere Print- und Finanzierungs-L\u00f6sungen f\u00fcr einen effizienten und kosteng\u00fcnstigen Unterhalt.\" \/>\n<meta name=\"robots\" content=\"index, follow, max-snippet:-1, max-image-preview:large, max-video-preview:-1\" \/>\n<link rel=\"canonical\" href=\"https:\/\/waldis-ag.ch\/printing\/produkt\/bizhub-c759\/\" \/>\n<meta property=\"og:locale\" content=\"de_DE\" \/>\n<meta property=\"og:type\" content=\"article\" \/>\n<meta property=\"og:title\" content=\"KONICA MINOLTA bizhub C759 Multifunktionsdrucker\" \/>\n<meta property=\"og:description\" content=\"KONICA MINOLTA bizhub C759 Drucker und eine breite Palette an Multifunktionsdrucker, Dokumentenscanner und CAD- und GIS-Plotter f\u00fcr den Grossformatdruck. \u2713 Erfahren Sie mehr \u00fcber unsere umfassenden Serviceleistungen und unsere Print- und Finanzierungs-L\u00f6sungen f\u00fcr einen effizienten und kosteng\u00fcnstigen Unterhalt.\" \/>\n<meta property=\"og:url\" content=\"https:\/\/waldis-ag.ch\/printing\/produkt\/bizhub-c759\/\" \/>\n<meta property=\"og:site_name\" content=\"Waldis\" \/>\n<meta property=\"article:modified_time\" content=\"2018-04-04T14:15:26+00:00\" \/>\n<meta property=\"og:image\" content=\"https:\/\/waldis-ag.ch\/printing\/wp-content\/uploads\/sites\/7\/2018\/01\/konica-minolta_bizhub-c759_head.jpg\" \/>\n\t<meta property=\"og:image:width\" content=\"4658\" \/>\n\t<meta property=\"og:image:height\" content=\"3565\" \/>\n\t<meta property=\"og:image:type\" content=\"image\/jpeg\" \/>\n<meta name=\"twitter:card\" content=\"summary_large_image\" \/>\n<meta name=\"twitter:label1\" content=\"Est. reading time\" \/>\n\t<meta name=\"twitter:data1\" content=\"2 Minuten\" \/>\n<script type=\"application\/ld+json\" class=\"yoast-schema-graph\">{\"@context\":\"https:\/\/schema.org\",\"@graph\":[{\"@type\":\"WebSite\",\"@id\":\"https:\/\/waldis-ag.ch\/printing\/#website\",\"url\":\"https:\/\/waldis-ag.ch\/printing\/\",\"name\":\"Waldis\",\"description\":\"\",\"potentialAction\":[{\"@type\":\"SearchAction\",\"target\":{\"@type\":\"EntryPoint\",\"urlTemplate\":\"https:\/\/waldis-ag.ch\/printing\/?s={search_term_string}\"},\"query-input\":\"required name=search_term_string\"}],\"inLanguage\":\"de-CH\"},{\"@type\":\"ImageObject\",\"@id\":\"https:\/\/waldis-ag.ch\/printing\/produkt\/bizhub-c759\/#primaryimage\",\"inLanguage\":\"de-CH\",\"url\":\"https:\/\/waldis-ag.ch\/printing\/wp-content\/uploads\/sites\/7\/2018\/01\/konica-minolta_bizhub-c759_head-scaled.jpg\",\"contentUrl\":\"https:\/\/waldis-ag.ch\/printing\/wp-content\/uploads\/sites\/7\/2018\/01\/konica-minolta_bizhub-c759_head-scaled.jpg\",\"width\":4658,\"height\":3565,\"caption\":\"KONICA MINOLTA bizhub C759 Multifunktionsdrucker\"},{\"@type\":\"WebPage\",\"@id\":\"https:\/\/waldis-ag.ch\/printing\/produkt\/bizhub-c759\/#webpage\",\"url\":\"https:\/\/waldis-ag.ch\/printing\/produkt\/bizhub-c759\/\",\"name\":\"KONICA MINOLTA bizhub C759 Multifunktionsdrucker\",\"isPartOf\":{\"@id\":\"https:\/\/waldis-ag.ch\/printing\/#website\"},\"primaryImageOfPage\":{\"@id\":\"https:\/\/waldis-ag.ch\/printing\/produkt\/bizhub-c759\/#primaryimage\"},\"datePublished\":\"2018-02-16T09:59:29+00:00\",\"dateModified\":\"2018-04-04T14:15:26+00:00\",\"description\":\"KONICA MINOLTA bizhub C759 Drucker und eine breite Palette an Multifunktionsdrucker, Dokumentenscanner und CAD- und GIS-Plotter f\u00fcr den Grossformatdruck. \u2713 Erfahren Sie mehr \u00fcber unsere umfassenden Serviceleistungen und unsere Print- und Finanzierungs-L\u00f6sungen f\u00fcr einen effizienten und kosteng\u00fcnstigen Unterhalt.\",\"breadcrumb\":{\"@id\":\"https:\/\/waldis-ag.ch\/printing\/produkt\/bizhub-c759\/#breadcrumb\"},\"inLanguage\":\"de-CH\",\"potentialAction\":[{\"@type\":\"ReadAction\",\"target\":[\"https:\/\/waldis-ag.ch\/printing\/produkt\/bizhub-c759\/\"]}]},{\"@type\":\"BreadcrumbList\",\"@id\":\"https:\/\/waldis-ag.ch\/printing\/produkt\/bizhub-c759\/#breadcrumb\",\"itemListElement\":[{\"@type\":\"ListItem\",\"position\":1,\"name\":\"Produkte\",\"item\":\"https:\/\/waldis-ag.ch\/printing\/produkte\/\"},{\"@type\":\"ListItem\",\"position\":2,\"name\":\"bizhub C759\"}]}]}<\/script>\n<!-- \/ Yoast SEO plugin. -->","yoast_head_json":{"title":"KONICA MINOLTA bizhub C759 Multifunktionsdrucker","description":"KONICA MINOLTA bizhub C759 Drucker und eine breite Palette an Multifunktionsdrucker, Dokumentenscanner und CAD- und GIS-Plotter f\u00fcr den Grossformatdruck. \u2713 Erfahren Sie mehr \u00fcber unsere umfassenden Serviceleistungen und unsere Print- und Finanzierungs-L\u00f6sungen f\u00fcr einen effizienten und kosteng\u00fcnstigen Unterhalt.","robots":{"index":"index","follow":"follow","max-snippet":"max-snippet:-1","max-image-preview":"max-image-preview:large","max-video-preview":"max-video-preview:-1"},"canonical":"https:\/\/waldis-ag.ch\/printing\/produkt\/bizhub-c759\/","og_locale":"de_DE","og_type":"article","og_title":"KONICA MINOLTA bizhub C759 Multifunktionsdrucker","og_description":"KONICA MINOLTA bizhub C759 Drucker und eine breite Palette an Multifunktionsdrucker, Dokumentenscanner und CAD- und GIS-Plotter f\u00fcr den Grossformatdruck. \u2713 Erfahren Sie mehr \u00fcber unsere umfassenden Serviceleistungen und unsere Print- und Finanzierungs-L\u00f6sungen f\u00fcr einen effizienten und kosteng\u00fcnstigen Unterhalt.","og_url":"https:\/\/waldis-ag.ch\/printing\/produkt\/bizhub-c759\/","og_site_name":"Waldis","article_modified_time":"2018-04-04T14:15:26+00:00","og_image":[{"width":4658,"height":3565,"url":"https:\/\/waldis-ag.ch\/printing\/wp-content\/uploads\/sites\/7\/2018\/01\/konica-minolta_bizhub-c759_head.jpg","type":"image\/jpeg"}],"twitter_card":"summary_large_image","twitter_misc":{"Est. reading time":"2 Minuten"},"schema":{"@context":"https:\/\/schema.org","@graph":[{"@type":"WebSite","@id":"https:\/\/waldis-ag.ch\/printing\/#website","url":"https:\/\/waldis-ag.ch\/printing\/","name":"Waldis","description":"","potentialAction":[{"@type":"SearchAction","target":{"@type":"EntryPoint","urlTemplate":"https:\/\/waldis-ag.ch\/printing\/?s={search_term_string}"},"query-input":"required name=search_term_string"}],"inLanguage":"de-CH"},{"@type":"ImageObject","@id":"https:\/\/waldis-ag.ch\/printing\/produkt\/bizhub-c759\/#primaryimage","inLanguage":"de-CH","url":"https:\/\/waldis-ag.ch\/printing\/wp-content\/uploads\/sites\/7\/2018\/01\/konica-minolta_bizhub-c759_head-scaled.jpg","contentUrl":"https:\/\/waldis-ag.ch\/printing\/wp-content\/uploads\/sites\/7\/2018\/01\/konica-minolta_bizhub-c759_head-scaled.jpg","width":4658,"height":3565,"caption":"KONICA MINOLTA bizhub C759 Multifunktionsdrucker"},{"@type":"WebPage","@id":"https:\/\/waldis-ag.ch\/printing\/produkt\/bizhub-c759\/#webpage","url":"https:\/\/waldis-ag.ch\/printing\/produkt\/bizhub-c759\/","name":"KONICA MINOLTA bizhub C759 Multifunktionsdrucker","isPartOf":{"@id":"https:\/\/waldis-ag.ch\/printing\/#website"},"primaryImageOfPage":{"@id":"https:\/\/waldis-ag.ch\/printing\/produkt\/bizhub-c759\/#primaryimage"},"datePublished":"2018-02-16T09:59:29+00:00","dateModified":"2018-04-04T14:15:26+00:00","description":"KONICA MINOLTA bizhub C759 Drucker und eine breite Palette an Multifunktionsdrucker, Dokumentenscanner und CAD- und GIS-Plotter f\u00fcr den Grossformatdruck. \u2713 Erfahren Sie mehr \u00fcber unsere umfassenden Serviceleistungen und unsere Print- und Finanzierungs-L\u00f6sungen f\u00fcr einen effizienten und kosteng\u00fcnstigen Unterhalt.","breadcrumb":{"@id":"https:\/\/waldis-ag.ch\/printing\/produkt\/bizhub-c759\/#breadcrumb"},"inLanguage":"de-CH","potentialAction":[{"@type":"ReadAction","target":["https:\/\/waldis-ag.ch\/printing\/produkt\/bizhub-c759\/"]}]},{"@type":"BreadcrumbList","@id":"https:\/\/waldis-ag.ch\/printing\/produkt\/bizhub-c759\/#breadcrumb","itemListElement":[{"@type":"ListItem","position":1,"name":"Produkte","item":"https:\/\/waldis-ag.ch\/printing\/produkte\/"},{"@type":"ListItem","position":2,"name":"bizhub C759"}]}]}},"_links":{"self":[{"href":"https:\/\/waldis-ag.ch\/printing\/wp-json\/wp\/v2\/product\/1111"}],"collection":[{"href":"https:\/\/waldis-ag.ch\/printing\/wp-json\/wp\/v2\/product"}],"about":[{"href":"https:\/\/waldis-ag.ch\/printing\/wp-json\/wp\/v2\/types\/product"}],"replies":[{"embeddable":true,"href":"https:\/\/waldis-ag.ch\/printing\/wp-json\/wp\/v2\/comments?post=1111"}],"wp:featuredmedia":[{"embeddable":true,"href":"https:\/\/waldis-ag.ch\/printing\/wp-json\/wp\/v2\/media\/1097"}],"wp:attachment":[{"href":"https:\/\/waldis-ag.ch\/printing\/wp-json\/wp\/v2\/media?parent=1111"}],"wp:term":[{"taxonomy":"product_cat","embeddable":true,"href":"https:\/\/waldis-ag.ch\/printing\/wp-json\/wp\/v2\/product_cat?post=1111"},{"taxonomy":"product_tag","embeddable":true,"href":"https:\/\/waldis-ag.ch\/printing\/wp-json\/wp\/v2\/product_tag?post=1111"}],"curies":[{"name":"wp","href":"https:\/\/api.w.org\/{rel}","templated":true}]}}