{"id":1015,"date":"2018-01-29T14:17:21","date_gmt":"2018-01-29T14:17:21","guid":{"rendered":"https:\/\/waldisprinting.ch\/?post_type=product&#038;p=1015"},"modified":"2018-04-04T13:52:25","modified_gmt":"2018-04-04T13:52:25","slug":"imageprograf-tx-4000-mfp-t36","status":"publish","type":"product","link":"https:\/\/waldis-ag.ch\/printing\/produkt\/imageprograf-tx-4000-mfp-t36\/","title":{"rendered":"imagePROGRAF TX-4000 MFP T36"},"content":{"rendered":"<p>[vc_row][vc_column][vc_empty_space height=&#8221;30px&#8221; el_class=&#8221;emptyspacepage&#8221;][vc_column_text]<\/p>\n<h4><strong>HIGHLIGHTS<\/strong><\/h4>\n<ul>\n<li>Mit integriertem Multifunktionssystem<\/li>\n<li>Scanverfahren: Einzelsensor<\/li>\n<li>Scangeschwindigkeit von 15 cm\/Sek. (Farbe)<\/li>\n<li>Scanaufl\u00f6sung: 1\u2019200 dpi<\/li>\n<li>Paralleles Drucken und Scannen<\/li>\n<li>39,6 cm grosses Sensorfeld f\u00fcr optimalen Bedienkomfort<\/li>\n<li>Neue SmartWorks Software<\/li>\n<li>Materialst\u00e4rke bis 2 mm m\u00f6glich<\/li>\n<\/ul>\n<p>[\/vc_column_text][\/vc_column][\/vc_row][vc_row][vc_column]<a itemprop=\"url\" href=\"https:\/\/waldisprinting.ch\/wp-content\/uploads\/sites\/7\/2018\/01\/canon_imagePROGRAF-TX-4000-MFP-T36.pdf\" target=\"_blank\"  class=\"edgtf-btn edgtf-btn-medium edgtf-btn-outline\"  >\n\t<span class=\"edgtf-btn-text\">TECHNISCHE DATEN (PDF)<\/span>\n    <\/a>[\/vc_column][\/vc_row][vc_row][vc_column]\r\n<div id=\"ersspace-1\"><\/div><style type=\"text\/css\">#ersspace-1 { height: 60px; }\r\n@media handheld, only screen and (max-width: 767px) {\r\n\t#ersspace-1 { height: 40px; }\r\n}<\/style>[vc_single_image image=&#8221;917&#8243; img_size=&#8221;full&#8221; alignment=&#8221;center&#8221; onclick=&#8221;link_image&#8221; css_animation=&#8221;fadeIn&#8221;][\/vc_column][\/vc_row][vc_row][vc_column][vc_empty_space height=&#8221;30px&#8221; el_class=&#8221;emptyspacepage&#8221;][vc_single_image image=&#8221;915&#8243; img_size=&#8221;full&#8221; alignment=&#8221;center&#8221; onclick=&#8221;link_image&#8221; css_animation=&#8221;fadeIn&#8221;][\/vc_column][\/vc_row]<\/p>\n","protected":false},"excerpt":{"rendered":"<p>Der imagePROGRAF TX-4000 MFP T36 von Canon ist ein wegweisendes multifunktionales Grossformatsystem, dessen innovative Technik herausragende Leistungen im CAD-, GIS- und Plakatdruck erm\u00f6glicht.<br \/>\nInnovative Funktionen und bahnbrechende Leistungswerte machen aus diesem multifunktionalen Grossformatdrucker das perfekte Werkzeug f\u00fcr CAD-, GIS- und Plakatproduktionen. Der imagePROGRAF TX-4000 MFP T36 erm\u00f6glicht produktives Drucken und Scannen bis 111,8 cm Breite in hervorragender Qualit\u00e4t.<\/p>\n","protected":false},"featured_media":917,"comment_status":"open","ping_status":"closed","template":"","meta":[],"product_cat":[40,26],"product_tag":[],"yoast_head":"<!-- This site is optimized with the Yoast SEO plugin v18.4.1 - https:\/\/yoast.com\/wordpress\/plugins\/seo\/ -->\n<title>Canon imagePROGRAF TX-4000 MFP T36 Plotter<\/title>\n<meta name=\"description\" content=\"Canon imagePROGRAF TX-4000 MFP Plotter und eine breite Palette an Multifunktionsdrucker und Drucksystemen f\u00fcr den Gesch\u00e4ftsbereich. \u2713 Erfahren Sie mehr \u00fcber unsere umfassenden Serviceleistungen und unsere Print- und Finanzierungs-L\u00f6sungen f\u00fcr einen effizienten und kosteng\u00fcnstigen Unterhalt.\" \/>\n<meta name=\"robots\" content=\"index, follow, max-snippet:-1, max-image-preview:large, max-video-preview:-1\" \/>\n<link rel=\"canonical\" href=\"https:\/\/waldis-ag.ch\/printing\/produkt\/imageprograf-tx-4000-mfp-t36\/\" \/>\n<meta property=\"og:locale\" content=\"de_DE\" \/>\n<meta property=\"og:type\" content=\"article\" \/>\n<meta property=\"og:title\" content=\"Canon imagePROGRAF TX-4000 MFP T36 Plotter\" \/>\n<meta property=\"og:description\" content=\"Canon imagePROGRAF TX-4000 MFP Plotter und eine breite Palette an Multifunktionsdrucker und Drucksystemen f\u00fcr den Gesch\u00e4ftsbereich. \u2713 Erfahren Sie mehr \u00fcber unsere umfassenden Serviceleistungen und unsere Print- und Finanzierungs-L\u00f6sungen f\u00fcr einen effizienten und kosteng\u00fcnstigen Unterhalt.\" \/>\n<meta property=\"og:url\" content=\"https:\/\/waldis-ag.ch\/printing\/produkt\/imageprograf-tx-4000-mfp-t36\/\" \/>\n<meta property=\"og:site_name\" content=\"Waldis\" \/>\n<meta property=\"article:modified_time\" content=\"2018-04-04T13:52:25+00:00\" \/>\n<meta property=\"og:image\" content=\"https:\/\/waldis-ag.ch\/printing\/wp-content\/uploads\/sites\/7\/2018\/01\/canon_imagePROGRAF-TX-4000-MFP-T36_head.jpg\" \/>\n\t<meta property=\"og:image:width\" content=\"2600\" \/>\n\t<meta property=\"og:image:height\" content=\"1931\" \/>\n\t<meta property=\"og:image:type\" content=\"image\/jpeg\" \/>\n<meta name=\"twitter:card\" content=\"summary_large_image\" \/>\n<meta name=\"twitter:label1\" content=\"Est. reading time\" \/>\n\t<meta name=\"twitter:data1\" content=\"1 Minute\" \/>\n<script type=\"application\/ld+json\" class=\"yoast-schema-graph\">{\"@context\":\"https:\/\/schema.org\",\"@graph\":[{\"@type\":\"WebSite\",\"@id\":\"https:\/\/waldis-ag.ch\/printing\/#website\",\"url\":\"https:\/\/waldis-ag.ch\/printing\/\",\"name\":\"Waldis\",\"description\":\"\",\"potentialAction\":[{\"@type\":\"SearchAction\",\"target\":{\"@type\":\"EntryPoint\",\"urlTemplate\":\"https:\/\/waldis-ag.ch\/printing\/?s={search_term_string}\"},\"query-input\":\"required name=search_term_string\"}],\"inLanguage\":\"de-CH\"},{\"@type\":\"ImageObject\",\"@id\":\"https:\/\/waldis-ag.ch\/printing\/produkt\/imageprograf-tx-4000-mfp-t36\/#primaryimage\",\"inLanguage\":\"de-CH\",\"url\":\"https:\/\/waldis-ag.ch\/printing\/wp-content\/uploads\/sites\/7\/2018\/01\/canon_imagePROGRAF-TX-4000-MFP-T36_head-scaled.jpg\",\"contentUrl\":\"https:\/\/waldis-ag.ch\/printing\/wp-content\/uploads\/sites\/7\/2018\/01\/canon_imagePROGRAF-TX-4000-MFP-T36_head-scaled.jpg\",\"width\":2600,\"height\":1931,\"caption\":\"Canon imagePROGRAF TX-4000 MFP T36 Plotter\"},{\"@type\":\"WebPage\",\"@id\":\"https:\/\/waldis-ag.ch\/printing\/produkt\/imageprograf-tx-4000-mfp-t36\/#webpage\",\"url\":\"https:\/\/waldis-ag.ch\/printing\/produkt\/imageprograf-tx-4000-mfp-t36\/\",\"name\":\"Canon imagePROGRAF TX-4000 MFP T36 Plotter\",\"isPartOf\":{\"@id\":\"https:\/\/waldis-ag.ch\/printing\/#website\"},\"primaryImageOfPage\":{\"@id\":\"https:\/\/waldis-ag.ch\/printing\/produkt\/imageprograf-tx-4000-mfp-t36\/#primaryimage\"},\"datePublished\":\"2018-01-29T14:17:21+00:00\",\"dateModified\":\"2018-04-04T13:52:25+00:00\",\"description\":\"Canon imagePROGRAF TX-4000 MFP Plotter und eine breite Palette an Multifunktionsdrucker und Drucksystemen f\u00fcr den Gesch\u00e4ftsbereich. \u2713 Erfahren Sie mehr \u00fcber unsere umfassenden Serviceleistungen und unsere Print- und Finanzierungs-L\u00f6sungen f\u00fcr einen effizienten und kosteng\u00fcnstigen Unterhalt.\",\"breadcrumb\":{\"@id\":\"https:\/\/waldis-ag.ch\/printing\/produkt\/imageprograf-tx-4000-mfp-t36\/#breadcrumb\"},\"inLanguage\":\"de-CH\",\"potentialAction\":[{\"@type\":\"ReadAction\",\"target\":[\"https:\/\/waldis-ag.ch\/printing\/produkt\/imageprograf-tx-4000-mfp-t36\/\"]}]},{\"@type\":\"BreadcrumbList\",\"@id\":\"https:\/\/waldis-ag.ch\/printing\/produkt\/imageprograf-tx-4000-mfp-t36\/#breadcrumb\",\"itemListElement\":[{\"@type\":\"ListItem\",\"position\":1,\"name\":\"Produkte\",\"item\":\"https:\/\/waldis-ag.ch\/printing\/produkte\/\"},{\"@type\":\"ListItem\",\"position\":2,\"name\":\"imagePROGRAF TX-4000 MFP T36\"}]}]}<\/script>\n<!-- \/ Yoast SEO plugin. -->","yoast_head_json":{"title":"Canon imagePROGRAF TX-4000 MFP T36 Plotter","description":"Canon imagePROGRAF TX-4000 MFP Plotter und eine breite Palette an Multifunktionsdrucker und Drucksystemen f\u00fcr den Gesch\u00e4ftsbereich. \u2713 Erfahren Sie mehr \u00fcber unsere umfassenden Serviceleistungen und unsere Print- und Finanzierungs-L\u00f6sungen f\u00fcr einen effizienten und kosteng\u00fcnstigen Unterhalt.","robots":{"index":"index","follow":"follow","max-snippet":"max-snippet:-1","max-image-preview":"max-image-preview:large","max-video-preview":"max-video-preview:-1"},"canonical":"https:\/\/waldis-ag.ch\/printing\/produkt\/imageprograf-tx-4000-mfp-t36\/","og_locale":"de_DE","og_type":"article","og_title":"Canon imagePROGRAF TX-4000 MFP T36 Plotter","og_description":"Canon imagePROGRAF TX-4000 MFP Plotter und eine breite Palette an Multifunktionsdrucker und Drucksystemen f\u00fcr den Gesch\u00e4ftsbereich. \u2713 Erfahren Sie mehr \u00fcber unsere umfassenden Serviceleistungen und unsere Print- und Finanzierungs-L\u00f6sungen f\u00fcr einen effizienten und kosteng\u00fcnstigen Unterhalt.","og_url":"https:\/\/waldis-ag.ch\/printing\/produkt\/imageprograf-tx-4000-mfp-t36\/","og_site_name":"Waldis","article_modified_time":"2018-04-04T13:52:25+00:00","og_image":[{"width":2600,"height":1931,"url":"https:\/\/waldis-ag.ch\/printing\/wp-content\/uploads\/sites\/7\/2018\/01\/canon_imagePROGRAF-TX-4000-MFP-T36_head.jpg","type":"image\/jpeg"}],"twitter_card":"summary_large_image","twitter_misc":{"Est. reading time":"1 Minute"},"schema":{"@context":"https:\/\/schema.org","@graph":[{"@type":"WebSite","@id":"https:\/\/waldis-ag.ch\/printing\/#website","url":"https:\/\/waldis-ag.ch\/printing\/","name":"Waldis","description":"","potentialAction":[{"@type":"SearchAction","target":{"@type":"EntryPoint","urlTemplate":"https:\/\/waldis-ag.ch\/printing\/?s={search_term_string}"},"query-input":"required name=search_term_string"}],"inLanguage":"de-CH"},{"@type":"ImageObject","@id":"https:\/\/waldis-ag.ch\/printing\/produkt\/imageprograf-tx-4000-mfp-t36\/#primaryimage","inLanguage":"de-CH","url":"https:\/\/waldis-ag.ch\/printing\/wp-content\/uploads\/sites\/7\/2018\/01\/canon_imagePROGRAF-TX-4000-MFP-T36_head-scaled.jpg","contentUrl":"https:\/\/waldis-ag.ch\/printing\/wp-content\/uploads\/sites\/7\/2018\/01\/canon_imagePROGRAF-TX-4000-MFP-T36_head-scaled.jpg","width":2600,"height":1931,"caption":"Canon imagePROGRAF TX-4000 MFP T36 Plotter"},{"@type":"WebPage","@id":"https:\/\/waldis-ag.ch\/printing\/produkt\/imageprograf-tx-4000-mfp-t36\/#webpage","url":"https:\/\/waldis-ag.ch\/printing\/produkt\/imageprograf-tx-4000-mfp-t36\/","name":"Canon imagePROGRAF TX-4000 MFP T36 Plotter","isPartOf":{"@id":"https:\/\/waldis-ag.ch\/printing\/#website"},"primaryImageOfPage":{"@id":"https:\/\/waldis-ag.ch\/printing\/produkt\/imageprograf-tx-4000-mfp-t36\/#primaryimage"},"datePublished":"2018-01-29T14:17:21+00:00","dateModified":"2018-04-04T13:52:25+00:00","description":"Canon imagePROGRAF TX-4000 MFP Plotter und eine breite Palette an Multifunktionsdrucker und Drucksystemen f\u00fcr den Gesch\u00e4ftsbereich. \u2713 Erfahren Sie mehr \u00fcber unsere umfassenden Serviceleistungen und unsere Print- und Finanzierungs-L\u00f6sungen f\u00fcr einen effizienten und kosteng\u00fcnstigen Unterhalt.","breadcrumb":{"@id":"https:\/\/waldis-ag.ch\/printing\/produkt\/imageprograf-tx-4000-mfp-t36\/#breadcrumb"},"inLanguage":"de-CH","potentialAction":[{"@type":"ReadAction","target":["https:\/\/waldis-ag.ch\/printing\/produkt\/imageprograf-tx-4000-mfp-t36\/"]}]},{"@type":"BreadcrumbList","@id":"https:\/\/waldis-ag.ch\/printing\/produkt\/imageprograf-tx-4000-mfp-t36\/#breadcrumb","itemListElement":[{"@type":"ListItem","position":1,"name":"Produkte","item":"https:\/\/waldis-ag.ch\/printing\/produkte\/"},{"@type":"ListItem","position":2,"name":"imagePROGRAF TX-4000 MFP T36"}]}]}},"_links":{"self":[{"href":"https:\/\/waldis-ag.ch\/printing\/wp-json\/wp\/v2\/product\/1015"}],"collection":[{"href":"https:\/\/waldis-ag.ch\/printing\/wp-json\/wp\/v2\/product"}],"about":[{"href":"https:\/\/waldis-ag.ch\/printing\/wp-json\/wp\/v2\/types\/product"}],"replies":[{"embeddable":true,"href":"https:\/\/waldis-ag.ch\/printing\/wp-json\/wp\/v2\/comments?post=1015"}],"wp:featuredmedia":[{"embeddable":true,"href":"https:\/\/waldis-ag.ch\/printing\/wp-json\/wp\/v2\/media\/917"}],"wp:attachment":[{"href":"https:\/\/waldis-ag.ch\/printing\/wp-json\/wp\/v2\/media?parent=1015"}],"wp:term":[{"taxonomy":"product_cat","embeddable":true,"href":"https:\/\/waldis-ag.ch\/printing\/wp-json\/wp\/v2\/product_cat?post=1015"},{"taxonomy":"product_tag","embeddable":true,"href":"https:\/\/waldis-ag.ch\/printing\/wp-json\/wp\/v2\/product_tag?post=1015"}],"curies":[{"name":"wp","href":"https:\/\/api.w.org\/{rel}","templated":true}]}}