{"id":75,"date":"2017-12-14T14:00:10","date_gmt":"2017-12-14T14:00:10","guid":{"rendered":"https:\/\/waldisprinting.ch\/?page_id=75"},"modified":"2023-09-27T13:24:02","modified_gmt":"2023-09-27T11:24:02","slug":"kontakt","status":"publish","type":"page","link":"https:\/\/waldis-ag.ch\/printing\/kontakt\/","title":{"rendered":"Kontakt"},"content":{"rendered":"<p>[vc_row][vc_column]<div class=\"edgtf-google-map-holder\">\n\t<div class=\"edgtf-google-map\" id=\"edgtf-map-365701\" data-addresses='[\"Schweighofstrasse 14, 6010 Kriens \",\"Falkenweg 1, 6340 Baar\"]' data-custom-map-style=true data-color-overlay=#f9f9f9 data-saturation=-100 data-lightness=20 data-zoom=9 data-pin=https:\/\/waldis-ag.ch\/printing\/wp-content\/uploads\/sites\/7\/2018\/02\/waldis_location_icon_2.png data-unique-id=365701 data-scroll-wheel=true data-height=600 data-infolabel=\"Waldis B\u00fcro und Wohnen AG\"><\/div>\n\t<\/div>\n[vc_empty_space][\/vc_column][\/vc_row][vc_row content_width=&#8221;grid&#8221; content_aligment=&#8221;center&#8221;][vc_column][vc_column_text el_class=&#8221;contact-description-text&#8221;]\u00dcber unser Kontaktformular k\u00f6nnen Sie einfach und unkompliziert mit uns in Verbindung treten. Wir helfen Ihnen gerne weiter und k\u00fcmmern uns um Ihr Anliegen.[\/vc_column_text][vc_empty_space][\/vc_column][\/vc_row][vc_row content_width=&#8221;grid&#8221;][vc_column]<div role=\"form\" class=\"wpcf7\" id=\"wpcf7-f24-o1\" lang=\"de-CH\" dir=\"ltr\">\n<div class=\"screen-reader-response\"><p role=\"status\" aria-live=\"polite\" aria-atomic=\"true\"><\/p> <ul><\/ul><\/div>\n<form action=\"\/printing\/wp-json\/wp\/v2\/pages\/75#wpcf7-f24-o1\" method=\"post\" class=\"wpcf7-form init\" novalidate=\"novalidate\" data-status=\"init\">\n<div style=\"display: none;\">\n<input type=\"hidden\" name=\"_wpcf7\" value=\"24\" \/>\n<input type=\"hidden\" name=\"_wpcf7_version\" value=\"5.5.6\" \/>\n<input type=\"hidden\" name=\"_wpcf7_locale\" value=\"de_CH\" \/>\n<input type=\"hidden\" name=\"_wpcf7_unit_tag\" value=\"wpcf7-f24-o1\" \/>\n<input type=\"hidden\" name=\"_wpcf7_container_post\" value=\"0\" \/>\n<input type=\"hidden\" name=\"_wpcf7_posted_data_hash\" value=\"\" \/>\n<input type=\"hidden\" name=\"_wpcf7_recaptcha_response\" value=\"\" \/>\n<\/div>\n<p><span class=\"wpcf7-form-control-wrap your-anrede\"><select name=\"your-anrede\" class=\"wpcf7-form-control wpcf7-select wpcf7-validates-as-required\" aria-required=\"true\" aria-invalid=\"false\"><option value=\"\">ANREDE*<\/option><option value=\"HERR\">HERR<\/option><option value=\"FRAU\">FRAU<\/option><\/select><\/span><br \/>\n<span class=\"wpcf7-form-control-wrap your-vorname\"><input type=\"text\" name=\"your-vorname\" value=\"\" size=\"40\" class=\"wpcf7-form-control wpcf7-text wpcf7-validates-as-required\" aria-required=\"true\" aria-invalid=\"false\" placeholder=\"VORNAME*\" \/><\/span><br \/>\n<span class=\"wpcf7-form-control-wrap your-name\"><input type=\"text\" name=\"your-name\" value=\"\" size=\"40\" class=\"wpcf7-form-control wpcf7-text wpcf7-validates-as-required\" aria-required=\"true\" aria-invalid=\"false\" placeholder=\"NAME*\" \/><\/span><br \/>\n<span class=\"wpcf7-form-control-wrap your-adresse\"><input type=\"text\" name=\"your-adresse\" value=\"\" size=\"40\" class=\"wpcf7-form-control wpcf7-text wpcf7-validates-as-required\" aria-required=\"true\" aria-invalid=\"false\" placeholder=\"ADRESSE\" \/><\/span><br \/>\n<span class=\"wpcf7-form-control-wrap your-plz\"><input type=\"text\" name=\"your-plz\" value=\"\" size=\"40\" class=\"wpcf7-form-control wpcf7-text\" aria-invalid=\"false\" placeholder=\"PLZ\" \/><\/span><br \/>\n<span class=\"wpcf7-form-control-wrap your-ort\"><input type=\"text\" name=\"your-ort\" value=\"\" size=\"40\" class=\"wpcf7-form-control wpcf7-text\" aria-invalid=\"false\" placeholder=\"ORT\" \/><\/span><br \/>\n<span class=\"wpcf7-form-control-wrap your-telefon\"><input type=\"text\" name=\"your-telefon\" value=\"\" size=\"40\" class=\"wpcf7-form-control wpcf7-text\" aria-invalid=\"false\" placeholder=\"TELEFON\" \/><\/span><br \/>\n<span class=\"wpcf7-form-control-wrap your-email\"><input type=\"email\" name=\"your-email\" value=\"\" size=\"40\" class=\"wpcf7-form-control wpcf7-text wpcf7-email wpcf7-validates-as-required wpcf7-validates-as-email\" aria-required=\"true\" aria-invalid=\"false\" placeholder=\"E-MAIL*\" \/><\/span><br \/>\n<span class=\"wpcf7-form-control-wrap your-message\"><textarea name=\"your-message\" cols=\"10\" rows=\"6\" class=\"wpcf7-form-control wpcf7-textarea\" aria-invalid=\"false\" placeholder=\"NACHRICHT\"><\/textarea><\/span><br \/>\n*Pflichtfelder<\/p>\n<div class=\"text-center\">\n<input type=\"submit\" value=\"ABSCHICKEN\" class=\"wpcf7-form-control has-spinner wpcf7-submit\" \/>\n<\/div>\n<div class=\"wpcf7-response-output\" aria-hidden=\"true\"><\/div><\/form><\/div>[vc_empty_space][\/vc_column][\/vc_row]<\/p>\n","protected":false},"excerpt":{"rendered":"<p>[vc_row][vc_column][vc_empty_space][\/vc_column][\/vc_row][vc_row content_width=&#8221;grid&#8221; content_aligment=&#8221;center&#8221;][vc_column][vc_column_text el_class=&#8221;contact-description-text&#8221;]\u00dcber unser Kontaktformular k\u00f6nnen Sie einfach und unkompliziert mit uns in Verbindung treten. Wir helfen Ihnen gerne&#8230;<\/p>\n","protected":false},"author":1,"featured_media":10591,"parent":0,"menu_order":0,"comment_status":"closed","ping_status":"closed","template":"full-width.php","meta":[],"yoast_head":"<!-- This site is optimized with the Yoast SEO plugin v18.4.1 - https:\/\/yoast.com\/wordpress\/plugins\/seo\/ -->\n<title>Kontakt - Waldis<\/title>\n<meta name=\"robots\" content=\"index, follow, max-snippet:-1, max-image-preview:large, max-video-preview:-1\" \/>\n<link rel=\"canonical\" href=\"https:\/\/waldis-ag.ch\/printing\/kontakt\/\" \/>\n<meta property=\"og:locale\" content=\"de_DE\" \/>\n<meta property=\"og:type\" content=\"article\" \/>\n<meta property=\"og:title\" content=\"Kontakt - Waldis\" \/>\n<meta property=\"og:description\" content=\"[vc_row][vc_column][vc_empty_space][\/vc_column][\/vc_row][vc_row content_width=&#8221;grid&#8221; content_aligment=&#8221;center&#8221;][vc_column][vc_column_text el_class=&#8221;contact-description-text&#8221;]\u00dcber unser Kontaktformular k\u00f6nnen Sie einfach und unkompliziert mit uns in Verbindung treten. Wir helfen Ihnen gerne...\" \/>\n<meta property=\"og:url\" content=\"https:\/\/waldis-ag.ch\/printing\/kontakt\/\" \/>\n<meta property=\"og:site_name\" content=\"Waldis\" \/>\n<meta property=\"article:modified_time\" content=\"2023-09-27T11:24:02+00:00\" \/>\n<meta property=\"og:image\" content=\"https:\/\/waldis-ag.ch\/printing\/wp-content\/uploads\/sites\/7\/2018\/02\/pistor-ag_rothenburg-16-scaled.jpg\" \/>\n\t<meta property=\"og:image:width\" content=\"2600\" \/>\n\t<meta property=\"og:image:height\" content=\"1757\" \/>\n\t<meta property=\"og:image:type\" content=\"image\/jpeg\" \/>\n<meta name=\"twitter:card\" content=\"summary_large_image\" \/>\n<meta name=\"twitter:label1\" content=\"Est. reading time\" \/>\n\t<meta name=\"twitter:data1\" content=\"1 Minute\" \/>\n<script type=\"application\/ld+json\" class=\"yoast-schema-graph\">{\"@context\":\"https:\/\/schema.org\",\"@graph\":[{\"@type\":\"WebSite\",\"@id\":\"https:\/\/waldis-ag.ch\/printing\/#website\",\"url\":\"https:\/\/waldis-ag.ch\/printing\/\",\"name\":\"Waldis\",\"description\":\"\",\"potentialAction\":[{\"@type\":\"SearchAction\",\"target\":{\"@type\":\"EntryPoint\",\"urlTemplate\":\"https:\/\/waldis-ag.ch\/printing\/?s={search_term_string}\"},\"query-input\":\"required name=search_term_string\"}],\"inLanguage\":\"de-CH\"},{\"@type\":\"ImageObject\",\"@id\":\"https:\/\/waldis-ag.ch\/printing\/kontakt\/#primaryimage\",\"inLanguage\":\"de-CH\",\"url\":\"https:\/\/waldis-ag.ch\/printing\/wp-content\/uploads\/sites\/7\/2018\/02\/pistor-ag_rothenburg-16-scaled.jpg\",\"contentUrl\":\"https:\/\/waldis-ag.ch\/printing\/wp-content\/uploads\/sites\/7\/2018\/02\/pistor-ag_rothenburg-16-scaled.jpg\",\"width\":2600,\"height\":1757},{\"@type\":\"WebPage\",\"@id\":\"https:\/\/waldis-ag.ch\/printing\/kontakt\/#webpage\",\"url\":\"https:\/\/waldis-ag.ch\/printing\/kontakt\/\",\"name\":\"Kontakt - Waldis\",\"isPartOf\":{\"@id\":\"https:\/\/waldis-ag.ch\/printing\/#website\"},\"primaryImageOfPage\":{\"@id\":\"https:\/\/waldis-ag.ch\/printing\/kontakt\/#primaryimage\"},\"datePublished\":\"2017-12-14T14:00:10+00:00\",\"dateModified\":\"2023-09-27T11:24:02+00:00\",\"breadcrumb\":{\"@id\":\"https:\/\/waldis-ag.ch\/printing\/kontakt\/#breadcrumb\"},\"inLanguage\":\"de-CH\",\"potentialAction\":[{\"@type\":\"ReadAction\",\"target\":[\"https:\/\/waldis-ag.ch\/printing\/kontakt\/\"]}]},{\"@type\":\"BreadcrumbList\",\"@id\":\"https:\/\/waldis-ag.ch\/printing\/kontakt\/#breadcrumb\",\"itemListElement\":[{\"@type\":\"ListItem\",\"position\":1,\"name\":\"Kontakt\"}]}]}<\/script>\n<!-- \/ Yoast SEO plugin. -->","yoast_head_json":{"title":"Kontakt - Waldis","robots":{"index":"index","follow":"follow","max-snippet":"max-snippet:-1","max-image-preview":"max-image-preview:large","max-video-preview":"max-video-preview:-1"},"canonical":"https:\/\/waldis-ag.ch\/printing\/kontakt\/","og_locale":"de_DE","og_type":"article","og_title":"Kontakt - Waldis","og_description":"[vc_row][vc_column][vc_empty_space][\/vc_column][\/vc_row][vc_row content_width=&#8221;grid&#8221; content_aligment=&#8221;center&#8221;][vc_column][vc_column_text el_class=&#8221;contact-description-text&#8221;]\u00dcber unser Kontaktformular k\u00f6nnen Sie einfach und unkompliziert mit uns in Verbindung treten. Wir helfen Ihnen gerne...","og_url":"https:\/\/waldis-ag.ch\/printing\/kontakt\/","og_site_name":"Waldis","article_modified_time":"2023-09-27T11:24:02+00:00","og_image":[{"width":2600,"height":1757,"url":"https:\/\/waldis-ag.ch\/printing\/wp-content\/uploads\/sites\/7\/2018\/02\/pistor-ag_rothenburg-16-scaled.jpg","type":"image\/jpeg"}],"twitter_card":"summary_large_image","twitter_misc":{"Est. reading time":"1 Minute"},"schema":{"@context":"https:\/\/schema.org","@graph":[{"@type":"WebSite","@id":"https:\/\/waldis-ag.ch\/printing\/#website","url":"https:\/\/waldis-ag.ch\/printing\/","name":"Waldis","description":"","potentialAction":[{"@type":"SearchAction","target":{"@type":"EntryPoint","urlTemplate":"https:\/\/waldis-ag.ch\/printing\/?s={search_term_string}"},"query-input":"required name=search_term_string"}],"inLanguage":"de-CH"},{"@type":"ImageObject","@id":"https:\/\/waldis-ag.ch\/printing\/kontakt\/#primaryimage","inLanguage":"de-CH","url":"https:\/\/waldis-ag.ch\/printing\/wp-content\/uploads\/sites\/7\/2018\/02\/pistor-ag_rothenburg-16-scaled.jpg","contentUrl":"https:\/\/waldis-ag.ch\/printing\/wp-content\/uploads\/sites\/7\/2018\/02\/pistor-ag_rothenburg-16-scaled.jpg","width":2600,"height":1757},{"@type":"WebPage","@id":"https:\/\/waldis-ag.ch\/printing\/kontakt\/#webpage","url":"https:\/\/waldis-ag.ch\/printing\/kontakt\/","name":"Kontakt - Waldis","isPartOf":{"@id":"https:\/\/waldis-ag.ch\/printing\/#website"},"primaryImageOfPage":{"@id":"https:\/\/waldis-ag.ch\/printing\/kontakt\/#primaryimage"},"datePublished":"2017-12-14T14:00:10+00:00","dateModified":"2023-09-27T11:24:02+00:00","breadcrumb":{"@id":"https:\/\/waldis-ag.ch\/printing\/kontakt\/#breadcrumb"},"inLanguage":"de-CH","potentialAction":[{"@type":"ReadAction","target":["https:\/\/waldis-ag.ch\/printing\/kontakt\/"]}]},{"@type":"BreadcrumbList","@id":"https:\/\/waldis-ag.ch\/printing\/kontakt\/#breadcrumb","itemListElement":[{"@type":"ListItem","position":1,"name":"Kontakt"}]}]}},"publishpress_future_action":{"enabled":false,"date":"1970-01-01 01:00:00","action":"","terms":[],"taxonomy":"","browser_timezone_offset":0},"_links":{"self":[{"href":"https:\/\/waldis-ag.ch\/printing\/wp-json\/wp\/v2\/pages\/75"}],"collection":[{"href":"https:\/\/waldis-ag.ch\/printing\/wp-json\/wp\/v2\/pages"}],"about":[{"href":"https:\/\/waldis-ag.ch\/printing\/wp-json\/wp\/v2\/types\/page"}],"author":[{"embeddable":true,"href":"https:\/\/waldis-ag.ch\/printing\/wp-json\/wp\/v2\/users\/1"}],"replies":[{"embeddable":true,"href":"https:\/\/waldis-ag.ch\/printing\/wp-json\/wp\/v2\/comments?post=75"}],"version-history":[{"count":17,"href":"https:\/\/waldis-ag.ch\/printing\/wp-json\/wp\/v2\/pages\/75\/revisions"}],"predecessor-version":[{"id":15625,"href":"https:\/\/waldis-ag.ch\/printing\/wp-json\/wp\/v2\/pages\/75\/revisions\/15625"}],"wp:featuredmedia":[{"embeddable":true,"href":"https:\/\/waldis-ag.ch\/printing\/wp-json\/wp\/v2\/media\/10591"}],"wp:attachment":[{"href":"https:\/\/waldis-ag.ch\/printing\/wp-json\/wp\/v2\/media?parent=75"}],"curies":[{"name":"wp","href":"https:\/\/api.w.org\/{rel}","templated":true}]}}