{"id":60,"date":"2017-12-14T13:58:04","date_gmt":"2017-12-14T13:58:04","guid":{"rendered":"https:\/\/waldisprinting.ch\/?page_id=60"},"modified":"2018-04-06T05:32:19","modified_gmt":"2018-04-06T05:32:19","slug":"verbrauchsmaterial","status":"publish","type":"page","link":"https:\/\/waldis-ag.ch\/printing\/verbrauchsmaterial\/","title":{"rendered":"Verbrauchsmaterial"},"content":{"rendered":"<p>[vc_row][vc_column][vc_column_text]Waldis Printing Solutions liefert Ihnen alle notwendigen Materialien f\u00fcr Ihren Ger\u00e4tepark. Bestellen Sie bei uns bequem Toner und Papier \u2013 wir liefern prompt und zuverl\u00e4ssig ab Kriens\/Luzern. Mit einem Servicevertrag brauchen Sie sich nicht mehr um die Bestellung zu k\u00fcmmern. Ihr Ger\u00e4t bestellt das n\u00f6tige Material selbst\u00e4ndig.[\/vc_column_text][\/vc_column][\/vc_row][vc_row][vc_column][vc_empty_space height=&#8221;60px&#8221;][vc_single_image image=&#8221;11119&#8243; img_size=&#8221;full&#8221;][vc_empty_space height=&#8221;45px&#8221;][vc_column_text]Durch die eigenst\u00e4ndige Lagerhaltung von Toner, Ersatzteilen und sonstigem Verbrauchsmaterial, profitieren unsere Kunden von schnellen Reaktionszeiten beim Toner-Nachschub und bei Reparaturen.[\/vc_column_text][vc_empty_space height=&#8221;60px&#8221;][\/vc_column][\/vc_row]<\/p>\n","protected":false},"excerpt":{"rendered":"<p>[vc_row][vc_column][vc_column_text]Waldis Printing Solutions liefert Ihnen alle notwendigen Materialien f\u00fcr Ihren Ger\u00e4tepark. Bestellen Sie bei uns bequem Toner und Papier \u2013&#8230;<\/p>\n","protected":false},"author":1,"featured_media":10925,"parent":0,"menu_order":0,"comment_status":"closed","ping_status":"closed","template":"","meta":[],"yoast_head":"<!-- This site is optimized with the Yoast SEO plugin v18.4.1 - https:\/\/yoast.com\/wordpress\/plugins\/seo\/ -->\n<title>Drucker Toner &amp; Verbrauchsmaterial - Waldis<\/title>\n<meta name=\"description\" content=\"Waldis Printing Solutions liefert Ihnen alle notwendigen Materialien f\u00fcr Ihren Ger\u00e4tepark. Bestellen Sie bei uns bequem Toner, Papier und sonstiges Verbrauchsmaterial \u2013 wir liefern prompt und verl\u00e4ssig ab Luzern.\" \/>\n<meta name=\"robots\" content=\"index, follow, max-snippet:-1, max-image-preview:large, max-video-preview:-1\" \/>\n<link rel=\"canonical\" href=\"https:\/\/waldis-ag.ch\/printing\/verbrauchsmaterial\/\" \/>\n<meta property=\"og:locale\" content=\"de_DE\" \/>\n<meta property=\"og:type\" content=\"article\" \/>\n<meta property=\"og:title\" content=\"Drucker Toner &amp; Verbrauchsmaterial - Waldis\" \/>\n<meta property=\"og:description\" content=\"Waldis Printing Solutions liefert Ihnen alle notwendigen Materialien f\u00fcr Ihren Ger\u00e4tepark. Bestellen Sie bei uns bequem Toner, Papier und sonstiges Verbrauchsmaterial \u2013 wir liefern prompt und verl\u00e4ssig ab Luzern.\" \/>\n<meta property=\"og:url\" content=\"https:\/\/waldis-ag.ch\/printing\/verbrauchsmaterial\/\" \/>\n<meta property=\"og:site_name\" content=\"Waldis\" \/>\n<meta property=\"article:modified_time\" content=\"2018-04-06T05:32:19+00:00\" \/>\n<meta property=\"og:image\" content=\"https:\/\/waldis-ag.ch\/printing\/wp-content\/uploads\/sites\/7\/2018\/03\/verbrauchsmaterial_toner_01.jpg\" \/>\n\t<meta property=\"og:image:width\" content=\"2600\" \/>\n\t<meta property=\"og:image:height\" content=\"1768\" \/>\n\t<meta property=\"og:image:type\" content=\"image\/jpeg\" \/>\n<meta name=\"twitter:card\" content=\"summary_large_image\" \/>\n<meta name=\"twitter:label1\" content=\"Est. reading time\" \/>\n\t<meta name=\"twitter:data1\" content=\"1 Minute\" \/>\n<script type=\"application\/ld+json\" class=\"yoast-schema-graph\">{\"@context\":\"https:\/\/schema.org\",\"@graph\":[{\"@type\":\"WebSite\",\"@id\":\"https:\/\/waldis-ag.ch\/printing\/#website\",\"url\":\"https:\/\/waldis-ag.ch\/printing\/\",\"name\":\"Waldis\",\"description\":\"\",\"potentialAction\":[{\"@type\":\"SearchAction\",\"target\":{\"@type\":\"EntryPoint\",\"urlTemplate\":\"https:\/\/waldis-ag.ch\/printing\/?s={search_term_string}\"},\"query-input\":\"required name=search_term_string\"}],\"inLanguage\":\"de-CH\"},{\"@type\":\"ImageObject\",\"@id\":\"https:\/\/waldis-ag.ch\/printing\/verbrauchsmaterial\/#primaryimage\",\"inLanguage\":\"de-CH\",\"url\":\"https:\/\/waldis-ag.ch\/printing\/wp-content\/uploads\/sites\/7\/2018\/03\/verbrauchsmaterial_toner_01.jpg\",\"contentUrl\":\"https:\/\/waldis-ag.ch\/printing\/wp-content\/uploads\/sites\/7\/2018\/03\/verbrauchsmaterial_toner_01.jpg\",\"width\":2600,\"height\":1768,\"caption\":\"drucker verbrauchsmaterial toner\"},{\"@type\":\"WebPage\",\"@id\":\"https:\/\/waldis-ag.ch\/printing\/verbrauchsmaterial\/#webpage\",\"url\":\"https:\/\/waldis-ag.ch\/printing\/verbrauchsmaterial\/\",\"name\":\"Drucker Toner & Verbrauchsmaterial - Waldis\",\"isPartOf\":{\"@id\":\"https:\/\/waldis-ag.ch\/printing\/#website\"},\"primaryImageOfPage\":{\"@id\":\"https:\/\/waldis-ag.ch\/printing\/verbrauchsmaterial\/#primaryimage\"},\"datePublished\":\"2017-12-14T13:58:04+00:00\",\"dateModified\":\"2018-04-06T05:32:19+00:00\",\"description\":\"Waldis Printing Solutions liefert Ihnen alle notwendigen Materialien f\u00fcr Ihren Ger\u00e4tepark. Bestellen Sie bei uns bequem Toner, Papier und sonstiges Verbrauchsmaterial \u2013 wir liefern prompt und verl\u00e4ssig ab Luzern.\",\"breadcrumb\":{\"@id\":\"https:\/\/waldis-ag.ch\/printing\/verbrauchsmaterial\/#breadcrumb\"},\"inLanguage\":\"de-CH\",\"potentialAction\":[{\"@type\":\"ReadAction\",\"target\":[\"https:\/\/waldis-ag.ch\/printing\/verbrauchsmaterial\/\"]}]},{\"@type\":\"BreadcrumbList\",\"@id\":\"https:\/\/waldis-ag.ch\/printing\/verbrauchsmaterial\/#breadcrumb\",\"itemListElement\":[{\"@type\":\"ListItem\",\"position\":1,\"name\":\"Verbrauchsmaterial\"}]}]}<\/script>\n<!-- \/ Yoast SEO plugin. -->","yoast_head_json":{"title":"Drucker Toner & Verbrauchsmaterial - Waldis","description":"Waldis Printing Solutions liefert Ihnen alle notwendigen Materialien f\u00fcr Ihren Ger\u00e4tepark. Bestellen Sie bei uns bequem Toner, Papier und sonstiges Verbrauchsmaterial \u2013 wir liefern prompt und verl\u00e4ssig ab Luzern.","robots":{"index":"index","follow":"follow","max-snippet":"max-snippet:-1","max-image-preview":"max-image-preview:large","max-video-preview":"max-video-preview:-1"},"canonical":"https:\/\/waldis-ag.ch\/printing\/verbrauchsmaterial\/","og_locale":"de_DE","og_type":"article","og_title":"Drucker Toner & Verbrauchsmaterial - Waldis","og_description":"Waldis Printing Solutions liefert Ihnen alle notwendigen Materialien f\u00fcr Ihren Ger\u00e4tepark. Bestellen Sie bei uns bequem Toner, Papier und sonstiges Verbrauchsmaterial \u2013 wir liefern prompt und verl\u00e4ssig ab Luzern.","og_url":"https:\/\/waldis-ag.ch\/printing\/verbrauchsmaterial\/","og_site_name":"Waldis","article_modified_time":"2018-04-06T05:32:19+00:00","og_image":[{"width":2600,"height":1768,"url":"https:\/\/waldis-ag.ch\/printing\/wp-content\/uploads\/sites\/7\/2018\/03\/verbrauchsmaterial_toner_01.jpg","type":"image\/jpeg"}],"twitter_card":"summary_large_image","twitter_misc":{"Est. reading time":"1 Minute"},"schema":{"@context":"https:\/\/schema.org","@graph":[{"@type":"WebSite","@id":"https:\/\/waldis-ag.ch\/printing\/#website","url":"https:\/\/waldis-ag.ch\/printing\/","name":"Waldis","description":"","potentialAction":[{"@type":"SearchAction","target":{"@type":"EntryPoint","urlTemplate":"https:\/\/waldis-ag.ch\/printing\/?s={search_term_string}"},"query-input":"required name=search_term_string"}],"inLanguage":"de-CH"},{"@type":"ImageObject","@id":"https:\/\/waldis-ag.ch\/printing\/verbrauchsmaterial\/#primaryimage","inLanguage":"de-CH","url":"https:\/\/waldis-ag.ch\/printing\/wp-content\/uploads\/sites\/7\/2018\/03\/verbrauchsmaterial_toner_01.jpg","contentUrl":"https:\/\/waldis-ag.ch\/printing\/wp-content\/uploads\/sites\/7\/2018\/03\/verbrauchsmaterial_toner_01.jpg","width":2600,"height":1768,"caption":"drucker verbrauchsmaterial toner"},{"@type":"WebPage","@id":"https:\/\/waldis-ag.ch\/printing\/verbrauchsmaterial\/#webpage","url":"https:\/\/waldis-ag.ch\/printing\/verbrauchsmaterial\/","name":"Drucker Toner & Verbrauchsmaterial - Waldis","isPartOf":{"@id":"https:\/\/waldis-ag.ch\/printing\/#website"},"primaryImageOfPage":{"@id":"https:\/\/waldis-ag.ch\/printing\/verbrauchsmaterial\/#primaryimage"},"datePublished":"2017-12-14T13:58:04+00:00","dateModified":"2018-04-06T05:32:19+00:00","description":"Waldis Printing Solutions liefert Ihnen alle notwendigen Materialien f\u00fcr Ihren Ger\u00e4tepark. Bestellen Sie bei uns bequem Toner, Papier und sonstiges Verbrauchsmaterial \u2013 wir liefern prompt und verl\u00e4ssig ab Luzern.","breadcrumb":{"@id":"https:\/\/waldis-ag.ch\/printing\/verbrauchsmaterial\/#breadcrumb"},"inLanguage":"de-CH","potentialAction":[{"@type":"ReadAction","target":["https:\/\/waldis-ag.ch\/printing\/verbrauchsmaterial\/"]}]},{"@type":"BreadcrumbList","@id":"https:\/\/waldis-ag.ch\/printing\/verbrauchsmaterial\/#breadcrumb","itemListElement":[{"@type":"ListItem","position":1,"name":"Verbrauchsmaterial"}]}]}},"publishpress_future_action":{"enabled":false,"date":"1970-01-01 01:00:00","action":"","terms":[],"taxonomy":"","browser_timezone_offset":0},"_links":{"self":[{"href":"https:\/\/waldis-ag.ch\/printing\/wp-json\/wp\/v2\/pages\/60"}],"collection":[{"href":"https:\/\/waldis-ag.ch\/printing\/wp-json\/wp\/v2\/pages"}],"about":[{"href":"https:\/\/waldis-ag.ch\/printing\/wp-json\/wp\/v2\/types\/page"}],"author":[{"embeddable":true,"href":"https:\/\/waldis-ag.ch\/printing\/wp-json\/wp\/v2\/users\/1"}],"replies":[{"embeddable":true,"href":"https:\/\/waldis-ag.ch\/printing\/wp-json\/wp\/v2\/comments?post=60"}],"version-history":[{"count":14,"href":"https:\/\/waldis-ag.ch\/printing\/wp-json\/wp\/v2\/pages\/60\/revisions"}],"predecessor-version":[{"id":11689,"href":"https:\/\/waldis-ag.ch\/printing\/wp-json\/wp\/v2\/pages\/60\/revisions\/11689"}],"wp:featuredmedia":[{"embeddable":true,"href":"https:\/\/waldis-ag.ch\/printing\/wp-json\/wp\/v2\/media\/10925"}],"wp:attachment":[{"href":"https:\/\/waldis-ag.ch\/printing\/wp-json\/wp\/v2\/media?parent=60"}],"curies":[{"name":"wp","href":"https:\/\/api.w.org\/{rel}","templated":true}]}}