{"id":4,"date":"2017-07-14T09:55:58","date_gmt":"2017-07-14T09:55:58","guid":{"rendered":"https:\/\/waldisprinting.ch\/home-2\/"},"modified":"2024-11-01T09:19:45","modified_gmt":"2024-11-01T08:19:45","slug":"startseite","status":"publish","type":"page","link":"https:\/\/waldis-ag.ch\/printing\/","title":{"rendered":"Startseite"},"content":{"rendered":"<p>[vc_row][vc_column offset=&#8221;vc_hidden-xs&#8221;][vc_empty_space height=&#8221;150px&#8221; el_class=&#8221;page-space&#8221;][\/vc_column][\/vc_row][vc_row content_width=&#8221;grid&#8221;][vc_column]<div class=\"edgtf-blog-list-holder edgtf-blog-type-masonry edgtf-standard edgtf-two-columns edgtf-masonry-pagination-load-more\">\n\t<ul class=\"edgtf-blog-list\">\n<!--\t-->\t\t\t<div class=\"edgtf-blog-list-masonry-grid-sizer\"><\/div>\n\t\t<div class=\"edgtf-blog-list-masonry-grid-gutter\"><\/div>\n\t<li class=\"edgtf-blog-list-item clearfix\">\n    <div class=\"edgtf-blog-list-item-inner\">\n        <div class=\"edgtf-item-image\">\n            <a itemprop=\"url\" href=\"https:\/\/waldis-ag.ch\/printing\/buerokonzept-und-waldis-printing-solutions\/\">\n                <img width=\"600\" height=\"234\" src=\"https:\/\/waldis-ag.ch\/printing\/wp-content\/uploads\/sites\/7\/2025\/04\/buerokonzept_waldis-600x234.gif\" class=\"attachment-blogpost-thumb size-blogpost-thumb wp-post-image\" alt=\"\" loading=\"lazy\" \/>            <\/a>\n            <!--<div class=\"edgtf-item-excerpt-holder\">\n                                    <p itemprop=\"description\" class=\"edgtf-excerpt\">...<\/p>\n                            <\/div>-->\n        <\/div>\n        <div class=\"edgtf-item-text-holder\" >\n            <div class=\"edgtf-item-info-section\">\n                <div class=\"edgtf-post-info-category\">\n\t<a href=\"https:\/\/waldis-ag.ch\/printing\/category\/allgemein\/\" rel=\"category tag\">Allgemein<\/a><\/div>            <\/div>\n\n            <h3 itemprop=\"name\" class=\"edgtf-item-title entry-title\">\n            <a itemprop=\"url\" href=\"https:\/\/waldis-ag.ch\/printing\/buerokonzept-und-waldis-printing-solutions\/\">\n                B\u00fcrokonzept und Waldis Printing Solutions            <\/a>\n        <\/h3>\n\n\n                                    <a itemprop=\"description\" class=\"edgtf-excerpt\" href=\"https:\/\/waldis-ag.ch\/printing\/buerokonzept-und-waldis-printing-solutions\/\">B\u00fcrokonzept ist ein Familienunternehmen, das seit \u00fcber 33 Jahren Druckerl\u00f6sungen und B\u00fcroeinrichtungen anbietet. 2023 haben wir mit der Waldis Printing...<\/a>\n                            <!--\t\t\t<div class=\"read-more-holder\"><a itemprop=\"url\" href=\"-->\n        <!--\" class=\"edgtf-blog-list-read-more\">-->\n        <!--<\/a><\/div>-->\n    <\/div>\n    <\/div>\n<\/li><li class=\"edgtf-blog-list-item clearfix\">\n    <div class=\"edgtf-blog-list-item-inner\">\n        <div class=\"edgtf-item-image\">\n            <a itemprop=\"url\" href=\"https:\/\/waldis-ag.ch\/printing\/datensicherheit-im-hybriden-arbeitsumfeld\/\">\n                <img width=\"600\" height=\"338\" src=\"https:\/\/waldis-ag.ch\/printing\/wp-content\/uploads\/sites\/7\/2022\/03\/WBW_Digitale-Kommunikation_RGB_72dpi-600x338.jpg\" class=\"attachment-blogpost-thumb size-blogpost-thumb wp-post-image\" alt=\"\" loading=\"lazy\" \/>            <\/a>\n            <!--<div class=\"edgtf-item-excerpt-holder\">\n                                    <p itemprop=\"description\" class=\"edgtf-excerpt\">...<\/p>\n                            <\/div>-->\n        <\/div>\n        <div class=\"edgtf-item-text-holder\" >\n            <div class=\"edgtf-item-info-section\">\n                <div class=\"edgtf-post-info-category\">\n\t<a href=\"https:\/\/waldis-ag.ch\/printing\/category\/allgemein\/\" rel=\"category tag\">Allgemein<\/a><\/div>            <\/div>\n\n            <h3 itemprop=\"name\" class=\"edgtf-item-title entry-title\">\n            <a itemprop=\"url\" href=\"https:\/\/waldis-ag.ch\/printing\/datensicherheit-im-hybriden-arbeitsumfeld\/\">\n                Datensicherheit im hybriden Arbeitsumfeld            <\/a>\n        <\/h3>\n\n\n                                    <a itemprop=\"description\" class=\"edgtf-excerpt\" href=\"https:\/\/waldis-ag.ch\/printing\/datensicherheit-im-hybriden-arbeitsumfeld\/\">Die Datensicherheit in Unternehmen ist wichtiger denn je und wird auch in Zukunft im Mittelpunkt des Interesses stehen. Gleichzeitig fordern die neuen Arbeitsweisen das Datensicherheits-Management auf neue Weise heraus, denn die Mitarbeitenden sollen von \u00fcberall aus Zugriff auf die Unternehmensdaten haben. Diese Ver\u00e4nderungen der Arbeitsweisen ziehen grundlegende Auswirkungen auf die Sicherheitslandschaft des Unternehmens mit sich. Erfahren Sie hier, wie Sie in einer hybriden Arbeitswelt mit Ihren Teams in Verbindung bleiben, effizient arbeiten und gleichzeitig Ihre Daten umfassend sch\u00fctzen.<\/a>\n                            <!--\t\t\t<div class=\"read-more-holder\"><a itemprop=\"url\" href=\"-->\n        <!--\" class=\"edgtf-blog-list-read-more\">-->\n        <!--<\/a><\/div>-->\n    <\/div>\n    <\/div>\n<\/li><li class=\"edgtf-blog-list-item clearfix\">\n    <div class=\"edgtf-blog-list-item-inner\">\n        <div class=\"edgtf-item-image\">\n            <a itemprop=\"url\" href=\"https:\/\/waldis-ag.ch\/printing\/nachhaltige-medien\/\">\n                <img width=\"600\" height=\"435\" src=\"https:\/\/waldis-ag.ch\/printing\/wp-content\/uploads\/sites\/7\/2022\/03\/canon-nachaltigkeit_header-01-600x435.jpg\" class=\"attachment-blogpost-thumb size-blogpost-thumb wp-post-image\" alt=\"Nachhaltige Medien von Canon\" loading=\"lazy\" \/>            <\/a>\n            <!--<div class=\"edgtf-item-excerpt-holder\">\n                                    <p itemprop=\"description\" class=\"edgtf-excerpt\">...<\/p>\n                            <\/div>-->\n        <\/div>\n        <div class=\"edgtf-item-text-holder\" >\n            <div class=\"edgtf-item-info-section\">\n                <div class=\"edgtf-post-info-category\">\n\t<a href=\"https:\/\/waldis-ag.ch\/printing\/category\/allgemein\/\" rel=\"category tag\">Allgemein<\/a><\/div>            <\/div>\n\n            <h3 itemprop=\"name\" class=\"edgtf-item-title entry-title\">\n            <a itemprop=\"url\" href=\"https:\/\/waldis-ag.ch\/printing\/nachhaltige-medien\/\">\n                Optimierung der \u00d6kobilanz dank nachhaltigen Medien            <\/a>\n        <\/h3>\n\n\n                                    <a itemprop=\"description\" class=\"edgtf-excerpt\" href=\"https:\/\/waldis-ag.ch\/printing\/nachhaltige-medien\/\">Minimieren Sie Ihren CO2-Fussabdruck mit nachhaltigen Medien. Wir zeigen Ihnen, mit welchen Druckmedien Sie einen wichtigen Beitrag f\u00fcr den Umweltschutz leisten.<\/a>\n                            <!--\t\t\t<div class=\"read-more-holder\"><a itemprop=\"url\" href=\"-->\n        <!--\" class=\"edgtf-blog-list-read-more\">-->\n        <!--<\/a><\/div>-->\n    <\/div>\n    <\/div>\n<\/li><li class=\"edgtf-blog-list-item clearfix\">\n    <div class=\"edgtf-blog-list-item-inner\">\n        <div class=\"edgtf-item-image\">\n            <a itemprop=\"url\" href=\"https:\/\/waldis-ag.ch\/printing\/ausdruck-von-liebe\/\">\n                <img width=\"600\" height=\"338\" src=\"https:\/\/waldis-ag.ch\/printing\/wp-content\/uploads\/sites\/7\/2022\/03\/Animation_Schulung_04-600x338.jpg\" class=\"attachment-blogpost-thumb size-blogpost-thumb wp-post-image\" alt=\"\" loading=\"lazy\" \/>            <\/a>\n            <!--<div class=\"edgtf-item-excerpt-holder\">\n                                    <p itemprop=\"description\" class=\"edgtf-excerpt\">...<\/p>\n                            <\/div>-->\n        <\/div>\n        <div class=\"edgtf-item-text-holder\" >\n            <div class=\"edgtf-item-info-section\">\n                <div class=\"edgtf-post-info-category\">\n\t<a href=\"https:\/\/waldis-ag.ch\/printing\/category\/allgemein\/\" rel=\"category tag\">Allgemein<\/a><\/div>            <\/div>\n\n            <h3 itemprop=\"name\" class=\"edgtf-item-title entry-title\">\n            <a itemprop=\"url\" href=\"https:\/\/waldis-ag.ch\/printing\/ausdruck-von-liebe\/\">\n                Ausdruck von Liebe            <\/a>\n        <\/h3>\n\n\n                                    <a itemprop=\"description\" class=\"edgtf-excerpt\" href=\"https:\/\/waldis-ag.ch\/printing\/ausdruck-von-liebe\/\">Mit dem Fokus auf Identit\u00e4t und Identifikation entwickelt visu\u2019l Unternehmen. Neben der beratenden T\u00e4tigkeit, geh\u00f6rt auch die Umsetzung von Kommunikationsmitteln zur t\u00e4glichen Arbeit. Mit dem Canon imagePRESS C165 steht nun das richtige Ger\u00e4t in der Berner Matte und dank der Kompetenz von Waldis ist es so eingestellt, dass visu\u2019l nicht nur sch\u00f6n, sondern so druckt, wie wenn das Erzeugnis aus der Druckerei kommt.<\/a>\n                            <!--\t\t\t<div class=\"read-more-holder\"><a itemprop=\"url\" href=\"-->\n        <!--\" class=\"edgtf-blog-list-read-more\">-->\n        <!--<\/a><\/div>-->\n    <\/div>\n    <\/div>\n<\/li><li class=\"edgtf-blog-list-item clearfix\">\n    <div class=\"edgtf-blog-list-item-inner\">\n        <div class=\"edgtf-item-image\">\n            <a itemprop=\"url\" href=\"https:\/\/waldis-ag.ch\/printing\/gemeinde-wolhusen-perfektioniert-print-und-output-management\/\">\n                <img width=\"600\" height=\"400\" src=\"https:\/\/waldis-ag.ch\/printing\/wp-content\/uploads\/sites\/7\/2021\/12\/Wolhusen_Dorf-600x400.jpg\" class=\"attachment-blogpost-thumb size-blogpost-thumb wp-post-image\" alt=\"\" loading=\"lazy\" \/>            <\/a>\n            <!--<div class=\"edgtf-item-excerpt-holder\">\n                                    <p itemprop=\"description\" class=\"edgtf-excerpt\">...<\/p>\n                            <\/div>-->\n        <\/div>\n        <div class=\"edgtf-item-text-holder\" >\n            <div class=\"edgtf-item-info-section\">\n                <div class=\"edgtf-post-info-category\">\n\t<a href=\"https:\/\/waldis-ag.ch\/printing\/category\/allgemein\/\" rel=\"category tag\">Allgemein<\/a><\/div>            <\/div>\n\n            <h3 itemprop=\"name\" class=\"edgtf-item-title entry-title\">\n            <a itemprop=\"url\" href=\"https:\/\/waldis-ag.ch\/printing\/gemeinde-wolhusen-perfektioniert-print-und-output-management\/\">\n                Gemeinde Wolhusen perfektioniert Print- und Output-Management            <\/a>\n        <\/h3>\n\n\n                                    <a itemprop=\"description\" class=\"edgtf-excerpt\" href=\"https:\/\/waldis-ag.ch\/printing\/gemeinde-wolhusen-perfektioniert-print-und-output-management\/\">Die Gemeindeverwaltung Wolhusen ist, wie jede Verwaltung, mit vielen verschiedenen Bereichen und Abteilungen auf reibungslose und zuverl\u00e4ssige Abl\u00e4ufe angewiesen. Seit vielen Jahren arbeitet das Team deshalb mit den Druck- und Scanl\u00f6sungen von Waldis. Damit alle Mitarbeitenden den Ger\u00e4tepark effizient und umfassend nutzen k\u00f6nnen, hat die Verwaltung den Professional Printing Service von Waldis Printing Solutions gebucht.<\/a>\n                            <!--\t\t\t<div class=\"read-more-holder\"><a itemprop=\"url\" href=\"-->\n        <!--\" class=\"edgtf-blog-list-read-more\">-->\n        <!--<\/a><\/div>-->\n    <\/div>\n    <\/div>\n<\/li><li class=\"edgtf-blog-list-item clearfix\">\n    <div class=\"edgtf-blog-list-item-inner\">\n        <div class=\"edgtf-item-image\">\n            <a itemprop=\"url\" href=\"https:\/\/waldis-ag.ch\/printing\/sicherheitsluecke-java-log4j\/\">\n                <img width=\"600\" height=\"400\" src=\"https:\/\/waldis-ag.ch\/printing\/wp-content\/uploads\/sites\/7\/2021\/12\/java-sicherheitsluecke-202112-600x400.jpg\" class=\"attachment-blogpost-thumb size-blogpost-thumb wp-post-image\" alt=\"Java Log4J\" loading=\"lazy\" \/>            <\/a>\n            <!--<div class=\"edgtf-item-excerpt-holder\">\n                                    <p itemprop=\"description\" class=\"edgtf-excerpt\">...<\/p>\n                            <\/div>-->\n        <\/div>\n        <div class=\"edgtf-item-text-holder\" >\n            <div class=\"edgtf-item-info-section\">\n                <div class=\"edgtf-post-info-category\">\n\t<a href=\"https:\/\/waldis-ag.ch\/printing\/category\/news\/\" rel=\"category tag\">News<\/a><\/div>            <\/div>\n\n            <h3 itemprop=\"name\" class=\"edgtf-item-title entry-title\">\n            <a itemprop=\"url\" href=\"https:\/\/waldis-ag.ch\/printing\/sicherheitsluecke-java-log4j\/\">\n                Kritische Sicherheitsl\u00fccke in Java-Bibliothek \u00abLog4J\u00bb            <\/a>\n        <\/h3>\n\n\n                                    <a itemprop=\"description\" class=\"edgtf-excerpt\" href=\"https:\/\/waldis-ag.ch\/printing\/sicherheitsluecke-java-log4j\/\">In der Java-Bibliothek \u00abLog4J\u00bb, einem weit verbreiteten Logging-Paket das innerhalb vieler Anwendungen und Softwareprodukte Verwendung findet, wurde eine Sicherheitsl\u00fccke gefunden. Diese wurde als kritisch eingestuft und kann von Cyberkriminellen ausgenutzt werden. Betroffene Hersteller arbeiten mit Hochdruck an einer L\u00f6sung.<\/a>\n                            <!--\t\t\t<div class=\"read-more-holder\"><a itemprop=\"url\" href=\"-->\n        <!--\" class=\"edgtf-blog-list-read-more\">-->\n        <!--<\/a><\/div>-->\n    <\/div>\n    <\/div>\n<\/li>\t<\/ul>\n                <div class=\"edgtf-blog-load-more-button-holder text-center\">\n\t\t\t\t\t<span class=\"edgtf-blog-load-more-button\" data-rel=\"19\">\n\t\t\t\t\t\t<a itemprop=\"url\" href=\"https:\/\/waldis-ag.ch\/printing\/wp-json\/wp\/v2\/pages\/4\/page\/2\/\" target=\"_self\"  class=\"edgtf-btn edgtf-btn-medium edgtf-btn-outline\"  >\t<span class=\"edgtf-btn-text\">WEITERE NEUHEITEN<\/span>    <\/a>\t\t\t\t\t<\/span>\n            <\/div>\n        <\/div>\n[\/vc_column][\/vc_row][vc_row content_aligment=&#8221;center&#8221;][vc_column offset=&#8221;vc_hidden-lg vc_hidden-md vc_hidden-sm vc_hidden-xs&#8221;]<a itemprop=\"url\" href=\"\/news\/\" target=\"_self\" style=\"margin: 30px 0 20px 0\" class=\"edgtf-btn edgtf-btn-huge edgtf-btn-outline\"  >\n\t<span class=\"edgtf-btn-text\">WEITERE NEUHEITEN<\/span>\n    <\/a>[\/vc_column][\/vc_row][vc_row content_aligment=&#8221;center&#8221;][vc_column offset=&#8221;vc_hidden-md vc_hidden-sm vc_hidden-xs&#8221;][vc_empty_space height=&#8221;180px&#8221;][\/vc_column][\/vc_row][vc_row content_aligment=&#8221;center&#8221;][vc_column offset=&#8221;vc_hidden-lg&#8221;][vc_empty_space height=&#8221;90px&#8221;][\/vc_column][\/vc_row][vc_row content_aligment=&#8221;center&#8221;][vc_column][vc_single_image image=&#8221;11028&#8243; img_size=&#8221;2600&#215;1600&#8243; alignment=&#8221;center&#8221; onclick=&#8221;custom_link&#8221; el_class=&#8221;full-img&#8221; link=&#8221;http:\/\/waldis-ag.ch\/printing\/managed-print-services\/&#8221;][vc_empty_space height=&#8221;60px&#8221;][vc_column_text el_class=&#8221;single-banner&#8221;]<\/p>\n<h2 style=\"text-align: center;\">WIE SIE MIT MANAGED PRINT SERVICES KOSTEN SPAREN<\/h2>\n<p>[\/vc_column_text][vc_empty_space height=&#8221;20px&#8221;][vc_column_text el_class=&#8221;single-banner&#8221;]Die Managed Print Services und Managed Document Services von Waldis unterst\u00fctzen Sie dabei, die Druck- und Wartungskosten zu reduzieren und die Druckumgebung zentral zu steuern. So erhalten Sie Transparenz und Kontrolle \u00fcber die gesamte Dokument- und Druckumgebung.[\/vc_column_text][vc_empty_space height=&#8221;60px&#8221;]<a itemprop=\"url\" href=\"http:\/\/www.waldis-ag.ch\/printing\/managed-print-services\/\" target=\"_self\"  class=\"edgtf-btn edgtf-btn-huge edgtf-btn-outline newsletter-open\"  >\n\t<span class=\"edgtf-btn-text\">WEITERLESEN<\/span>\n    <\/a>[vc_empty_space height=&#8221;60px&#8221;][\/vc_column][\/vc_row][vc_row][vc_column][vc_empty_space height=&#8221;120px&#8221;][vc_text_separator title=&#8221;UNSERE PARTNER&#8221; color=&#8221;black&#8221;][vc_empty_space height=&#8221;30px&#8221;][\/vc_column][\/vc_row][vc_row][vc_column width=&#8221;1\/4&#8243;][vc_empty_space height=&#8221;40px&#8221;][vc_single_image image=&#8221;15689&#8243; img_size=&#8221;150&#215;150&#8243; alignment=&#8221;center&#8221; onclick=&#8221;custom_link&#8221; link=&#8221;http:\/\/waldis-ag.ch\/printing\/produkte\/marken\/canon\/&#8221;][vc_empty_space height=&#8221;10px&#8221;][\/vc_column][vc_column width=&#8221;1\/4&#8243;][vc_single_image image=&#8221;10967&#8243; img_size=&#8221;full&#8221; onclick=&#8221;custom_link&#8221; link=&#8221;http:\/\/waldis-ag.ch\/printing\/produkte\/marken\/konica-minolta\/&#8221;][vc_empty_space][\/vc_column][vc_column width=&#8221;1\/4&#8243;][vc_single_image image=&#8221;11987&#8243; img_size=&#8221;full&#8221; onclick=&#8221;custom_link&#8221; link=&#8221;http:\/\/waldis-ag.ch\/printing\/produkte\/marken\/lexmark\/&#8221;][vc_empty_space][\/vc_column][vc_column width=&#8221;1\/4&#8243;][vc_empty_space height=&#8221;55px&#8221;][vc_single_image image=&#8221;15672&#8243; img_size=&#8221;full&#8221; add_caption=&#8221;yes&#8221; onclick=&#8221;custom_link&#8221; link=&#8221;https:\/\/waldis-ag.ch\/printing\/produkte\/marken\/kyocera\/&#8221;][\/vc_column][\/vc_row]<\/p>\n","protected":false},"excerpt":{"rendered":"<p>[vc_row][vc_column offset=&#8221;vc_hidden-xs&#8221;][vc_empty_space height=&#8221;150px&#8221; el_class=&#8221;page-space&#8221;][\/vc_column][\/vc_row][vc_row content_width=&#8221;grid&#8221;][vc_column][\/vc_column][\/vc_row][vc_row content_aligment=&#8221;center&#8221;][vc_column offset=&#8221;vc_hidden-lg vc_hidden-md vc_hidden-sm vc_hidden-xs&#8221;][\/vc_column][\/vc_row][vc_row content_aligment=&#8221;center&#8221;][vc_column offset=&#8221;vc_hidden-md vc_hidden-sm vc_hidden-xs&#8221;][vc_empty_space height=&#8221;180px&#8221;][\/vc_column][\/vc_row][vc_row content_aligment=&#8221;center&#8221;][vc_column offset=&#8221;vc_hidden-lg&#8221;][vc_empty_space height=&#8221;90px&#8221;][\/vc_column][\/vc_row][vc_row content_aligment=&#8221;center&#8221;][vc_column][vc_single_image image=&#8221;11028&#8243;&#8230;<\/p>\n","protected":false},"author":1,"featured_media":0,"parent":0,"menu_order":0,"comment_status":"closed","ping_status":"closed","template":"","meta":[],"yoast_head":"<!-- This site is optimized with the Yoast SEO plugin v18.4.1 - https:\/\/yoast.com\/wordpress\/plugins\/seo\/ -->\n<title>Dokumentenl\u00f6sungen von Printing Solutions - Waldis<\/title>\n<meta name=\"description\" content=\"Waldis Printing Solutions geh\u00f6rt in der Zentralschweiz zu den f\u00fchrenden Anbieter innovativer Technologien in den Bereichen Enterprise Content Management, Managed Print Services und Komplettl\u00f6sungen f\u00fcr den digitalen sowie papiergebundenen Dokumentenworkflow.\" \/>\n<meta name=\"robots\" content=\"index, follow, max-snippet:-1, max-image-preview:large, max-video-preview:-1\" \/>\n<link rel=\"canonical\" href=\"https:\/\/waldis-ag.ch\/printing\/\" \/>\n<meta property=\"og:locale\" content=\"de_DE\" \/>\n<meta property=\"og:type\" content=\"article\" \/>\n<meta property=\"og:title\" content=\"Dokumentenl\u00f6sungen von Printing Solutions - Waldis\" \/>\n<meta property=\"og:description\" content=\"Waldis Printing Solutions geh\u00f6rt in der Zentralschweiz zu den f\u00fchrenden Anbieter innovativer Technologien in den Bereichen Enterprise Content Management, Managed Print Services und Komplettl\u00f6sungen f\u00fcr den digitalen sowie papiergebundenen Dokumentenworkflow.\" \/>\n<meta property=\"og:url\" content=\"https:\/\/waldis-ag.ch\/printing\/\" \/>\n<meta property=\"og:site_name\" content=\"Waldis\" \/>\n<meta property=\"article:modified_time\" content=\"2024-11-01T08:19:45+00:00\" \/>\n<meta name=\"twitter:card\" content=\"summary_large_image\" \/>\n<meta name=\"twitter:label1\" content=\"Est. reading time\" \/>\n\t<meta name=\"twitter:data1\" content=\"1 Minute\" \/>\n<script type=\"application\/ld+json\" class=\"yoast-schema-graph\">{\"@context\":\"https:\/\/schema.org\",\"@graph\":[{\"@type\":\"WebSite\",\"@id\":\"https:\/\/waldis-ag.ch\/printing\/#website\",\"url\":\"https:\/\/waldis-ag.ch\/printing\/\",\"name\":\"Waldis\",\"description\":\"\",\"potentialAction\":[{\"@type\":\"SearchAction\",\"target\":{\"@type\":\"EntryPoint\",\"urlTemplate\":\"https:\/\/waldis-ag.ch\/printing\/?s={search_term_string}\"},\"query-input\":\"required name=search_term_string\"}],\"inLanguage\":\"de-CH\"},{\"@type\":\"WebPage\",\"@id\":\"https:\/\/waldis-ag.ch\/printing\/#webpage\",\"url\":\"https:\/\/waldis-ag.ch\/printing\/\",\"name\":\"Dokumentenl\u00f6sungen von Printing Solutions - Waldis\",\"isPartOf\":{\"@id\":\"https:\/\/waldis-ag.ch\/printing\/#website\"},\"datePublished\":\"2017-07-14T09:55:58+00:00\",\"dateModified\":\"2024-11-01T08:19:45+00:00\",\"description\":\"Waldis Printing Solutions geh\u00f6rt in der Zentralschweiz zu den f\u00fchrenden Anbieter innovativer Technologien in den Bereichen Enterprise Content Management, Managed Print Services und Komplettl\u00f6sungen f\u00fcr den digitalen sowie papiergebundenen Dokumentenworkflow.\",\"breadcrumb\":{\"@id\":\"https:\/\/waldis-ag.ch\/printing\/#breadcrumb\"},\"inLanguage\":\"de-CH\",\"potentialAction\":[{\"@type\":\"ReadAction\",\"target\":[\"https:\/\/waldis-ag.ch\/printing\/\"]}]},{\"@type\":\"BreadcrumbList\",\"@id\":\"https:\/\/waldis-ag.ch\/printing\/#breadcrumb\",\"itemListElement\":[{\"@type\":\"ListItem\",\"position\":1,\"name\":\"Startseite\"}]}]}<\/script>\n<!-- \/ Yoast SEO plugin. -->","yoast_head_json":{"title":"Dokumentenl\u00f6sungen von Printing Solutions - Waldis","description":"Waldis Printing Solutions geh\u00f6rt in der Zentralschweiz zu den f\u00fchrenden Anbieter innovativer Technologien in den Bereichen Enterprise Content Management, Managed Print Services und Komplettl\u00f6sungen f\u00fcr den digitalen sowie papiergebundenen Dokumentenworkflow.","robots":{"index":"index","follow":"follow","max-snippet":"max-snippet:-1","max-image-preview":"max-image-preview:large","max-video-preview":"max-video-preview:-1"},"canonical":"https:\/\/waldis-ag.ch\/printing\/","og_locale":"de_DE","og_type":"article","og_title":"Dokumentenl\u00f6sungen von Printing Solutions - Waldis","og_description":"Waldis Printing Solutions geh\u00f6rt in der Zentralschweiz zu den f\u00fchrenden Anbieter innovativer Technologien in den Bereichen Enterprise Content Management, Managed Print Services und Komplettl\u00f6sungen f\u00fcr den digitalen sowie papiergebundenen Dokumentenworkflow.","og_url":"https:\/\/waldis-ag.ch\/printing\/","og_site_name":"Waldis","article_modified_time":"2024-11-01T08:19:45+00:00","twitter_card":"summary_large_image","twitter_misc":{"Est. reading time":"1 Minute"},"schema":{"@context":"https:\/\/schema.org","@graph":[{"@type":"WebSite","@id":"https:\/\/waldis-ag.ch\/printing\/#website","url":"https:\/\/waldis-ag.ch\/printing\/","name":"Waldis","description":"","potentialAction":[{"@type":"SearchAction","target":{"@type":"EntryPoint","urlTemplate":"https:\/\/waldis-ag.ch\/printing\/?s={search_term_string}"},"query-input":"required name=search_term_string"}],"inLanguage":"de-CH"},{"@type":"WebPage","@id":"https:\/\/waldis-ag.ch\/printing\/#webpage","url":"https:\/\/waldis-ag.ch\/printing\/","name":"Dokumentenl\u00f6sungen von Printing Solutions - Waldis","isPartOf":{"@id":"https:\/\/waldis-ag.ch\/printing\/#website"},"datePublished":"2017-07-14T09:55:58+00:00","dateModified":"2024-11-01T08:19:45+00:00","description":"Waldis Printing Solutions geh\u00f6rt in der Zentralschweiz zu den f\u00fchrenden Anbieter innovativer Technologien in den Bereichen Enterprise Content Management, Managed Print Services und Komplettl\u00f6sungen f\u00fcr den digitalen sowie papiergebundenen Dokumentenworkflow.","breadcrumb":{"@id":"https:\/\/waldis-ag.ch\/printing\/#breadcrumb"},"inLanguage":"de-CH","potentialAction":[{"@type":"ReadAction","target":["https:\/\/waldis-ag.ch\/printing\/"]}]},{"@type":"BreadcrumbList","@id":"https:\/\/waldis-ag.ch\/printing\/#breadcrumb","itemListElement":[{"@type":"ListItem","position":1,"name":"Startseite"}]}]}},"publishpress_future_action":{"enabled":false,"date":"1970-01-01 01:00:00","action":"","terms":[],"taxonomy":"","browser_timezone_offset":0},"_links":{"self":[{"href":"https:\/\/waldis-ag.ch\/printing\/wp-json\/wp\/v2\/pages\/4"}],"collection":[{"href":"https:\/\/waldis-ag.ch\/printing\/wp-json\/wp\/v2\/pages"}],"about":[{"href":"https:\/\/waldis-ag.ch\/printing\/wp-json\/wp\/v2\/types\/page"}],"author":[{"embeddable":true,"href":"https:\/\/waldis-ag.ch\/printing\/wp-json\/wp\/v2\/users\/1"}],"replies":[{"embeddable":true,"href":"https:\/\/waldis-ag.ch\/printing\/wp-json\/wp\/v2\/comments?post=4"}],"version-history":[{"count":55,"href":"https:\/\/waldis-ag.ch\/printing\/wp-json\/wp\/v2\/pages\/4\/revisions"}],"predecessor-version":[{"id":15690,"href":"https:\/\/waldis-ag.ch\/printing\/wp-json\/wp\/v2\/pages\/4\/revisions\/15690"}],"wp:attachment":[{"href":"https:\/\/waldis-ag.ch\/printing\/wp-json\/wp\/v2\/media?parent=4"}],"curies":[{"name":"wp","href":"https:\/\/api.w.org\/{rel}","templated":true}]}}