{"id":10977,"date":"2018-03-27T07:17:50","date_gmt":"2018-03-27T07:17:50","guid":{"rendered":"https:\/\/waldis-ag.ch\/printing\/?page_id=10977"},"modified":"2020-08-28T12:07:55","modified_gmt":"2020-08-28T10:07:55","slug":"managed-print-services","status":"publish","type":"page","link":"https:\/\/waldis-ag.ch\/printing\/managed-print-services\/","title":{"rendered":"Managed Print Services"},"content":{"rendered":"<p>[vc_row][vc_column][vc_column_text]Die Managed Print Services (MPS) und Managed Document Services (MDS) von Waldis unterst\u00fctzen Sie dabei, die Druck- und Wartungskosten zu reduzieren und die Druckumgebung zentral zu steuern. Mit unseren L\u00f6sungen\u00a0erhalten Sie Transparenz und Kontrolle \u00fcber die gesamte Dokument- und Druckumgebung. Dies beinhaltet sowohl gedruckte- wie auch elektronische Dokumente.<\/p>\n<p>Zun\u00e4chst analysieren wir Ihre bestehende Output-Infrastruktur, Ihre Dokumentprozesse, Ihre tats\u00e4chlichen Output-Kosten und Ihre spezifischen Anforderungen. Durch die systematische Auswertung der erfassten Daten entwickeln wir f\u00fcr Sie eine individuelle Optimierungsstrategie. Angepasst an die Strategie, stellen wir Ihnen ein massgeschneidertes Hard-, Software- und Servicepaket zusammen. Wir k\u00fcmmern uns um die Ger\u00e4te-Evaluation, den Toner Nachschub und die Wartung. Keinen \u00c4rger mehr mit Druck, Kopieren und Scannen. Einen Servicepartner f\u00fcr den gesamten Ger\u00e4tepark.[\/vc_column_text][vc_empty_space height=&#8221;120px&#8221;][vc_column_text]<\/p>\n<h3 style=\"text-align: left;\">IHRE VORTEILE<\/h3>\n<p>[\/vc_column_text][vc_empty_space height=&#8221;30x&#8221;][\/vc_column][\/vc_row][vc_row][vc_column width=&#8221;1\/4&#8243;][vc_empty_space height=&#8221;30px&#8221;][vc_single_image image=&#8221;11008&#8243; img_size=&#8221;200&#215;125&#8243; alignment=&#8221;center&#8221;][vc_empty_space height=&#8221;50px&#8221;][vc_column_text]<strong>KOSTENOPTIMIERUNG<\/strong>[\/vc_column_text][vc_empty_space height=&#8221;15px&#8221;][vc_column_text]<\/p>\n<h5>Durch die Analyse der Druckgewohnheiten, k\u00f6nnen wir kosteng\u00fcnstige L\u00f6sungen evaluieren. Ein optimierter Druckerpark spart Druckger\u00e4te, Papier und Toner.<\/h5>\n<p>[\/vc_column_text][\/vc_column][vc_column width=&#8221;1\/4&#8243;][vc_empty_space height=&#8221;30px&#8221;][vc_single_image image=&#8221;11007&#8243; img_size=&#8221;200&#215;125&#8243; alignment=&#8221;center&#8221;][vc_empty_space height=&#8221;50px&#8221;][vc_column_text]<strong>ZENTRALE DRUCKERVERWALTUNG<\/strong>[\/vc_column_text][vc_empty_space height=&#8221;15px&#8221;][vc_column_text]<\/p>\n<h5>\u00dcber ein Online-Tool k\u00f6nnen Sie jederzeit auf die gesamte Druckerinfrastruktur zugreifen. Der\u00a0zentrale \u00dcberblick \u00fcber alle Ger\u00e4te informiert aktiv \u00fcber Status und allf\u00e4llige St\u00f6rungen.<\/h5>\n<p>[\/vc_column_text][\/vc_column][vc_column width=&#8221;1\/4&#8243;][vc_empty_space height=&#8221;30px&#8221;][vc_single_image image=&#8221;11004&#8243; img_size=&#8221;200&#215;125&#8243; alignment=&#8221;center&#8221;][vc_empty_space height=&#8221;50px&#8221;][vc_column_text]<strong>AUTOMATISCHE<br \/>\nTONER-BESTELLUNG<\/strong>[\/vc_column_text][vc_empty_space height=&#8221;15px&#8221;][vc_column_text]<\/p>\n<h5>Das Ger\u00e4t erkennt wann ein Toner zu Ende geht und l\u00f6st selbst\u00e4ndig eine Bestellung aus. Die Toner-Lieferung ab unseren zentralen Lager in Kriens\/Luzern, erfolgt normalerweise am n\u00e4chsten Arbeitstag.<\/h5>\n<p>[\/vc_column_text][\/vc_column][vc_column width=&#8221;1\/4&#8243;][vc_empty_space height=&#8221;30px&#8221;][vc_single_image image=&#8221;11006&#8243; img_size=&#8221;200&#215;125&#8243; alignment=&#8221;center&#8221;][vc_empty_space height=&#8221;50px&#8221;][vc_column_text]<strong>WARTUNG &amp; SERVICE<\/strong>[\/vc_column_text][vc_empty_space height=&#8221;15px&#8221;][vc_column_text]<\/p>\n<h5>Unser Service- und Support-Team unterst\u00fctzt Sie bei allen technischen Anliegen. Per Telefon, vor Ort und via Fernwartung &#8211; wir sorgen daf\u00fcr, dass Sie mir Ihrer L\u00f6sung rundum zufrieden sind.<\/h5>\n<p>[\/vc_column_text][\/vc_column][\/vc_row][vc_row][vc_column][vc_empty_space height=&#8221;120px&#8221;][\/vc_column][\/vc_row][vc_row content_aligment=&#8221;center&#8221;][vc_column][vc_column_text]<\/p>\n<h2 style=\"text-align: center;\">Sie m\u00f6chten mehr \u00fcber unsere Managed Print Services erfahren? Jetzt Termin vereinbaren.<\/h2>\n<p>[\/vc_column_text][vc_empty_space height=&#8221;60px&#8221;]<a itemprop=\"url\" href=\"http:\/\/www.waldis-ag.ch\/printing\/kontakt\/\" target=\"_self\"  class=\"edgtf-btn edgtf-btn-medium edgtf-btn-outline\"  >\n\t<span class=\"edgtf-btn-text\">Kontakt<\/span>\n    <\/a>[vc_empty_space height=&#8221;120px&#8221;][\/vc_column][\/vc_row]<\/p>\n","protected":false},"excerpt":{"rendered":"<p>[vc_row][vc_column][vc_column_text]Die Managed Print Services (MPS) und Managed Document Services (MDS) von Waldis unterst\u00fctzen Sie dabei, die Druck- und Wartungskosten zu&#8230;<\/p>\n","protected":false},"author":1,"featured_media":11028,"parent":0,"menu_order":0,"comment_status":"closed","ping_status":"closed","template":"","meta":[],"yoast_head":"<!-- This site is optimized with the Yoast SEO plugin v18.4.1 - https:\/\/yoast.com\/wordpress\/plugins\/seo\/ -->\n<title>Managed Print Service (MPS) | Reduzierung der Druckkosten - Waldis<\/title>\n<meta name=\"description\" content=\"Managed Print Services (MPS) von Waldis unterst\u00fctzten Sie dabei, Ihre Druck- und Wartungskosten zu reduzieren und Ihre Druckinfrastruktur zentral zu steuern.\" \/>\n<meta name=\"robots\" content=\"index, follow, max-snippet:-1, max-image-preview:large, max-video-preview:-1\" \/>\n<link rel=\"canonical\" href=\"https:\/\/waldis-ag.ch\/printing\/managed-print-services\/\" \/>\n<meta property=\"og:locale\" content=\"de_DE\" \/>\n<meta property=\"og:type\" content=\"article\" \/>\n<meta property=\"og:title\" content=\"Managed Print Service (MPS) | Reduzierung der Druckkosten - Waldis\" \/>\n<meta property=\"og:description\" content=\"Managed Print Services (MPS) von Waldis unterst\u00fctzten Sie dabei, Ihre Druck- und Wartungskosten zu reduzieren und Ihre Druckinfrastruktur zentral zu steuern.\" \/>\n<meta property=\"og:url\" content=\"https:\/\/waldis-ag.ch\/printing\/managed-print-services\/\" \/>\n<meta property=\"og:site_name\" content=\"Waldis\" \/>\n<meta property=\"article:modified_time\" content=\"2020-08-28T10:07:55+00:00\" \/>\n<meta property=\"og:image\" content=\"https:\/\/waldis-ag.ch\/printing\/wp-content\/uploads\/sites\/7\/2018\/03\/managed-print-services-head.jpg\" \/>\n\t<meta property=\"og:image:width\" content=\"2600\" \/>\n\t<meta property=\"og:image:height\" content=\"1462\" \/>\n\t<meta property=\"og:image:type\" content=\"image\/jpeg\" \/>\n<meta name=\"twitter:card\" content=\"summary_large_image\" \/>\n<meta name=\"twitter:label1\" content=\"Est. reading time\" \/>\n\t<meta name=\"twitter:data1\" content=\"3 Minuten\" \/>\n<script type=\"application\/ld+json\" class=\"yoast-schema-graph\">{\"@context\":\"https:\/\/schema.org\",\"@graph\":[{\"@type\":\"WebSite\",\"@id\":\"https:\/\/waldis-ag.ch\/printing\/#website\",\"url\":\"https:\/\/waldis-ag.ch\/printing\/\",\"name\":\"Waldis\",\"description\":\"\",\"potentialAction\":[{\"@type\":\"SearchAction\",\"target\":{\"@type\":\"EntryPoint\",\"urlTemplate\":\"https:\/\/waldis-ag.ch\/printing\/?s={search_term_string}\"},\"query-input\":\"required name=search_term_string\"}],\"inLanguage\":\"de-CH\"},{\"@type\":\"ImageObject\",\"@id\":\"https:\/\/waldis-ag.ch\/printing\/managed-print-services\/#primaryimage\",\"inLanguage\":\"de-CH\",\"url\":\"https:\/\/waldis-ag.ch\/printing\/wp-content\/uploads\/sites\/7\/2018\/03\/managed-print-services-head.jpg\",\"contentUrl\":\"https:\/\/waldis-ag.ch\/printing\/wp-content\/uploads\/sites\/7\/2018\/03\/managed-print-services-head.jpg\",\"width\":2600,\"height\":1462,\"caption\":\"Managed Print Services Luzern\"},{\"@type\":\"WebPage\",\"@id\":\"https:\/\/waldis-ag.ch\/printing\/managed-print-services\/#webpage\",\"url\":\"https:\/\/waldis-ag.ch\/printing\/managed-print-services\/\",\"name\":\"Managed Print Service (MPS) | Reduzierung der Druckkosten - Waldis\",\"isPartOf\":{\"@id\":\"https:\/\/waldis-ag.ch\/printing\/#website\"},\"primaryImageOfPage\":{\"@id\":\"https:\/\/waldis-ag.ch\/printing\/managed-print-services\/#primaryimage\"},\"datePublished\":\"2018-03-27T07:17:50+00:00\",\"dateModified\":\"2020-08-28T10:07:55+00:00\",\"description\":\"Managed Print Services (MPS) von Waldis unterst\u00fctzten Sie dabei, Ihre Druck- und Wartungskosten zu reduzieren und Ihre Druckinfrastruktur zentral zu steuern.\",\"breadcrumb\":{\"@id\":\"https:\/\/waldis-ag.ch\/printing\/managed-print-services\/#breadcrumb\"},\"inLanguage\":\"de-CH\",\"potentialAction\":[{\"@type\":\"ReadAction\",\"target\":[\"https:\/\/waldis-ag.ch\/printing\/managed-print-services\/\"]}]},{\"@type\":\"BreadcrumbList\",\"@id\":\"https:\/\/waldis-ag.ch\/printing\/managed-print-services\/#breadcrumb\",\"itemListElement\":[{\"@type\":\"ListItem\",\"position\":1,\"name\":\"Managed Print Services\"}]}]}<\/script>\n<!-- \/ Yoast SEO plugin. -->","yoast_head_json":{"title":"Managed Print Service (MPS) | Reduzierung der Druckkosten - Waldis","description":"Managed Print Services (MPS) von Waldis unterst\u00fctzten Sie dabei, Ihre Druck- und Wartungskosten zu reduzieren und Ihre Druckinfrastruktur zentral zu steuern.","robots":{"index":"index","follow":"follow","max-snippet":"max-snippet:-1","max-image-preview":"max-image-preview:large","max-video-preview":"max-video-preview:-1"},"canonical":"https:\/\/waldis-ag.ch\/printing\/managed-print-services\/","og_locale":"de_DE","og_type":"article","og_title":"Managed Print Service (MPS) | Reduzierung der Druckkosten - Waldis","og_description":"Managed Print Services (MPS) von Waldis unterst\u00fctzten Sie dabei, Ihre Druck- und Wartungskosten zu reduzieren und Ihre Druckinfrastruktur zentral zu steuern.","og_url":"https:\/\/waldis-ag.ch\/printing\/managed-print-services\/","og_site_name":"Waldis","article_modified_time":"2020-08-28T10:07:55+00:00","og_image":[{"width":2600,"height":1462,"url":"https:\/\/waldis-ag.ch\/printing\/wp-content\/uploads\/sites\/7\/2018\/03\/managed-print-services-head.jpg","type":"image\/jpeg"}],"twitter_card":"summary_large_image","twitter_misc":{"Est. reading time":"3 Minuten"},"schema":{"@context":"https:\/\/schema.org","@graph":[{"@type":"WebSite","@id":"https:\/\/waldis-ag.ch\/printing\/#website","url":"https:\/\/waldis-ag.ch\/printing\/","name":"Waldis","description":"","potentialAction":[{"@type":"SearchAction","target":{"@type":"EntryPoint","urlTemplate":"https:\/\/waldis-ag.ch\/printing\/?s={search_term_string}"},"query-input":"required name=search_term_string"}],"inLanguage":"de-CH"},{"@type":"ImageObject","@id":"https:\/\/waldis-ag.ch\/printing\/managed-print-services\/#primaryimage","inLanguage":"de-CH","url":"https:\/\/waldis-ag.ch\/printing\/wp-content\/uploads\/sites\/7\/2018\/03\/managed-print-services-head.jpg","contentUrl":"https:\/\/waldis-ag.ch\/printing\/wp-content\/uploads\/sites\/7\/2018\/03\/managed-print-services-head.jpg","width":2600,"height":1462,"caption":"Managed Print Services Luzern"},{"@type":"WebPage","@id":"https:\/\/waldis-ag.ch\/printing\/managed-print-services\/#webpage","url":"https:\/\/waldis-ag.ch\/printing\/managed-print-services\/","name":"Managed Print Service (MPS) | Reduzierung der Druckkosten - Waldis","isPartOf":{"@id":"https:\/\/waldis-ag.ch\/printing\/#website"},"primaryImageOfPage":{"@id":"https:\/\/waldis-ag.ch\/printing\/managed-print-services\/#primaryimage"},"datePublished":"2018-03-27T07:17:50+00:00","dateModified":"2020-08-28T10:07:55+00:00","description":"Managed Print Services (MPS) von Waldis unterst\u00fctzten Sie dabei, Ihre Druck- und Wartungskosten zu reduzieren und Ihre Druckinfrastruktur zentral zu steuern.","breadcrumb":{"@id":"https:\/\/waldis-ag.ch\/printing\/managed-print-services\/#breadcrumb"},"inLanguage":"de-CH","potentialAction":[{"@type":"ReadAction","target":["https:\/\/waldis-ag.ch\/printing\/managed-print-services\/"]}]},{"@type":"BreadcrumbList","@id":"https:\/\/waldis-ag.ch\/printing\/managed-print-services\/#breadcrumb","itemListElement":[{"@type":"ListItem","position":1,"name":"Managed Print Services"}]}]}},"publishpress_future_action":{"enabled":false,"date":"1970-01-01 01:00:00","action":"","terms":[],"taxonomy":"","browser_timezone_offset":0},"_links":{"self":[{"href":"https:\/\/waldis-ag.ch\/printing\/wp-json\/wp\/v2\/pages\/10977"}],"collection":[{"href":"https:\/\/waldis-ag.ch\/printing\/wp-json\/wp\/v2\/pages"}],"about":[{"href":"https:\/\/waldis-ag.ch\/printing\/wp-json\/wp\/v2\/types\/page"}],"author":[{"embeddable":true,"href":"https:\/\/waldis-ag.ch\/printing\/wp-json\/wp\/v2\/users\/1"}],"replies":[{"embeddable":true,"href":"https:\/\/waldis-ag.ch\/printing\/wp-json\/wp\/v2\/comments?post=10977"}],"version-history":[{"count":53,"href":"https:\/\/waldis-ag.ch\/printing\/wp-json\/wp\/v2\/pages\/10977\/revisions"}],"predecessor-version":[{"id":10983,"href":"https:\/\/waldis-ag.ch\/printing\/wp-json\/wp\/v2\/pages\/10977\/revisions\/10983"}],"wp:featuredmedia":[{"embeddable":true,"href":"https:\/\/waldis-ag.ch\/printing\/wp-json\/wp\/v2\/media\/11028"}],"wp:attachment":[{"href":"https:\/\/waldis-ag.ch\/printing\/wp-json\/wp\/v2\/media?parent=10977"}],"curies":[{"name":"wp","href":"https:\/\/api.w.org\/{rel}","templated":true}]}}