{"id":10950,"date":"2018-03-27T05:48:24","date_gmt":"2018-03-27T05:48:24","guid":{"rendered":"https:\/\/waldis-ag.ch\/printing\/?page_id=10950"},"modified":"2020-11-27T09:40:59","modified_gmt":"2020-11-27T08:40:59","slug":"workflow","status":"publish","type":"page","link":"https:\/\/waldis-ag.ch\/printing\/workflow\/","title":{"rendered":"Workflow"},"content":{"rendered":"<p>[vc_row][vc_column][vc_column_text]<\/p>\n<h2><\/h2>\n<p>Document Management Workflow bezeichnet die automatisierte Einbindung von Dokumenten in Ihren Gesch\u00e4ftsprozess. Die Schnittstelle zwischen MFP und bestehenden Systemen kann nahtlos in Ihr Unternehmen integriert werden. Die Software kn\u00fcpft an die im Unternehmen bestehenden Applikationen an, um diese mit neuen M\u00f6glichkeiten f\u00fcr die Erfassung von Dokumenten zu erweitern. Der Vorteil der Software liegt darin, dass die zu erfassenden Informationen im Unternehmen (Papier- oder elektronische Dokumente) ihren Bestimmungsort im gew\u00fcnschten Format mit so wenig manueller Interaktion wie m\u00f6glich erreichen. Waldis Workflow ist eine L\u00f6sung, die ausf\u00fchrt, was Sie vorgeben.[\/vc_column_text][\/vc_column][\/vc_row][vc_row][vc_column][vc_empty_space height=&#8221;60px&#8221;][vc_single_image image=&#8221;10954&#8243; img_size=&#8221;large&#8221; alignment=&#8221;center&#8221;][vc_empty_space height=&#8221;60px&#8221;][\/vc_column][\/vc_row][vc_row][vc_column][vc_column_text]Die Daten k\u00f6nnen \u00fcber die Displayintegration des Druckger\u00e4tes, \u00fcber Hotfolder, per E-Mail abgerufen oder auch \u00fcber einen Desktop Client erfasst werden. Mit Waldis Workflow kann das Display der Druck Systeme so angepasst werden, dass Dokumente schnell und einfach am System indiziert werden k\u00f6nnen.<\/p>\n<p>Eine weitere M\u00f6glichkeit des Workflows besteht darin, Scan-Dokumente mit einer OCR-Texterkennungssoftware in durchsuchbare und editierbare Dokumente umzuwandeln, um sie automatisch in vordefinierten Ordner abzulegen oder an bestimmte E-Mail-Adressen weiterzuleiten. Auch ein Speichern in diverse Dokumenten Management Systeme (DMS)\u00a0 ist m\u00f6glich.[\/vc_column_text][\/vc_column][\/vc_row][vc_row content_aligment=&#8221;center&#8221;][vc_column][vc_empty_space height=&#8221;90px&#8221;]<a itemprop=\"url\" href=\"https:\/\/waldis-ag.ch\/printing\/document-management-system-dms\/\" target=\"_self\"  class=\"edgtf-btn edgtf-btn-medium edgtf-btn-outline\"  >\n\t<span class=\"edgtf-btn-text\">Mehr \u00fcber DMS<\/span>\n    <\/a>[vc_empty_space height=&#8221;40px&#8221;][\/vc_column][\/vc_row]<\/p>\n","protected":false},"excerpt":{"rendered":"<p>[vc_row][vc_column][vc_column_text] Document Management Workflow bezeichnet die automatisierte Einbindung von Dokumenten in Ihren Gesch\u00e4ftsprozess. Die Schnittstelle zwischen MFP und bestehenden Systemen&#8230;<\/p>\n","protected":false},"author":1,"featured_media":10962,"parent":0,"menu_order":0,"comment_status":"closed","ping_status":"closed","template":"","meta":[],"yoast_head":"<!-- This site is optimized with the Yoast SEO plugin v18.4.1 - https:\/\/yoast.com\/wordpress\/plugins\/seo\/ -->\n<title>Document Management Workflow - Waldis<\/title>\n<meta name=\"description\" content=\"Erweitern Sie Ihren MFP um eine Workflow L\u00f6sung. Mit Document Management Workflows automatisieren Sie die Einbindung von Dokumenten in Ihre Gesch\u00e4ftsprozesse.\" \/>\n<meta name=\"robots\" content=\"index, follow, max-snippet:-1, max-image-preview:large, max-video-preview:-1\" \/>\n<link rel=\"canonical\" href=\"https:\/\/waldis-ag.ch\/printing\/workflow\/\" \/>\n<meta property=\"og:locale\" content=\"de_DE\" \/>\n<meta property=\"og:type\" content=\"article\" \/>\n<meta property=\"og:title\" content=\"Document Management Workflow - Waldis\" \/>\n<meta property=\"og:description\" content=\"Erweitern Sie Ihren MFP um eine Workflow L\u00f6sung. Mit Document Management Workflows automatisieren Sie die Einbindung von Dokumenten in Ihre Gesch\u00e4ftsprozesse.\" \/>\n<meta property=\"og:url\" content=\"https:\/\/waldis-ag.ch\/printing\/workflow\/\" \/>\n<meta property=\"og:site_name\" content=\"Waldis\" \/>\n<meta property=\"article:modified_time\" content=\"2020-11-27T08:40:59+00:00\" \/>\n<meta property=\"og:image\" content=\"https:\/\/waldis-ag.ch\/printing\/wp-content\/uploads\/sites\/7\/2018\/03\/printing-workflow-waldis_02.jpg\" \/>\n\t<meta property=\"og:image:width\" content=\"2600\" \/>\n\t<meta property=\"og:image:height\" content=\"1733\" \/>\n\t<meta property=\"og:image:type\" content=\"image\/jpeg\" \/>\n<meta name=\"twitter:card\" content=\"summary_large_image\" \/>\n<meta name=\"twitter:label1\" content=\"Est. reading time\" \/>\n\t<meta name=\"twitter:data1\" content=\"1 Minute\" \/>\n<script type=\"application\/ld+json\" class=\"yoast-schema-graph\">{\"@context\":\"https:\/\/schema.org\",\"@graph\":[{\"@type\":\"WebSite\",\"@id\":\"https:\/\/waldis-ag.ch\/printing\/#website\",\"url\":\"https:\/\/waldis-ag.ch\/printing\/\",\"name\":\"Waldis\",\"description\":\"\",\"potentialAction\":[{\"@type\":\"SearchAction\",\"target\":{\"@type\":\"EntryPoint\",\"urlTemplate\":\"https:\/\/waldis-ag.ch\/printing\/?s={search_term_string}\"},\"query-input\":\"required name=search_term_string\"}],\"inLanguage\":\"de-CH\"},{\"@type\":\"ImageObject\",\"@id\":\"https:\/\/waldis-ag.ch\/printing\/workflow\/#primaryimage\",\"inLanguage\":\"de-CH\",\"url\":\"https:\/\/waldis-ag.ch\/printing\/wp-content\/uploads\/sites\/7\/2018\/03\/printing-workflow-waldis_02.jpg\",\"contentUrl\":\"https:\/\/waldis-ag.ch\/printing\/wp-content\/uploads\/sites\/7\/2018\/03\/printing-workflow-waldis_02.jpg\",\"width\":2600,\"height\":1733,\"caption\":\"Document Management Workflow\"},{\"@type\":\"WebPage\",\"@id\":\"https:\/\/waldis-ag.ch\/printing\/workflow\/#webpage\",\"url\":\"https:\/\/waldis-ag.ch\/printing\/workflow\/\",\"name\":\"Document Management Workflow - Waldis\",\"isPartOf\":{\"@id\":\"https:\/\/waldis-ag.ch\/printing\/#website\"},\"primaryImageOfPage\":{\"@id\":\"https:\/\/waldis-ag.ch\/printing\/workflow\/#primaryimage\"},\"datePublished\":\"2018-03-27T05:48:24+00:00\",\"dateModified\":\"2020-11-27T08:40:59+00:00\",\"description\":\"Erweitern Sie Ihren MFP um eine Workflow L\u00f6sung. Mit Document Management Workflows automatisieren Sie die Einbindung von Dokumenten in Ihre Gesch\u00e4ftsprozesse.\",\"breadcrumb\":{\"@id\":\"https:\/\/waldis-ag.ch\/printing\/workflow\/#breadcrumb\"},\"inLanguage\":\"de-CH\",\"potentialAction\":[{\"@type\":\"ReadAction\",\"target\":[\"https:\/\/waldis-ag.ch\/printing\/workflow\/\"]}]},{\"@type\":\"BreadcrumbList\",\"@id\":\"https:\/\/waldis-ag.ch\/printing\/workflow\/#breadcrumb\",\"itemListElement\":[{\"@type\":\"ListItem\",\"position\":1,\"name\":\"Workflow\"}]}]}<\/script>\n<!-- \/ Yoast SEO plugin. -->","yoast_head_json":{"title":"Document Management Workflow - Waldis","description":"Erweitern Sie Ihren MFP um eine Workflow L\u00f6sung. Mit Document Management Workflows automatisieren Sie die Einbindung von Dokumenten in Ihre Gesch\u00e4ftsprozesse.","robots":{"index":"index","follow":"follow","max-snippet":"max-snippet:-1","max-image-preview":"max-image-preview:large","max-video-preview":"max-video-preview:-1"},"canonical":"https:\/\/waldis-ag.ch\/printing\/workflow\/","og_locale":"de_DE","og_type":"article","og_title":"Document Management Workflow - Waldis","og_description":"Erweitern Sie Ihren MFP um eine Workflow L\u00f6sung. Mit Document Management Workflows automatisieren Sie die Einbindung von Dokumenten in Ihre Gesch\u00e4ftsprozesse.","og_url":"https:\/\/waldis-ag.ch\/printing\/workflow\/","og_site_name":"Waldis","article_modified_time":"2020-11-27T08:40:59+00:00","og_image":[{"width":2600,"height":1733,"url":"https:\/\/waldis-ag.ch\/printing\/wp-content\/uploads\/sites\/7\/2018\/03\/printing-workflow-waldis_02.jpg","type":"image\/jpeg"}],"twitter_card":"summary_large_image","twitter_misc":{"Est. reading time":"1 Minute"},"schema":{"@context":"https:\/\/schema.org","@graph":[{"@type":"WebSite","@id":"https:\/\/waldis-ag.ch\/printing\/#website","url":"https:\/\/waldis-ag.ch\/printing\/","name":"Waldis","description":"","potentialAction":[{"@type":"SearchAction","target":{"@type":"EntryPoint","urlTemplate":"https:\/\/waldis-ag.ch\/printing\/?s={search_term_string}"},"query-input":"required name=search_term_string"}],"inLanguage":"de-CH"},{"@type":"ImageObject","@id":"https:\/\/waldis-ag.ch\/printing\/workflow\/#primaryimage","inLanguage":"de-CH","url":"https:\/\/waldis-ag.ch\/printing\/wp-content\/uploads\/sites\/7\/2018\/03\/printing-workflow-waldis_02.jpg","contentUrl":"https:\/\/waldis-ag.ch\/printing\/wp-content\/uploads\/sites\/7\/2018\/03\/printing-workflow-waldis_02.jpg","width":2600,"height":1733,"caption":"Document Management Workflow"},{"@type":"WebPage","@id":"https:\/\/waldis-ag.ch\/printing\/workflow\/#webpage","url":"https:\/\/waldis-ag.ch\/printing\/workflow\/","name":"Document Management Workflow - Waldis","isPartOf":{"@id":"https:\/\/waldis-ag.ch\/printing\/#website"},"primaryImageOfPage":{"@id":"https:\/\/waldis-ag.ch\/printing\/workflow\/#primaryimage"},"datePublished":"2018-03-27T05:48:24+00:00","dateModified":"2020-11-27T08:40:59+00:00","description":"Erweitern Sie Ihren MFP um eine Workflow L\u00f6sung. Mit Document Management Workflows automatisieren Sie die Einbindung von Dokumenten in Ihre Gesch\u00e4ftsprozesse.","breadcrumb":{"@id":"https:\/\/waldis-ag.ch\/printing\/workflow\/#breadcrumb"},"inLanguage":"de-CH","potentialAction":[{"@type":"ReadAction","target":["https:\/\/waldis-ag.ch\/printing\/workflow\/"]}]},{"@type":"BreadcrumbList","@id":"https:\/\/waldis-ag.ch\/printing\/workflow\/#breadcrumb","itemListElement":[{"@type":"ListItem","position":1,"name":"Workflow"}]}]}},"publishpress_future_action":{"enabled":false,"date":"1970-01-01 01:00:00","action":"","terms":[],"taxonomy":"","browser_timezone_offset":0},"_links":{"self":[{"href":"https:\/\/waldis-ag.ch\/printing\/wp-json\/wp\/v2\/pages\/10950"}],"collection":[{"href":"https:\/\/waldis-ag.ch\/printing\/wp-json\/wp\/v2\/pages"}],"about":[{"href":"https:\/\/waldis-ag.ch\/printing\/wp-json\/wp\/v2\/types\/page"}],"author":[{"embeddable":true,"href":"https:\/\/waldis-ag.ch\/printing\/wp-json\/wp\/v2\/users\/1"}],"replies":[{"embeddable":true,"href":"https:\/\/waldis-ag.ch\/printing\/wp-json\/wp\/v2\/comments?post=10950"}],"version-history":[{"count":31,"href":"https:\/\/waldis-ag.ch\/printing\/wp-json\/wp\/v2\/pages\/10950\/revisions"}],"predecessor-version":[{"id":14767,"href":"https:\/\/waldis-ag.ch\/printing\/wp-json\/wp\/v2\/pages\/10950\/revisions\/14767"}],"wp:featuredmedia":[{"embeddable":true,"href":"https:\/\/waldis-ag.ch\/printing\/wp-json\/wp\/v2\/media\/10962"}],"wp:attachment":[{"href":"https:\/\/waldis-ag.ch\/printing\/wp-json\/wp\/v2\/media?parent=10950"}],"curies":[{"name":"wp","href":"https:\/\/api.w.org\/{rel}","templated":true}]}}